{"id":1466,"date":"2022-12-18T15:07:58","date_gmt":"2022-12-18T14:07:58","guid":{"rendered":"https:\/\/cpaint.ch\/kundenservice\/"},"modified":"2024-06-09T14:04:21","modified_gmt":"2024-06-09T12:04:21","slug":"kundenservice","status":"publish","type":"page","link":"https:\/\/cpaint.ch\/es\/kundenservice\/","title":{"rendered":"Servicio al Cliente"},"content":{"rendered":"<div class=\"row\">\n<div class=\"col-md-12\">\n<ul class=\"pricing-table standard\">\n<li class=\"title\">\n<h2>Espectro de rendimiento<\/p>\n<h2>\n<span><\/span>\n<\/li>\n<li>\n<p>Seleccionando la obra<\/p>\n<\/li>\n<li>\n<p>Determinaci\u00f3n del tama\u00f1o<\/p>\n<\/li>\n<li>\n<p>Determinaci\u00f3n del lienzo<\/p>\n<\/li>\n<li>\n<p>Consejos de estilo<\/p>\n<\/li>\n<li>\n<p>Enmarcar la obra de arte<\/p>\n<\/li>\n<li>\n<p>Consejos sobre el marco de estudio o marco barroco<\/p>\n<\/li>\n<li>\n<p>Embalaje seguro para el transporte<\/p>\n<\/li>\n<li>\n<p>Env\u00edo asegurado por nuestra cuenta<\/p>\n<\/li>\n<li>\n<p>Entrega personal de im\u00e1genes grandes<\/p>\n<\/li>\n<li>\n<p>Instalaci\u00f3n del cuadro en tus paredes con profesionales\n<\/p>\n<\/li>\n<li>\n<p>Procesamiento y eliminaci\u00f3n sostenible de materiales de embalaje<\/p>\n<\/li>\n<\/ul>\n<\/div>\n<\/div>\n<h3>Servicio de recogida<\/h3>\n<p>Transportamos sus materiales reciclables de forma fiable y puntual a todo el mundo con una empresa de transporte\/mensajer\u00eda certificada. Transportaremos sus mercanc\u00edas libres de impuestos. Todos nuestros objetos de valor se transportan en cajas de transporte de objetos de valor designadas con rastreadores GPS.<\/p>\n","protected":false},"excerpt":{"rendered":"<p>Espectro de rendimiento Seleccionando la obra Determinaci\u00f3n del tama\u00f1o Determinaci\u00f3n del lienzo Consejos de estilo Enmarcar la obra de arte Consejos sobre el marco de estudio o marco barroco Embalaje seguro para el transporte Env\u00edo asegurado por nuestra cuenta Entrega personal de im\u00e1genes grandes Instalaci\u00f3n del cuadro en tus paredes con profesionales Procesamiento y eliminaci\u00f3n [&#8230;]<\/p>\n","protected":false},"author":2,"featured_media":0,"parent":0,"menu_order":0,"comment_status":"closed","ping_status":"closed","template":"","meta":{"_themeisle_gutenberg_block_has_review":false,"footnotes":""},"class_list":["post-1466","page","type-page","status-publish","hentry"],"yoast_head":"<!-- This site is optimized with the Yoast SEO plugin v27.4 - https:\/\/yoast.com\/product\/yoast-seo-wordpress\/ -->\n<title>Servicio al Cliente - CPaint.CH<\/title>\n<meta name=\"robots\" content=\"index, follow, max-snippet:-1, max-image-preview:large, max-video-preview:-1\" \/>\n<link rel=\"canonical\" href=\"https:\/\/cpaint.ch\/es\/kundenservice\/\" \/>\n<meta property=\"og:locale\" content=\"es_ES\" \/>\n<meta property=\"og:type\" content=\"article\" \/>\n<meta property=\"og:title\" content=\"Servicio al Cliente - CPaint.CH\" \/>\n<meta property=\"og:description\" content=\"Espectro de rendimiento Seleccionando la obra Determinaci\u00f3n del tama\u00f1o Determinaci\u00f3n del lienzo Consejos de estilo Enmarcar la obra de arte Consejos sobre el marco de estudio o marco barroco Embalaje seguro para el transporte Env\u00edo asegurado por nuestra cuenta Entrega personal de im\u00e1genes grandes Instalaci\u00f3n del cuadro en tus paredes con profesionales Procesamiento y eliminaci\u00f3n [...]\" \/>\n<meta property=\"og:url\" content=\"https:\/\/cpaint.ch\/es\/kundenservice\/\" \/>\n<meta property=\"og:site_name\" content=\"CPaint.CH\" \/>\n<meta property=\"article:modified_time\" content=\"2024-06-09T12:04:21+00:00\" \/>\n<meta name=\"twitter:card\" content=\"summary_large_image\" \/>\n<meta name=\"twitter:label1\" content=\"Tiempo de lectura\" \/>\n\t<meta name=\"twitter:data1\" content=\"1 minuto\" \/>\n<script type=\"application\/ld+json\" class=\"yoast-schema-graph\">{\"@context\":\"https:\\\/\\\/schema.org\",\"@graph\":[{\"@type\":\"WebPage\",\"@id\":\"https:\\\/\\\/cpaint.ch\\\/es\\\/kundenservice\\\/\",\"url\":\"https:\\\/\\\/cpaint.ch\\\/es\\\/kundenservice\\\/\",\"name\":\"Servicio al Cliente - CPaint.CH\",\"isPartOf\":{\"@id\":\"https:\\\/\\\/cpaint.ch\\\/#website\"},\"datePublished\":\"2022-12-18T14:07:58+00:00\",\"dateModified\":\"2024-06-09T12:04:21+00:00\",\"breadcrumb\":{\"@id\":\"https:\\\/\\\/cpaint.ch\\\/es\\\/kundenservice\\\/#breadcrumb\"},\"inLanguage\":\"es\",\"potentialAction\":[{\"@type\":\"ReadAction\",\"target\":[\"https:\\\/\\\/cpaint.ch\\\/es\\\/kundenservice\\\/\"]}]},{\"@type\":\"BreadcrumbList\",\"@id\":\"https:\\\/\\\/cpaint.ch\\\/es\\\/kundenservice\\\/#breadcrumb\",\"itemListElement\":[{\"@type\":\"ListItem\",\"position\":1,\"name\":\"Startseite\",\"item\":\"https:\\\/\\\/cpaint.ch\\\/es\\\/\"},{\"@type\":\"ListItem\",\"position\":2,\"name\":\"Servicio al Cliente\"}]},{\"@type\":\"WebSite\",\"@id\":\"https:\\\/\\\/cpaint.ch\\\/#website\",\"url\":\"https:\\\/\\\/cpaint.ch\\\/\",\"name\":\"CPaint.CH\",\"description\":\"\",\"potentialAction\":[{\"@type\":\"SearchAction\",\"target\":{\"@type\":\"EntryPoint\",\"urlTemplate\":\"https:\\\/\\\/cpaint.ch\\\/?s={search_term_string}\"},\"query-input\":{\"@type\":\"PropertyValueSpecification\",\"valueRequired\":true,\"valueName\":\"search_term_string\"}}],\"inLanguage\":\"es\"}]}<\/script>\n<!-- \/ Yoast SEO plugin. -->","yoast_head_json":{"title":"Servicio al Cliente - CPaint.CH","robots":{"index":"index","follow":"follow","max-snippet":"max-snippet:-1","max-image-preview":"max-image-preview:large","max-video-preview":"max-video-preview:-1"},"canonical":"https:\/\/cpaint.ch\/es\/kundenservice\/","og_locale":"es_ES","og_type":"article","og_title":"Servicio al Cliente - CPaint.CH","og_description":"Espectro de rendimiento Seleccionando la obra Determinaci\u00f3n del tama\u00f1o Determinaci\u00f3n del lienzo Consejos de estilo Enmarcar la obra de arte Consejos sobre el marco de estudio o marco barroco Embalaje seguro para el transporte Env\u00edo asegurado por nuestra cuenta Entrega personal de im\u00e1genes grandes Instalaci\u00f3n del cuadro en tus paredes con profesionales Procesamiento y eliminaci\u00f3n [...]","og_url":"https:\/\/cpaint.ch\/es\/kundenservice\/","og_site_name":"CPaint.CH","article_modified_time":"2024-06-09T12:04:21+00:00","twitter_card":"summary_large_image","twitter_misc":{"Tiempo de lectura":"1 minuto"},"schema":{"@context":"https:\/\/schema.org","@graph":[{"@type":"WebPage","@id":"https:\/\/cpaint.ch\/es\/kundenservice\/","url":"https:\/\/cpaint.ch\/es\/kundenservice\/","name":"Servicio al Cliente - CPaint.CH","isPartOf":{"@id":"https:\/\/cpaint.ch\/#website"},"datePublished":"2022-12-18T14:07:58+00:00","dateModified":"2024-06-09T12:04:21+00:00","breadcrumb":{"@id":"https:\/\/cpaint.ch\/es\/kundenservice\/#breadcrumb"},"inLanguage":"es","potentialAction":[{"@type":"ReadAction","target":["https:\/\/cpaint.ch\/es\/kundenservice\/"]}]},{"@type":"BreadcrumbList","@id":"https:\/\/cpaint.ch\/es\/kundenservice\/#breadcrumb","itemListElement":[{"@type":"ListItem","position":1,"name":"Startseite","item":"https:\/\/cpaint.ch\/es\/"},{"@type":"ListItem","position":2,"name":"Servicio al Cliente"}]},{"@type":"WebSite","@id":"https:\/\/cpaint.ch\/#website","url":"https:\/\/cpaint.ch\/","name":"CPaint.CH","description":"","potentialAction":[{"@type":"SearchAction","target":{"@type":"EntryPoint","urlTemplate":"https:\/\/cpaint.ch\/?s={search_term_string}"},"query-input":{"@type":"PropertyValueSpecification","valueRequired":true,"valueName":"search_term_string"}}],"inLanguage":"es"}]}},"_links":{"self":[{"href":"https:\/\/cpaint.ch\/es\/wp-json\/wp\/v2\/pages\/1466","targetHints":{"allow":["GET"]}}],"collection":[{"href":"https:\/\/cpaint.ch\/es\/wp-json\/wp\/v2\/pages"}],"about":[{"href":"https:\/\/cpaint.ch\/es\/wp-json\/wp\/v2\/types\/page"}],"author":[{"embeddable":true,"href":"https:\/\/cpaint.ch\/es\/wp-json\/wp\/v2\/users\/2"}],"replies":[{"embeddable":true,"href":"https:\/\/cpaint.ch\/es\/wp-json\/wp\/v2\/comments?post=1466"}],"version-history":[{"count":2,"href":"https:\/\/cpaint.ch\/es\/wp-json\/wp\/v2\/pages\/1466\/revisions"}],"predecessor-version":[{"id":1499,"href":"https:\/\/cpaint.ch\/es\/wp-json\/wp\/v2\/pages\/1466\/revisions\/1499"}],"wp:attachment":[{"href":"https:\/\/cpaint.ch\/es\/wp-json\/wp\/v2\/media?parent=1466"}],"curies":[{"name":"wp","href":"https:\/\/api.w.org\/{rel}","templated":true}]}}