{"id":1467,"date":"2022-12-18T14:36:54","date_gmt":"2022-12-18T13:36:54","guid":{"rendered":"https:\/\/cpaint.ch\/transport-service\/"},"modified":"2024-06-09T14:18:24","modified_gmt":"2024-06-09T12:18:24","slug":"transport-service","status":"publish","type":"page","link":"https:\/\/cpaint.ch\/es\/transport-service\/","title":{"rendered":"Servicio de transporte"},"content":{"rendered":"<h3>Servicio de transporte<\/h3>\n<p>CPaint.CH ofrece cada d\u00eda a sus clientes soluciones completas e individuales en el \u00e1mbito del env\u00edo nacional e internacional. Nos aseguramos de que los productos de env\u00edo sean recogidos o entregados en la fecha especificada. Siempre estar\u00e1 \u00abactualizado\u00bb y podr\u00e1 realizar un seguimiento del env\u00edo a trav\u00e9s del estado de seguimiento. CPaint.CH organiza todo el transporte necesario de objetos de valor desde usted hasta nosotros con env\u00edo asegurado. Como su socio de sistemas, nos encargamos de todo el transporte de sus metales preciosos. Llevamos a\u00f1os trabajando con un especialista en sistemas para garantizar un transporte fiable de objetos de valor.<\/p>\n<h3>Sostenibilidad<\/h3>\n<p>Organizamos viajes diarios de mensajer\u00eda para nuestros clientes y los coordinamos con nuestros transportistas. Todas las recogidas y entregas est\u00e1n organizadas para que todos los viajes se realicen de forma sostenible y con el m\u00e1s alto nivel de seguridad. Las cadenas de suministro sostenibles son un factor central para un transporte respetuoso con el clima. Ampliando la electromovilidad y los camiones de bajas emisiones se puede influir positivamente en el impacto sobre el medio ambiente. La digitalizaci\u00f3n est\u00e1 ganando impulso en todos los sectores y no se limita a la log\u00edstica. Las tecnolog\u00edas digitales como la inteligencia artificial est\u00e1n en auge y desempe\u00f1an un papel cada vez m\u00e1s importante en todo, desde la organizaci\u00f3n hasta el seguimiento del flujo de mercanc\u00edas.<\/p>\n<h3>Servicio de transporte<\/h3>\n<p>La econom\u00eda global requiere soluciones nuevas e individuales. Si se deben enviar objetos de valor asegurados, esto puede ser necesario no s\u00f3lo a nivel nacional sino tambi\u00e9n internacional. La organizaci\u00f3n exacta de la cadena de transporte o de la oferta de servicios de mensajer\u00eda juega un papel importante.<\/p>\n<p>CPaint.CH garantiza que sus objetos de valor est\u00e9n siempre en las mejores manos. Transportamos mercanc\u00edas sensibles y contenidos valiosos en el transporte de pasajeros con competencia y sensibilidad. Nuestros transportes se basan en seguros, pruebas y servicios garantizados y no en suposiciones.<\/p>\n<h3>Servicio de entrega<\/h3>\n<p>Desde el momento en que su env\u00edo se entrega a nuestro socio de sistemas, puede confiar en el cumplimiento de los acuerdos contractuales. En CPaint.CH vamos un paso m\u00e1s all\u00e1 y ofrecemos a nuestros clientes una seguridad integral mediante un seguimiento preciso de sus env\u00edos. Puedes ver la posici\u00f3n espec\u00edfica en el estado de seguimiento. Cuando entregue el env\u00edo, recibir\u00e1 un n\u00famero de seguimiento que podr\u00e1 utilizar usted mismo y pas\u00e1rselo al destinatario.<\/p>\n<h3>Servicio de recogida<\/h3>\n<p>Desde el momento en que su env\u00edo se entrega a nuestro socio de sistemas, puede confiar en el cumplimiento de los acuerdos contractuales. En CPaint.CH vamos un paso m\u00e1s all\u00e1 y ofrecemos a nuestros clientes una seguridad integral a trav\u00e9s de un seguimiento preciso de sus env\u00edos. Puede ver la posici\u00f3n espec\u00edfica en el estado de seguimiento. Cuando entregue el env\u00edo, recibir\u00e1 un n\u00famero de seguimiento que podr\u00e1 utilizar usted mismo y pas\u00e1rselo al destinatario.<\/p>\n<p>El registro es r\u00e1pido y sencillo y le da derecho a realizar un seguimiento inmediato de su env\u00edo y convencerse de nuestra competencia y fiabilidad en el cumplimiento de las fechas de entrega.<\/p>\n<h3>Pista GPS<\/h3>\n<p>Siempre estar\u00e1 actualizado y podr\u00e1 realizar un seguimiento del env\u00edo a trav\u00e9s del estado de seguimiento. Desde el momento en que su env\u00edo se entrega al proveedor de servicios log\u00edsticos, puede confiar en el cumplimiento de los acuerdos contractuales. En DG Transporte vamos un paso m\u00e1s all\u00e1 y ofrecemos a nuestros clientes una seguridad integral a trav\u00e9s de un seguimiento preciso del env\u00edo. \u00bfLe gustar\u00eda saber d\u00f3nde se encuentra actualmente su paquete o palet? Puede ver la posici\u00f3n espec\u00edfica en el estado de seguimiento. Cuando entregue el env\u00edo, recibir\u00e1 un n\u00famero de seguimiento que podr\u00e1 utilizar usted mismo y pas\u00e1rselo al destinatario.<\/p>\n<p>Tambi\u00e9n podr\u00e1s realizar un seguimiento de nuestros viajes de mensajer\u00eda y conocer el estado actual del env\u00edo en cualquier momento. Como proveedor de servicios completos, somos su interlocutor central y competente para transportes grandes y peque\u00f1os, env\u00edo de pal\u00e9s y servicios log\u00edsticos individuales y personalizados.<\/p>\n","protected":false},"excerpt":{"rendered":"<p>Servicio de transporte CPaint.CH ofrece cada d\u00eda a sus clientes soluciones completas e individuales en el \u00e1mbito del env\u00edo nacional e internacional. Nos aseguramos de que los productos de env\u00edo sean recogidos o entregados en la fecha especificada. Siempre estar\u00e1 \u00abactualizado\u00bb y podr\u00e1 realizar un seguimiento del env\u00edo a trav\u00e9s del estado de seguimiento. CPaint.CH [&#8230;]<\/p>\n","protected":false},"author":2,"featured_media":0,"parent":0,"menu_order":0,"comment_status":"closed","ping_status":"closed","template":"","meta":{"_themeisle_gutenberg_block_has_review":false,"footnotes":""},"class_list":["post-1467","page","type-page","status-publish","hentry"],"yoast_head":"<!-- This site is optimized with the Yoast SEO plugin v27.4 - https:\/\/yoast.com\/product\/yoast-seo-wordpress\/ -->\n<title>Servicio de transporte - CPaint.CH<\/title>\n<meta name=\"robots\" content=\"index, follow, max-snippet:-1, max-image-preview:large, max-video-preview:-1\" \/>\n<link rel=\"canonical\" href=\"https:\/\/cpaint.ch\/es\/transport-service\/\" \/>\n<meta property=\"og:locale\" content=\"es_ES\" \/>\n<meta property=\"og:type\" content=\"article\" \/>\n<meta property=\"og:title\" content=\"Servicio de transporte - CPaint.CH\" \/>\n<meta property=\"og:description\" content=\"Servicio de transporte CPaint.CH ofrece cada d\u00eda a sus clientes soluciones completas e individuales en el \u00e1mbito del env\u00edo nacional e internacional. Nos aseguramos de que los productos de env\u00edo sean recogidos o entregados en la fecha especificada. Siempre estar\u00e1 \u00abactualizado\u00bb y podr\u00e1 realizar un seguimiento del env\u00edo a trav\u00e9s del estado de seguimiento. CPaint.CH [...]\" \/>\n<meta property=\"og:url\" content=\"https:\/\/cpaint.ch\/es\/transport-service\/\" \/>\n<meta property=\"og:site_name\" content=\"CPaint.CH\" \/>\n<meta property=\"article:modified_time\" content=\"2024-06-09T12:18:24+00:00\" \/>\n<meta name=\"twitter:card\" content=\"summary_large_image\" \/>\n<meta name=\"twitter:label1\" content=\"Tiempo de lectura\" \/>\n\t<meta name=\"twitter:data1\" content=\"3 minutos\" \/>\n<script type=\"application\/ld+json\" class=\"yoast-schema-graph\">{\"@context\":\"https:\\\/\\\/schema.org\",\"@graph\":[{\"@type\":\"WebPage\",\"@id\":\"https:\\\/\\\/cpaint.ch\\\/es\\\/transport-service\\\/\",\"url\":\"https:\\\/\\\/cpaint.ch\\\/es\\\/transport-service\\\/\",\"name\":\"Servicio de transporte - CPaint.CH\",\"isPartOf\":{\"@id\":\"https:\\\/\\\/cpaint.ch\\\/#website\"},\"datePublished\":\"2022-12-18T13:36:54+00:00\",\"dateModified\":\"2024-06-09T12:18:24+00:00\",\"breadcrumb\":{\"@id\":\"https:\\\/\\\/cpaint.ch\\\/es\\\/transport-service\\\/#breadcrumb\"},\"inLanguage\":\"es\",\"potentialAction\":[{\"@type\":\"ReadAction\",\"target\":[\"https:\\\/\\\/cpaint.ch\\\/es\\\/transport-service\\\/\"]}]},{\"@type\":\"BreadcrumbList\",\"@id\":\"https:\\\/\\\/cpaint.ch\\\/es\\\/transport-service\\\/#breadcrumb\",\"itemListElement\":[{\"@type\":\"ListItem\",\"position\":1,\"name\":\"Startseite\",\"item\":\"https:\\\/\\\/cpaint.ch\\\/es\\\/\"},{\"@type\":\"ListItem\",\"position\":2,\"name\":\"Servicio de transporte\"}]},{\"@type\":\"WebSite\",\"@id\":\"https:\\\/\\\/cpaint.ch\\\/#website\",\"url\":\"https:\\\/\\\/cpaint.ch\\\/\",\"name\":\"CPaint.CH\",\"description\":\"\",\"potentialAction\":[{\"@type\":\"SearchAction\",\"target\":{\"@type\":\"EntryPoint\",\"urlTemplate\":\"https:\\\/\\\/cpaint.ch\\\/?s={search_term_string}\"},\"query-input\":{\"@type\":\"PropertyValueSpecification\",\"valueRequired\":true,\"valueName\":\"search_term_string\"}}],\"inLanguage\":\"es\"}]}<\/script>\n<!-- \/ Yoast SEO plugin. -->","yoast_head_json":{"title":"Servicio de transporte - CPaint.CH","robots":{"index":"index","follow":"follow","max-snippet":"max-snippet:-1","max-image-preview":"max-image-preview:large","max-video-preview":"max-video-preview:-1"},"canonical":"https:\/\/cpaint.ch\/es\/transport-service\/","og_locale":"es_ES","og_type":"article","og_title":"Servicio de transporte - CPaint.CH","og_description":"Servicio de transporte CPaint.CH ofrece cada d\u00eda a sus clientes soluciones completas e individuales en el \u00e1mbito del env\u00edo nacional e internacional. Nos aseguramos de que los productos de env\u00edo sean recogidos o entregados en la fecha especificada. Siempre estar\u00e1 \u00abactualizado\u00bb y podr\u00e1 realizar un seguimiento del env\u00edo a trav\u00e9s del estado de seguimiento. CPaint.CH [...]","og_url":"https:\/\/cpaint.ch\/es\/transport-service\/","og_site_name":"CPaint.CH","article_modified_time":"2024-06-09T12:18:24+00:00","twitter_card":"summary_large_image","twitter_misc":{"Tiempo de lectura":"3 minutos"},"schema":{"@context":"https:\/\/schema.org","@graph":[{"@type":"WebPage","@id":"https:\/\/cpaint.ch\/es\/transport-service\/","url":"https:\/\/cpaint.ch\/es\/transport-service\/","name":"Servicio de transporte - CPaint.CH","isPartOf":{"@id":"https:\/\/cpaint.ch\/#website"},"datePublished":"2022-12-18T13:36:54+00:00","dateModified":"2024-06-09T12:18:24+00:00","breadcrumb":{"@id":"https:\/\/cpaint.ch\/es\/transport-service\/#breadcrumb"},"inLanguage":"es","potentialAction":[{"@type":"ReadAction","target":["https:\/\/cpaint.ch\/es\/transport-service\/"]}]},{"@type":"BreadcrumbList","@id":"https:\/\/cpaint.ch\/es\/transport-service\/#breadcrumb","itemListElement":[{"@type":"ListItem","position":1,"name":"Startseite","item":"https:\/\/cpaint.ch\/es\/"},{"@type":"ListItem","position":2,"name":"Servicio de transporte"}]},{"@type":"WebSite","@id":"https:\/\/cpaint.ch\/#website","url":"https:\/\/cpaint.ch\/","name":"CPaint.CH","description":"","potentialAction":[{"@type":"SearchAction","target":{"@type":"EntryPoint","urlTemplate":"https:\/\/cpaint.ch\/?s={search_term_string}"},"query-input":{"@type":"PropertyValueSpecification","valueRequired":true,"valueName":"search_term_string"}}],"inLanguage":"es"}]}},"_links":{"self":[{"href":"https:\/\/cpaint.ch\/es\/wp-json\/wp\/v2\/pages\/1467","targetHints":{"allow":["GET"]}}],"collection":[{"href":"https:\/\/cpaint.ch\/es\/wp-json\/wp\/v2\/pages"}],"about":[{"href":"https:\/\/cpaint.ch\/es\/wp-json\/wp\/v2\/types\/page"}],"author":[{"embeddable":true,"href":"https:\/\/cpaint.ch\/es\/wp-json\/wp\/v2\/users\/2"}],"replies":[{"embeddable":true,"href":"https:\/\/cpaint.ch\/es\/wp-json\/wp\/v2\/comments?post=1467"}],"version-history":[{"count":1,"href":"https:\/\/cpaint.ch\/es\/wp-json\/wp\/v2\/pages\/1467\/revisions"}],"predecessor-version":[{"id":1511,"href":"https:\/\/cpaint.ch\/es\/wp-json\/wp\/v2\/pages\/1467\/revisions\/1511"}],"wp:attachment":[{"href":"https:\/\/cpaint.ch\/es\/wp-json\/wp\/v2\/media?parent=1467"}],"curies":[{"name":"wp","href":"https:\/\/api.w.org\/{rel}","templated":true}]}}