{"id":1468,"date":"2022-11-22T17:50:18","date_gmt":"2022-11-22T16:50:18","guid":{"rendered":"https:\/\/cpaint.ch\/agb\/"},"modified":"2024-06-09T11:25:04","modified_gmt":"2024-06-09T09:25:04","slug":"condiciones-generales","status":"publish","type":"page","link":"https:\/\/cpaint.ch\/es\/condiciones-generales\/","title":{"rendered":"Condiciones generales"},"content":{"rendered":"<h2>T\u00e9rminos y condiciones generales de CPaint.CH<\/h2>\n<p><strong>1. T\u00e9rminos aplicables<\/strong><\/p>\n<p><strong>1.1<\/strong> Los siguientes t\u00e9rminos y condiciones se aplican a todos los contratos con CPaint.CH, incluso si ya no se mencionan en contratos posteriores. Tambi\u00e9n se aplican si el socio contractual hace referencia a sus propios t\u00e9rminos y condiciones, en particular al aceptar la confirmaci\u00f3n del pedido, a menos que se hayan acordado expresamente por escrito. Los acuerdos subsidiarios o garant\u00edas por parte de representantes de CPaint.CH que no cumplan con el contenido de estas condiciones deber\u00e1n acordarse por escrito. Esto tambi\u00e9n se aplica a todas las relaciones comerciales futuras, a menos que se considere que toda la relaci\u00f3n comercial ha finalizado definitivamente para ambas partes.<\/p>\n<p><strong>2. Nuevos clientes<\/strong><\/p>\n<p><strong>2.1<\/strong> Sistema de Gesti\u00f3n de Cumplimiento. CPaint.CH funciona seg\u00fan un sistema de gesti\u00f3n de cumplimiento, abreviado CMS. Se trata del conjunto de medidas, estructuras y procesos establecidos en una organizaci\u00f3n para garantizar el cumplimiento de las normas, que pueden incluir normas jur\u00eddicamente vinculantes y \u00e9ticas. Sin una verificaci\u00f3n de debida diligencia, no se aceptar\u00e1 ning\u00fan nuevo cliente o postor y sin una verificaci\u00f3n de debida diligencia aprobada, se excluir\u00e1 la compra o venta de metales.<\/p>\n<p><strong>3. Aceptaci\u00f3n de pedidos y solicitudes<\/strong><\/strong><\/p>\n<p><strong>3.1<\/strong> El contrato s\u00f3lo se concluye cuando CPaint.CH refrenda la solicitud del cliente o con el primer acto de cumplimiento. Si la confirmaci\u00f3n del pedido contiene desviaciones de la informaci\u00f3n proporcionada por el comprador, el comprador est\u00e1 obligado a corregir esta informaci\u00f3n dentro de las dos semanas posteriores a la realizaci\u00f3n del pedido. En caso contrario, el contrato se har\u00e1 efectivo con las condiciones contenidas en la confirmaci\u00f3n del pedido.<\/p>\n<p><strong>4. Condiciones de compra<\/strong><\/p>\n<p><strong>4.1<\/strong> CPaint.CH s\u00f3lo compra productos con la condici\u00f3n de que se los entreguen para su inspecci\u00f3n. Si la mercanc\u00eda entregada o enviada no cumple los requisitos, ser\u00e1 devuelta por cuenta del remitente. El cliente recibir\u00e1 las condiciones antes del env\u00edo.<\/p>\n<p><strong>4.2<\/strong> El cliente debe poder proporcionar pruebas completas del origen de la mercanc\u00eda. Aqu\u00ed el cliente debe proporcionar pruebas que permitan sacar conclusiones claras sobre el reciclaje de los metales, as\u00ed como cu\u00e1ndo y d\u00f3nde reciclaron los productos. El vendedor demuestra ante CPaint.CH y garantiza que los productos no provienen de actividades delictivas.<\/p>\n<p><strong>4.3<\/strong> Si los productos de CPaint.CH se compran a terceros, s\u00f3lo se aceptar\u00e1n despu\u00e9s de una inspecci\u00f3n minuciosa y se excluye el pago por adelantado; La validaci\u00f3n puede demorar hasta 30 d\u00edas h\u00e1biles despu\u00e9s de que se haya verificado la mercanc\u00eda.<\/p>\n<p><strong>4.4<\/strong> CPaint.CH s\u00f3lo compra bienes de terceros para su reciclaje si se demuestra plenamente el origen de los fondos. Despu\u00e9s de pruebas y homologaciones exhaustivas, estos productos se controlan inmediatamente en el laboratorio y se examinan en busca de residuos.<\/p>\n<p><strong>5. Seguridad de datos<\/strong><\/p>\n<p><strong>5.1<\/strong> CPaint.CH no asume ninguna garant\u00eda respecto de los datos proporcionados; esto tambi\u00e9n se aplica a terceros. En la medida en que se transmiten datos a CPaint.CH, independientemente de la forma, el cliente crea copias de seguridad para que estos datos puedan ser reconstruidos en caso de una posible p\u00e9rdida de datos. Los servidores de CPaint.CH reciben peri\u00f3dicamente copias de seguridad, pero el cliente es consciente de que todos los participantes en la ruta de transmisi\u00f3n corren el riesgo de interceptar los datos transmitidos. Por lo tanto, no se garantiza la absoluta confidencialidad de los datos transmitidos. Los servidores CPaint.CH ofrecen el m\u00e1s alto nivel de seguridad de datos con nuestro sistema.<\/p>\n<p><strong>6. Confidencialidad, protecci\u00f3n de datos<\/strong><\/p>\n<p><strong>6.1<\/strong> Salvo acuerdo expreso por escrito, los datos facilitados a CPaint.CH y la informaci\u00f3n y datos enviados no se consideran confidenciales. Por la presente se informa expresamente al socio contractual de que CPaint.CH procesa su direcci\u00f3n autom\u00e1ticamente en un formato legible por m\u00e1quina y almacena estos datos para las tareas derivadas del contrato. Si CPaint.CH utiliza terceros para proporcionar los servicios ofrecidos, CPaint.CH tiene derecho a revelar los datos de los participantes en la medida en que sea necesario para garantizar las operaciones. El participante, por su parte, no tiene derecho a utilizar CPaint.CH para obtener informaci\u00f3n y datos que no est\u00e9n destinados a ser utilizados por \u00e9l o por terceros. Se\u00f1alamos expresamente que todas las llamadas se graban con fines de formaci\u00f3n y estudios estad\u00edsticos. No se requiere ning\u00fan consentimiento adicional de la persona que llama para grabar la conversaci\u00f3n. CPaint.CH es el \u00fanico responsable de eliminar estos datos. El abonado telef\u00f3nico acepta expresamente que estos datos tambi\u00e9n puedan ser utilizados con fines legales y de trazabilidad legal.<\/p>\n<p><strong>7. Precios y condiciones de pago<\/strong><\/p>\n<p><strong>7.1<\/strong> CPaint.CH tiene derecho a aumentar los precios en cualquier momento, siempre que el contrato se celebre por un per\u00edodo indefinido. El cambio entrar\u00e1 en vigor si CPaint.CH no recibe ninguna objeci\u00f3n por parte del cliente dentro de las 6 semanas siguientes a la recepci\u00f3n de la correspondiente notificaci\u00f3n de cambio por parte del cliente. Con la notificaci\u00f3n de cambio, CPaint.CH informar\u00e1 al cliente de la fecha l\u00edmite de objeci\u00f3n y de las consecuencias de no objetar. En caso de incumplimiento, CPaint.CH tiene derecho a cobrar un inter\u00e9s del 10% anual por encima de la tasa de inter\u00e9s base respectiva, de acuerdo con la tasa de descuento, la ley de transferencia y bloquear inmediatamente el acceso correspondiente del cliente.<\/p>\n<p><strong>7.2<\/strong> Las tarifas acordadas deben pagarse por adelantado y vencen al recibir la factura o al entregarla. La factura se coloca en el men\u00fa de configuraci\u00f3n del cliente y se puede acceder all\u00ed. Si el cliente solicita que la factura se env\u00ede por correo postal, CPaint.CH tiene derecho a cobrarle al cliente 3,00 USD por factura.<\/p>\n<p><strong>7.3<\/strong> Para evitar el acceso no autorizado a los servicios de CPaint.CH, el cliente acepta que solo recibir\u00e1 el cr\u00e9dito correspondiente (cr\u00e9dito) por el uso de los servicios de CPaint.CH despu\u00e9s de recibir el La tarifa completa est\u00e1 disponible en una cuenta CPaint.CH. Si el cliente paga con tarjeta de cr\u00e9dito o domiciliaci\u00f3n bancaria, declara expresamente que renuncia a su derecho de cancelaci\u00f3n, salvo que exista un motivo importante para ello.<\/p>\n<p><strong>7.4<\/strong> CPaint.CH celebra contratos y acuerdos de conformidad con el acuerdo ICC 500\/600 (C\u00e1mara de Comercio Internacional, Par\u00eds). Seg\u00fan el cual la no elusi\u00f3n (NDA) de clientes y proveedores est\u00e1 asegurada contra CPaint.CH. En caso de violaciones, CPaint.CH tiene derecho a retener comisiones, servicios anticipados, inventario y pagos anticipados hasta el 50% del valor del pedido. El derecho a hacer negocios directos todav\u00eda es posible por un per\u00edodo de 3 a\u00f1os, pero debe pagarse con una comisi\u00f3n del 2,5% de las ventas.<\/p>\n<p><strong>7.5<\/strong> El cliente tiene derecho a devolver el art\u00edculo adquirido en CPaint.CH en un plazo de 10 d\u00edas naturales. El cliente deber\u00e1 acreditar por escrito las reclamaciones justificadas en el plazo de 3 d\u00edas naturales y documentar el defecto. En caso de reclamaci\u00f3n injustificada y devoluci\u00f3n sin pruebas cualificadas, CPaint.CH tiene derecho a retener el 20% del precio de compra como compensaci\u00f3n de los gastos y no est\u00e1 obligado a retirar la mercanc\u00eda. Esto tambi\u00e9n se aplica si el cliente desiste de la compra despu\u00e9s de recibir la factura.<\/p>\n<p><strong>7.6<\/strong> Dentro de la UE, entregamos directamente al cliente mediante un servicio de mensajer\u00eda o recogemos la mercanc\u00eda. Cada cliente es responsable del despacho de aduanas fuera de Suiza. El m\u00e9todo de pago acordado comienza con la aceptaci\u00f3n. Para productos con un valor inferior a 5.000 USD, cobramos 53,00 USD por gastos de env\u00edo dentro de Suiza; se cobran gastos de env\u00edo separados para las zonas de la UE. Para productos valorados hasta 50.000 USD, los costos de env\u00edo se dividen y para pedidos superiores a 50.000 USD, CPaint.CH cubre los costos de env\u00edo en total. Si el cliente nos devuelve los productos por un motivo leg\u00edtimo (productos defectuosos), CPaint.CH cubrir\u00e1 el costo total. Si el cliente devuelve un producto ya comprado, generalmente se retendr\u00e1 el 20% del valor del pedido como compensaci\u00f3n de gastos. En casos individuales, la bonificaci\u00f3n para gastos puede ascender hasta el 40%. El tipo de cambio y el riesgo cambiario asociado est\u00e1n mutuamente excluidos.<\/p>\n<p><strong>7.7 <\/strong>CPaint.CH se reserva la propiedad del art\u00edculo entregado hasta que se haya realizado el pago completo. Si el comprador no cumple con sus obligaciones contractuales, especialmente en caso de retraso en el pago, tenemos derecho a retirar el art\u00edculo entregado; el comprador est\u00e1 obligado a devolver el art\u00edculo. La solicitud de devoluci\u00f3n no constituye un desistimiento del contrato a menos que lo hayamos indicado expresamente por escrito. Si la factura ha sido redactada y el cliente no puede pagar por falta de fondos o no puede pagar en el plazo acordado, se reembolsar\u00e1 la tarifa fija del 1,8% de las ventas. Si la factura no se contabiliza o cancela antes del d\u00eda 30 del mes, se cobrar\u00e1 un 7,7% adicional en concepto de bonificaci\u00f3n de gastos.<\/p>\n<p><strong>7.8<\/strong> CPaint.CH tiene derecho a cobrar las tarifas fijas diarias de los respectivos consejos de administraci\u00f3n y juntas en caso de cancelaciones tard\u00edas. Se considera retraso si la cita se cancela dentro de las 48 horas anteriores al inicio de la misma. Las tarifas de costos son de USD 3.500 por director para la junta directiva y de USD 5.000 por director por d\u00eda para la junta directiva. Esto se aplica especialmente en el caso de que las citas se cancelen durante el horario de oficina desocupado. La tarifa horaria para la Junta Directiva es de $350.00 por hora y para la Junta Directiva es de $500.00 por hora y se fija por d\u00eda. El horario de atenci\u00f3n es de lunes a viernes de 8:00 a 20:00 horas, estos horarios son vinculantes. Tambi\u00e9n se considerar\u00e1n entregados con retraso los FAX o correos electr\u00f3nicos entregados fuera de este horario.<\/p>\n<p><strong>8. Responsabilidad<\/strong><\/p>\n<p><strong>8.1<\/strong> CPaint.CH es generalmente responsable de cada caso individual con una cantidad certificada y garantizada de 10.000.000 USD.<\/p>\n<p><strong>8.2<\/strong> Si el cliente exige una garant\u00eda de cumplimiento, esta se podr\u00e1 y podr\u00e1 concluir por un importe significativamente mayor despu\u00e9s de la verificaci\u00f3n. Esto ser\u00e1 examinado y regulado por separado por nuestros abogados y aseguradores. El cliente corre con estos costes.<\/p>\n<p><strong>8.3<\/strong> El incumplimiento de pago generalmente est\u00e1 excluido por una garant\u00eda de incumplimiento y est\u00e1 cubierto por un reasegurador con al menos 10.000.000 USD en casos individuales.<\/p>\n<p><strong>9. Plazo del contrato<\/strong><\/p>\n<p><strong>9.1<\/strong> El contrato se celebra por tiempo indefinido. El cliente podr\u00e1 resolver la relaci\u00f3n contractual en cualquier momento y sin necesidad de indicar los motivos con un plazo de preaviso de catorce d\u00edas, salvo pacto en contrario. Si el cliente dispone de cr\u00e9dito en el momento de la rescisi\u00f3n, se reembolsar\u00e1n en efectivo las tarifas de uso de los servicios ya pagados en el contrato. Se excluye un reembolso en efectivo. El cliente es responsable de revelar la cuenta de reembolso y corre con todos los costos del reembolso.<\/p>\n<p><strong>10. Responsabilidad<\/strong><\/p>\n<p><strong>10.1<\/strong> CPaint.CH s\u00f3lo es responsable de su propio contenido que pone a disposici\u00f3n para su uso de acuerdo con las leyes generales (\u00a7 5 P\u00e1rr. 1 TDG). CPaint.CH solo es responsable del contenido de terceros que pone a disposici\u00f3n para su uso si tiene conocimiento de este contenido y es t\u00e9cnicamente posible y razonable impedir su uso. Sin embargo, esto s\u00f3lo afecta a la responsabilidad penal; queda excluida la responsabilidad civil por contenidos de terceros, a menos que la distribuci\u00f3n se haya realizado intencionadamente con conocimiento de contenidos incorrectos. CPaint.CH no es responsable de los contenidos externos a los que simplemente proporciona acceso. La retenci\u00f3n autom\u00e1tica y de corta duraci\u00f3n de contenidos de terceros basada en las consultas de los usuarios s\u00f3lo se considera que proporciona acceso. CPaint.CH se reserva el derecho de bloquear contenido de terceros si es punible seg\u00fan las leyes aplicables o si se utiliza claramente para preparar actos delictivos.<\/p>\n<p><strong>11. Retraso en el rendimiento<\/strong><\/p>\n<p><strong>11.1<\/strong> Retraso en la entrega y el servicio<\/p>\n<p><strong>12. Seguridad de datos<\/strong><\/p>\n<p><strong>12.1<\/strong> Nuestros clientes, proveedores y socios comerciales declaran su acuerdo impl\u00edcito con cada intercambio de datos de que todos los datos estar\u00e1n seguros en CPaint.CH. Esto se aplica en particular a las llamadas telef\u00f3nicas entrantes y salientes. Estos quedan registrados autom\u00e1ticamente y sirven como prueba admisible en casos legales y para optimizar el call center. Aqu\u00ed nos remitimos a la normativa de protecci\u00f3n de datos.<\/p>\n<p><strong>13. Disposiciones finales<\/strong><\/p>\n<p><strong>13.1<\/strong> Cualquier cambio, adici\u00f3n o cancelaci\u00f3n parcial o total del contrato deber\u00e1 realizarse por escrito, incluidas las modificaciones o cancelaci\u00f3n del requisito de forma escrita. El lugar de jurisdicci\u00f3n exclusivo para todos los litigios que surjan de este contrato es si el cliente es un comerciante, una persona jur\u00eddica de derecho p\u00fablico, un fondo especial de derecho p\u00fablico o no tiene lugar de jurisdicci\u00f3n en Alemania, el lugar de jurisdicci\u00f3n es Zurich, Suiza. Para los contratos celebrados por CPaint.CH sobre la base de estos T\u00e9rminos y Condiciones Generales y para las reclamaciones que surjan de ellos, independientemente de su naturaleza, se aplica exclusivamente la ley inglesa, excluyendo las disposiciones de la Convenci\u00f3n uniforme de las Naciones Unidas sobre los Contratos de Compraventa Internacional de Mercader\u00edas. en materia de compra de bienes muebles. Si las disposiciones de estas condiciones generales y\/o del contrato fueran o llegaran a ser ineficaces, esto no afectar\u00e1 a la eficacia de las disposiciones restantes. M\u00e1s bien, en lugar de cada disposici\u00f3n ineficaz, se aplica una disposici\u00f3n sustitutiva que corresponde o al menos se acerca al prop\u00f3sito del acuerdo, ya que las partes habr\u00edan acordado lograr el mismo resultado econ\u00f3mico si hubieran sabido que la disposici\u00f3n era ineficaz. Lo mismo se aplica a lo incompleto.<\/p>\n<p><strong>A partir de la \u00faltima actualizaci\u00f3n de CPaint.CH del 9 de noviembre de 2023<strong><\/p>\n","protected":false},"excerpt":{"rendered":"<p>T\u00e9rminos y condiciones generales de CPaint.CH 1. T\u00e9rminos aplicables 1.1 Los siguientes t\u00e9rminos y condiciones se aplican a todos los contratos con CPaint.CH, incluso si ya no se mencionan en contratos posteriores. Tambi\u00e9n se aplican si el socio contractual hace referencia a sus propios t\u00e9rminos y condiciones, en particular al aceptar la confirmaci\u00f3n del pedido, [&#8230;]<\/p>\n","protected":false},"author":1,"featured_media":0,"parent":0,"menu_order":0,"comment_status":"closed","ping_status":"closed","template":"","meta":{"_themeisle_gutenberg_block_has_review":false,"footnotes":""},"class_list":["post-1468","page","type-page","status-publish","hentry"],"yoast_head":"<!-- This site is optimized with the Yoast SEO plugin v27.4 - https:\/\/yoast.com\/product\/yoast-seo-wordpress\/ -->\n<title>Condiciones generales - CPaint.CH<\/title>\n<meta name=\"robots\" content=\"index, follow, max-snippet:-1, max-image-preview:large, max-video-preview:-1\" \/>\n<link rel=\"canonical\" href=\"https:\/\/cpaint.ch\/es\/condiciones-generales\/\" \/>\n<meta property=\"og:locale\" content=\"es_ES\" \/>\n<meta property=\"og:type\" content=\"article\" \/>\n<meta property=\"og:title\" content=\"Condiciones generales - CPaint.CH\" \/>\n<meta property=\"og:description\" content=\"T\u00e9rminos y condiciones generales de CPaint.CH 1. T\u00e9rminos aplicables 1.1 Los siguientes t\u00e9rminos y condiciones se aplican a todos los contratos con CPaint.CH, incluso si ya no se mencionan en contratos posteriores. Tambi\u00e9n se aplican si el socio contractual hace referencia a sus propios t\u00e9rminos y condiciones, en particular al aceptar la confirmaci\u00f3n del pedido, [...]\" \/>\n<meta property=\"og:url\" content=\"https:\/\/cpaint.ch\/es\/condiciones-generales\/\" \/>\n<meta property=\"og:site_name\" content=\"CPaint.CH\" \/>\n<meta property=\"article:modified_time\" content=\"2024-06-09T09:25:04+00:00\" \/>\n<meta name=\"twitter:card\" content=\"summary_large_image\" \/>\n<meta name=\"twitter:label1\" content=\"Tiempo de lectura\" \/>\n\t<meta name=\"twitter:data1\" content=\"13 minutos\" \/>\n<script type=\"application\/ld+json\" class=\"yoast-schema-graph\">{\"@context\":\"https:\\\/\\\/schema.org\",\"@graph\":[{\"@type\":\"WebPage\",\"@id\":\"https:\\\/\\\/cpaint.ch\\\/es\\\/condiciones-generales\\\/\",\"url\":\"https:\\\/\\\/cpaint.ch\\\/es\\\/condiciones-generales\\\/\",\"name\":\"Condiciones generales - CPaint.CH\",\"isPartOf\":{\"@id\":\"https:\\\/\\\/cpaint.ch\\\/#website\"},\"datePublished\":\"2022-11-22T16:50:18+00:00\",\"dateModified\":\"2024-06-09T09:25:04+00:00\",\"breadcrumb\":{\"@id\":\"https:\\\/\\\/cpaint.ch\\\/es\\\/condiciones-generales\\\/#breadcrumb\"},\"inLanguage\":\"es\",\"potentialAction\":[{\"@type\":\"ReadAction\",\"target\":[\"https:\\\/\\\/cpaint.ch\\\/es\\\/condiciones-generales\\\/\"]}]},{\"@type\":\"BreadcrumbList\",\"@id\":\"https:\\\/\\\/cpaint.ch\\\/es\\\/condiciones-generales\\\/#breadcrumb\",\"itemListElement\":[{\"@type\":\"ListItem\",\"position\":1,\"name\":\"Startseite\",\"item\":\"https:\\\/\\\/cpaint.ch\\\/es\\\/\"},{\"@type\":\"ListItem\",\"position\":2,\"name\":\"Condiciones generales\"}]},{\"@type\":\"WebSite\",\"@id\":\"https:\\\/\\\/cpaint.ch\\\/#website\",\"url\":\"https:\\\/\\\/cpaint.ch\\\/\",\"name\":\"CPaint.CH\",\"description\":\"\",\"potentialAction\":[{\"@type\":\"SearchAction\",\"target\":{\"@type\":\"EntryPoint\",\"urlTemplate\":\"https:\\\/\\\/cpaint.ch\\\/?s={search_term_string}\"},\"query-input\":{\"@type\":\"PropertyValueSpecification\",\"valueRequired\":true,\"valueName\":\"search_term_string\"}}],\"inLanguage\":\"es\"}]}<\/script>\n<!-- \/ Yoast SEO plugin. -->","yoast_head_json":{"title":"Condiciones generales - CPaint.CH","robots":{"index":"index","follow":"follow","max-snippet":"max-snippet:-1","max-image-preview":"max-image-preview:large","max-video-preview":"max-video-preview:-1"},"canonical":"https:\/\/cpaint.ch\/es\/condiciones-generales\/","og_locale":"es_ES","og_type":"article","og_title":"Condiciones generales - CPaint.CH","og_description":"T\u00e9rminos y condiciones generales de CPaint.CH 1. T\u00e9rminos aplicables 1.1 Los siguientes t\u00e9rminos y condiciones se aplican a todos los contratos con CPaint.CH, incluso si ya no se mencionan en contratos posteriores. Tambi\u00e9n se aplican si el socio contractual hace referencia a sus propios t\u00e9rminos y condiciones, en particular al aceptar la confirmaci\u00f3n del pedido, [...]","og_url":"https:\/\/cpaint.ch\/es\/condiciones-generales\/","og_site_name":"CPaint.CH","article_modified_time":"2024-06-09T09:25:04+00:00","twitter_card":"summary_large_image","twitter_misc":{"Tiempo de lectura":"13 minutos"},"schema":{"@context":"https:\/\/schema.org","@graph":[{"@type":"WebPage","@id":"https:\/\/cpaint.ch\/es\/condiciones-generales\/","url":"https:\/\/cpaint.ch\/es\/condiciones-generales\/","name":"Condiciones generales - CPaint.CH","isPartOf":{"@id":"https:\/\/cpaint.ch\/#website"},"datePublished":"2022-11-22T16:50:18+00:00","dateModified":"2024-06-09T09:25:04+00:00","breadcrumb":{"@id":"https:\/\/cpaint.ch\/es\/condiciones-generales\/#breadcrumb"},"inLanguage":"es","potentialAction":[{"@type":"ReadAction","target":["https:\/\/cpaint.ch\/es\/condiciones-generales\/"]}]},{"@type":"BreadcrumbList","@id":"https:\/\/cpaint.ch\/es\/condiciones-generales\/#breadcrumb","itemListElement":[{"@type":"ListItem","position":1,"name":"Startseite","item":"https:\/\/cpaint.ch\/es\/"},{"@type":"ListItem","position":2,"name":"Condiciones generales"}]},{"@type":"WebSite","@id":"https:\/\/cpaint.ch\/#website","url":"https:\/\/cpaint.ch\/","name":"CPaint.CH","description":"","potentialAction":[{"@type":"SearchAction","target":{"@type":"EntryPoint","urlTemplate":"https:\/\/cpaint.ch\/?s={search_term_string}"},"query-input":{"@type":"PropertyValueSpecification","valueRequired":true,"valueName":"search_term_string"}}],"inLanguage":"es"}]}},"_links":{"self":[{"href":"https:\/\/cpaint.ch\/es\/wp-json\/wp\/v2\/pages\/1468","targetHints":{"allow":["GET"]}}],"collection":[{"href":"https:\/\/cpaint.ch\/es\/wp-json\/wp\/v2\/pages"}],"about":[{"href":"https:\/\/cpaint.ch\/es\/wp-json\/wp\/v2\/types\/page"}],"author":[{"embeddable":true,"href":"https:\/\/cpaint.ch\/es\/wp-json\/wp\/v2\/users\/1"}],"replies":[{"embeddable":true,"href":"https:\/\/cpaint.ch\/es\/wp-json\/wp\/v2\/comments?post=1468"}],"version-history":[{"count":5,"href":"https:\/\/cpaint.ch\/es\/wp-json\/wp\/v2\/pages\/1468\/revisions"}],"predecessor-version":[{"id":1482,"href":"https:\/\/cpaint.ch\/es\/wp-json\/wp\/v2\/pages\/1468\/revisions\/1482"}],"wp:attachment":[{"href":"https:\/\/cpaint.ch\/es\/wp-json\/wp\/v2\/media?parent=1468"}],"curies":[{"name":"wp","href":"https:\/\/api.w.org\/{rel}","templated":true}]}}