{"id":1469,"date":"2022-11-22T17:25:49","date_gmt":"2022-11-22T16:25:49","guid":{"rendered":"https:\/\/cpaint.ch\/impressum\/"},"modified":"2024-06-06T19:16:48","modified_gmt":"2024-06-06T17:16:48","slug":"imprimir","status":"publish","type":"page","link":"https:\/\/cpaint.ch\/es\/imprimir\/","title":{"rendered":"Imprimir"},"content":{"rendered":"<p><strong>CPaint.CH <\/strong><br \/>\nFlughofstrasse 47<br \/>\nCH-8152 Glattbrugg \/ Z\u00fcrich \/ Schweiz<\/p>\n<p>Web: <a href=\"http:\/\/www.CPaint.CH \">www.CPaint.CH<\/a><br \/>\nE-Mail: <a href=\"mailto:info@CPaint.CH\">info@CPaint.CH<\/a><br \/>\nGerichtsstand: Z\u00fcrich<br \/>\nInhaber: CPaint.CH Aktiengesellschaft<br \/>\nSteuernummer: in Vorbereitung<br \/>\nFirmennummer: in Vorbereitung  <\/p>\n<p><strong>Rechtliche Informationen<\/strong><br \/>\nInhaltlich verantwortlich gem\u00e4\u00df \u00a7 5 TMG ist die CPaint.CH<br \/>\nSie haben Fragen oder m\u00f6chten R\u00fccksprache mit uns halten?<br \/>\nGerne stehen wir Ihnen telefonisch zur Verf\u00fcgung: +41 763763720<br \/>\nGerne k\u00f6nnen Sie uns auch eine E-Mail an <a href=\"mailto:info@CPaint.CH\" >info@CPaint.CH<\/a> senden.<br \/>\nZus\u00e4tzlich besteht nat\u00fcrlich auch die M\u00f6glichkeit unser <a href=\"https:\/\/CPaint.CH\">Kontaktformular<\/a> zu nutzen.<\/p>\n<p><strong>Urheberrecht<\/strong><br \/>\nDie durch die Seitenbetreiber erstellten Inhalte und Werke auf diesen Seiten unterliegen dem deutschen Urheberrecht. Die Vervielf\u00e4ltigung, Bearbeitung, Verbreitung und jede Art der Verwertung au\u00dferhalb der Grenzen des Urheberrechtes bed\u00fcrfen der schriftlichen Zustimmung des jeweiligen Autors bzw. Erstellers. Downloads und Kopien dieser Seite sind nur f\u00fcr den privaten, nicht kommerziellen Gebrauch gestattet. Soweit die Inhalte auf dieser Seite nicht vom Betreiber erstellt wurden, werden die Urheberrechte Dritter beachtet. Insbesondere werden Inhalte Dritter als solche gekennzeichnet. Sollten Sie trotzdem auf eine Urheberrechtsverletzung aufmerksam werden, bitten wir um einen entsprechenden Hinweis. Bei Bekanntwerden von Rechtsverletzungen werden wir derartige Inhalte umgehend entfernen.<\/p>\n<p>Letzten Aktualisierung der CPaint.CH 30.03.2024<\/p>\n","protected":false},"excerpt":{"rendered":"<p>CPaint.CH Flughofstrasse 47 CH-8152 Glattbrugg \/ Z\u00fcrich \/ Schweiz Web: www.CPaint.CH E-Mail: info@CPaint.CH Gerichtsstand: Z\u00fcrich Inhaber: CPaint.CH Aktiengesellschaft Steuernummer: in Vorbereitung Firmennummer: in Vorbereitung Rechtliche Informationen Inhaltlich verantwortlich gem\u00e4\u00df \u00a7 5 TMG ist die CPaint.CH Sie haben Fragen oder m\u00f6chten R\u00fccksprache mit uns halten? Gerne stehen wir Ihnen telefonisch zur Verf\u00fcgung: +41 763763720 Gerne k\u00f6nnen [&#8230;]<\/p>\n","protected":false},"author":1,"featured_media":0,"parent":0,"menu_order":0,"comment_status":"closed","ping_status":"closed","template":"","meta":{"_themeisle_gutenberg_block_has_review":false,"footnotes":""},"class_list":["post-1469","page","type-page","status-publish","hentry"],"yoast_head":"<!-- This site is optimized with the Yoast SEO plugin v27.4 - https:\/\/yoast.com\/product\/yoast-seo-wordpress\/ -->\n<title>Imprimir - CPaint.CH<\/title>\n<meta name=\"robots\" content=\"index, follow, max-snippet:-1, max-image-preview:large, max-video-preview:-1\" \/>\n<link rel=\"canonical\" href=\"https:\/\/cpaint.ch\/es\/imprimir\/\" \/>\n<meta property=\"og:locale\" content=\"es_ES\" \/>\n<meta property=\"og:type\" content=\"article\" \/>\n<meta property=\"og:title\" content=\"Imprimir - CPaint.CH\" \/>\n<meta property=\"og:description\" content=\"CPaint.CH Flughofstrasse 47 CH-8152 Glattbrugg \/ Z\u00fcrich \/ Schweiz Web: www.CPaint.CH E-Mail: info@CPaint.CH Gerichtsstand: Z\u00fcrich Inhaber: CPaint.CH Aktiengesellschaft Steuernummer: in Vorbereitung Firmennummer: in Vorbereitung Rechtliche Informationen Inhaltlich verantwortlich gem\u00e4\u00df \u00a7 5 TMG ist die CPaint.CH Sie haben Fragen oder m\u00f6chten R\u00fccksprache mit uns halten? Gerne stehen wir Ihnen telefonisch zur Verf\u00fcgung: +41 763763720 Gerne k\u00f6nnen [...]\" \/>\n<meta property=\"og:url\" content=\"https:\/\/cpaint.ch\/es\/imprimir\/\" \/>\n<meta property=\"og:site_name\" content=\"CPaint.CH\" \/>\n<meta property=\"article:modified_time\" content=\"2024-06-06T17:16:48+00:00\" \/>\n<meta name=\"twitter:card\" content=\"summary_large_image\" \/>\n<meta name=\"twitter:label1\" content=\"Tiempo de lectura\" \/>\n\t<meta name=\"twitter:data1\" content=\"1 minuto\" \/>\n<script type=\"application\/ld+json\" class=\"yoast-schema-graph\">{\"@context\":\"https:\\\/\\\/schema.org\",\"@graph\":[{\"@type\":\"WebPage\",\"@id\":\"https:\\\/\\\/cpaint.ch\\\/es\\\/imprimir\\\/\",\"url\":\"https:\\\/\\\/cpaint.ch\\\/es\\\/imprimir\\\/\",\"name\":\"Imprimir - CPaint.CH\",\"isPartOf\":{\"@id\":\"https:\\\/\\\/cpaint.ch\\\/#website\"},\"datePublished\":\"2022-11-22T16:25:49+00:00\",\"dateModified\":\"2024-06-06T17:16:48+00:00\",\"breadcrumb\":{\"@id\":\"https:\\\/\\\/cpaint.ch\\\/es\\\/imprimir\\\/#breadcrumb\"},\"inLanguage\":\"es\",\"potentialAction\":[{\"@type\":\"ReadAction\",\"target\":[\"https:\\\/\\\/cpaint.ch\\\/es\\\/imprimir\\\/\"]}]},{\"@type\":\"BreadcrumbList\",\"@id\":\"https:\\\/\\\/cpaint.ch\\\/es\\\/imprimir\\\/#breadcrumb\",\"itemListElement\":[{\"@type\":\"ListItem\",\"position\":1,\"name\":\"Startseite\",\"item\":\"https:\\\/\\\/cpaint.ch\\\/es\\\/\"},{\"@type\":\"ListItem\",\"position\":2,\"name\":\"Imprimir\"}]},{\"@type\":\"WebSite\",\"@id\":\"https:\\\/\\\/cpaint.ch\\\/#website\",\"url\":\"https:\\\/\\\/cpaint.ch\\\/\",\"name\":\"CPaint.CH\",\"description\":\"\",\"potentialAction\":[{\"@type\":\"SearchAction\",\"target\":{\"@type\":\"EntryPoint\",\"urlTemplate\":\"https:\\\/\\\/cpaint.ch\\\/?s={search_term_string}\"},\"query-input\":{\"@type\":\"PropertyValueSpecification\",\"valueRequired\":true,\"valueName\":\"search_term_string\"}}],\"inLanguage\":\"es\"}]}<\/script>\n<!-- \/ Yoast SEO plugin. -->","yoast_head_json":{"title":"Imprimir - CPaint.CH","robots":{"index":"index","follow":"follow","max-snippet":"max-snippet:-1","max-image-preview":"max-image-preview:large","max-video-preview":"max-video-preview:-1"},"canonical":"https:\/\/cpaint.ch\/es\/imprimir\/","og_locale":"es_ES","og_type":"article","og_title":"Imprimir - CPaint.CH","og_description":"CPaint.CH Flughofstrasse 47 CH-8152 Glattbrugg \/ Z\u00fcrich \/ Schweiz Web: www.CPaint.CH E-Mail: info@CPaint.CH Gerichtsstand: Z\u00fcrich Inhaber: CPaint.CH Aktiengesellschaft Steuernummer: in Vorbereitung Firmennummer: in Vorbereitung Rechtliche Informationen Inhaltlich verantwortlich gem\u00e4\u00df \u00a7 5 TMG ist die CPaint.CH Sie haben Fragen oder m\u00f6chten R\u00fccksprache mit uns halten? Gerne stehen wir Ihnen telefonisch zur Verf\u00fcgung: +41 763763720 Gerne k\u00f6nnen [...]","og_url":"https:\/\/cpaint.ch\/es\/imprimir\/","og_site_name":"CPaint.CH","article_modified_time":"2024-06-06T17:16:48+00:00","twitter_card":"summary_large_image","twitter_misc":{"Tiempo de lectura":"1 minuto"},"schema":{"@context":"https:\/\/schema.org","@graph":[{"@type":"WebPage","@id":"https:\/\/cpaint.ch\/es\/imprimir\/","url":"https:\/\/cpaint.ch\/es\/imprimir\/","name":"Imprimir - CPaint.CH","isPartOf":{"@id":"https:\/\/cpaint.ch\/#website"},"datePublished":"2022-11-22T16:25:49+00:00","dateModified":"2024-06-06T17:16:48+00:00","breadcrumb":{"@id":"https:\/\/cpaint.ch\/es\/imprimir\/#breadcrumb"},"inLanguage":"es","potentialAction":[{"@type":"ReadAction","target":["https:\/\/cpaint.ch\/es\/imprimir\/"]}]},{"@type":"BreadcrumbList","@id":"https:\/\/cpaint.ch\/es\/imprimir\/#breadcrumb","itemListElement":[{"@type":"ListItem","position":1,"name":"Startseite","item":"https:\/\/cpaint.ch\/es\/"},{"@type":"ListItem","position":2,"name":"Imprimir"}]},{"@type":"WebSite","@id":"https:\/\/cpaint.ch\/#website","url":"https:\/\/cpaint.ch\/","name":"CPaint.CH","description":"","potentialAction":[{"@type":"SearchAction","target":{"@type":"EntryPoint","urlTemplate":"https:\/\/cpaint.ch\/?s={search_term_string}"},"query-input":{"@type":"PropertyValueSpecification","valueRequired":true,"valueName":"search_term_string"}}],"inLanguage":"es"}]}},"_links":{"self":[{"href":"https:\/\/cpaint.ch\/es\/wp-json\/wp\/v2\/pages\/1469","targetHints":{"allow":["GET"]}}],"collection":[{"href":"https:\/\/cpaint.ch\/es\/wp-json\/wp\/v2\/pages"}],"about":[{"href":"https:\/\/cpaint.ch\/es\/wp-json\/wp\/v2\/types\/page"}],"author":[{"embeddable":true,"href":"https:\/\/cpaint.ch\/es\/wp-json\/wp\/v2\/users\/1"}],"replies":[{"embeddable":true,"href":"https:\/\/cpaint.ch\/es\/wp-json\/wp\/v2\/comments?post=1469"}],"version-history":[{"count":1,"href":"https:\/\/cpaint.ch\/es\/wp-json\/wp\/v2\/pages\/1469\/revisions"}],"predecessor-version":[{"id":1477,"href":"https:\/\/cpaint.ch\/es\/wp-json\/wp\/v2\/pages\/1469\/revisions\/1477"}],"wp:attachment":[{"href":"https:\/\/cpaint.ch\/es\/wp-json\/wp\/v2\/media?parent=1469"}],"curies":[{"name":"wp","href":"https:\/\/api.w.org\/{rel}","templated":true}]}}