{"id":1470,"date":"2022-11-22T17:25:07","date_gmt":"2022-11-22T16:25:07","guid":{"rendered":"https:\/\/cpaint.ch\/artist-in-the-galerie\/"},"modified":"2026-01-06T15:52:24","modified_gmt":"2026-01-06T14:52:24","slug":"artist-in-the-galerie","status":"publish","type":"page","link":"https:\/\/cpaint.ch\/es\/artist-in-the-galerie\/","title":{"rendered":"Artista en la galer\u00eda"},"content":{"rendered":"<h2>Pintura al \u00f3leo sobre lienzo<\/h2>\n<h3>Presentamos las obras que actualmente est\u00e1n disponibles online.<\/p>\n<h3>\n<p>Una venta a m\u00faltiples postores est\u00e1 excluida de nuestro sistema.Todos los precios excluyen IVA, gastos de env\u00edo, gastos de transporte y gastos de seguro. Entregamos los productos solicitados de forma fiable y puntual en todo el mundo mediante mensajer\u00eda, Brinks o Malca Amit. Dentro de la UE, le entregamos los productos solicitados directamente mediante un servicio de mensajer\u00eda. Perforaremos una reserva para un d\u00eda de visualizaci\u00f3n en vivo.<\/p>\n<div class=\"diamond_info\">\n<h3>Pablo Picasso <b> \u00d3leo sobre lienzo<\/b><small <\/small><\/h3>\n<ul>\n<li>Pintar<\/li>\n<li>Artista de: Pablo Picasso<\/li>\n<li>Artista de pintura Clair\u00e8 Nadine Junghans<\/li>\n<li>T\u00edtulo \/ Pablo Picasso-Femme au Chien<\/li>\n<li>A\u00f1o 1962\n<li>inspirado en Reproducci\u00f3n para CPaint<\/li>\n<li>Reproducci\u00f3n al 98,7%<\/li>\n<li>inspirado en la artista CPaint Claire Nadine Junghans <\/li>\n<li>\u00d3leo sobre lienzo: <\/li>\n<li>Dimensiones 162 cm x 130 cm<\/li>\n<li>Precio 770.000 USD<\/li>\n<\/ul>\n<\/div>\n<a href=\"\/wp-content\/uploads\/2022\/11\/Art-of-CPaint-Nr.17-1-scaled.jpg\" target=\"_blank\" rel=\"noopener\"><br \/><img decoding=\"async\" class=\"aligncenter size-full wp-image-158\" src=\"\/wp-content\/uploads\/2022\/11\/Art-of-CPaint-Nr.17-1-scaled.jpg\" alt=\"tienda\" \/><br \/><\/a>\n<div class=\"diamond_info\">\n<h3>Pablo Picasso <b> \u00d3leo sobre lienzo<\/b><small <\/small><\/h3>\n<ul>\n<li>Pintar<\/li>\n<li>Artista de: Pablo Picasso<\/li>\n<li>Artista de pintura Clair\u00e8 Nadine Junghans<\/li>\n<li>T\u00edtulo \/ Pablo Picasso El \u00c9treinte<\/li>\n<li>A\u00f1o 23\/10\/69\n<li>inspirado en Reproducci\u00f3n para CPaint<\/li>\n<li>Reproducci\u00f3n al 99,1%<\/li>\n<li>inspirado en la artista CPaint Claire Nadine Junghans <\/li>\n<li>\u00d3leo sobre lienzo: <\/li>\n<li>Dimensiones 114 cm x 146 cm<\/li>\n<li>Precio 475.000 USD<\/li>\n<\/ul>\n<\/div>\n<a href=\"\/wp-content\/uploads\/2022\/11\/Art-of-CPaint-Nr.16-1-scaled-1.jpg\" target=\"_blank\" rel=\"noopener\"><br \/><img decoding=\"async\" class=\"aligncenter size-full wp-image-158\" src=\"\/wp-content\/uploads\/2022\/11\/Art-of-CPaint-Nr.16-1-scaled-1.jpg\" alt=\"shop\"\/><br \/><\/a>\n<div class=\"diamond_info\">\n<h3>Pablo Picasso <b> \u00d3leo sobre lienzo<\/b><small <\/small><\/h3>\n<ul>\n<li>Pintar<\/li>\n<li>Artista de: Pablo Picasso<\/li>\n<li>Artista de pintura Clair\u00e8 Nadine Junghans<\/li>\n<li>T\u00edtulo \/ Pablo Picasso Femme Assisi en Costume Vert<\/li>\n<li>A\u00f1o 23\/10\/69\n<li>inspirado en Reproducci\u00f3n para CPaint<\/li>\n<li>Reproducci\u00f3n al 98,3%<\/li>\n<li>inspirado en la artista CPaint Claire Nadine Junghans <\/li>\n<li>\u00d3leo sobre lienzo: <\/li>\n<li>Dimensiones 80,5 cm x 101,5 cm<\/li>\n<li>Precio 520.000 USD<\/li>\n<\/ul>\n<\/div>\n<a href=\"\/wp-content\/uploads\/2022\/11\/CPaint-017-scaled.jpeg\" target=\"_blank\" rel=\"noopener\"><br \/><img decoding=\"async\" class=\"aligncenter size-full wp-image-158\" src=\"\/wp-content\/uploads\/2022\/11\/CPaint-017-scaled.jpeg\" alt=\"tienda\"\/><br \/><\/a>\n<div class=\"diamond_info\">\n<h3>Pablo Picasso <b> \u00d3leo sobre lienzo<\/b><small <\/small><\/h3>\n<ul>\n<li>Pintar<\/li>\n<li>Artista de: Pablo Picasso<\/li>\n<li>Artista de pintura Clair\u00e8 Nadine Junghans<\/li>\n<li>T\u00edtulo \/ Pablo Picasso Dora Maar<\/li>\n<li>A\u00f1o 1937\n<li>inspirado en Reproducci\u00f3n para CPaint<\/li>\n<li>Reproducci\u00f3n al 98,9%<\/li>\n<li>inspirado en la artista CPaint Claire Nadine Junghans <\/li>\n<li>\u00d3leo sobre lienzo: <\/li>\n<li>Dimensiones 70,5 cm x 100,5 cm<\/li>\n<li>Precio 560.000 USD<\/li>\n<\/ul>\n<\/div>\n<a href=\"\/wp-content\/uploads\/2022\/11\/CPaint-012-scaled.jpg\" target=\"_blank\" rel=\"noopener\"><br \/><img decoding=\"async\" class=\"aligncenter size-full wp-image-158\" src=\"\/wp-content\/uploads\/2022\/11\/CPaint-012-scaled.jpg\" alt=\"tienda\"\/><br \/><\/a>\n<div class=\"diamond_info\">\n<h3>Pablo Picasso <b> \u00d3leo sobre lienzo<\/b><small <\/small><\/h3>\n<ul>\n<li>Pintar<\/li>\n<li>Artista de: Pablo Picasso<\/li>\n<li>Artista de pintura Clair\u00e8 Nadine Junghans<\/li>\n<li>T\u00edtulo \/ Pablo Picasso Buste de femme<\/li>\n<li>A\u00f1o 1971\n<li>inspirado en Reproducci\u00f3n para CPaint<\/li>\n<li>Reproducci\u00f3n al 99,2%<\/li>\n<li>inspirado en la artista CPaint Claire Nadine Junghans <\/li>\n<li>\u00d3leo sobre lienzo: <\/li>\n<li>Dimensiones 70,5 cm x 100,5 cm<\/li>\n<li>Precio 575.000 USD<\/li>\n<\/ul>\n<\/div>\n<a href=\"\/wp-content\/uploads\/2022\/11\/PP-018-scaled.jpg\" target=\"_blank\" rel=\"noopener\"><br \/><img decoding=\"async\" class=\"aligncenter size-full wp-image-158\" src=\"\/wp-content\/uploads\/2022\/11\/PP-018-scaled.jpg\" alt=\"tienda\"\/><br \/><\/a>\n<div class=\"diamond_info\">\n<h3>Pablo Picasso <b> \u00d3leo sobre lienzo<\/b><small <\/small><\/h3>\n<ul>\n<li>Pintar<\/li>\n<li>Artista de: Pablo Picasso<\/li>\n<li>Artista de pintura Clair\u00e8 Nadine Junghans<\/li>\n<li>T\u00edtulo \/ Pablo Picasso Buste de Femme au Chapeau Dora <\/li>\n<li>A\u00f1o 1939\n<li>inspirado en Reproducci\u00f3n para CPaint<\/li>\n<li>Reproducci\u00f3n al 98,1%<\/li>\n<li>inspirado en la artista CPaint Claire Nadine Junghans <\/li>\n<li>\u00d3leo sobre lienzo: <\/li>\n<li>Dimensiones 48,5 cm x 59,5 cm<\/li>\n<li>Precio 274.000 USD<\/li>\n<\/ul>\n<\/div>\n<a href=\"\/wp-content\/uploads\/2022\/11\/PP-017-scaled.jpg\" target=\"_blank\" rel=\"noopener\"><br \/><img decoding=\"async\" class=\"aligncenter size-full wp-image-158\" src=\"\/wp-content\/uploads\/2022\/11\/PP-017-scaled.jpg\" alt=\"tienda\"\/><br \/><\/a>\n<div class=\"diamond_info\">\n<h3>Pablo Picasso <b> \u00d3leo sobre lienzo<\/b><small <\/small><\/h3>\n<ul>\n<li>Pintar<\/li>\n<li>Artista de: Pablo Picasso<\/li>\n<li>Artista de pintura Clair\u00e8 Nadine Junghans<\/li>\n<li>T\u00edtulo \/ Pablo Picasso Gato con Langosta<\/li>\n<li>A\u00f1o 1962\n<li>inspirado en Reproducci\u00f3n para CPaint<\/li>\n<li>Reproducci\u00f3n al 99,4%<\/li>\n<li>inspirado en la artista CPaint Claire Nadine Junghans <\/li>\n<li>\u00d3leo sobre lienzo: <\/li>\n<li>Dimensiones 110,5 cm x 162,5 cm<\/li>\n<li>Precio 810.000 USD<\/li>\n<\/ul>\n<\/div>\n<a href=\"\/wp-content\/uploads\/2022\/11\/PP-022-scaled.jpg\" target=\"_blank\" rel=\"noopener\"><br \/><img decoding=\"async\" class=\"aligncenter size-full wp-image-158\" src=\"\/wp-content\/uploads\/2022\/11\/PP-022-scaled.jpg\" alt=\"tienda\"\/><br \/><\/a>\n<div class=\"diamond_info\">\n<h3>Pablo Picasso <b> \u00d3leo sobre lienzo<\/b><small <\/small><\/h3>\n<ul>\n<li>Pintar<\/li>\n<li>Artista de: Pablo Picasso<\/li>\n<li>Artista de pintura Clair\u00e8 Nadine Junghans<\/li>\n<li>T\u00edtulo \/ Pablo Picasso Matador<\/li>\n<li>A\u00f1o 1970\n<li>inspirado en Reproducci\u00f3n para CPaint<\/li>\n<li>Reproducci\u00f3n al 99,6%<\/li>\n<li>inspirado en la artista CPaint Claire Nadine Junghans <\/li>\n<li>\u00d3leo sobre lienzo: <\/li>\n<li>Dimensiones 115,5 cm x 147,5 cm<\/li>\n<li>Precio 1.120.000 USD<\/li>\n<\/ul>\n<\/div>\n<a href=\"\/wp-content\/uploads\/2022\/11\/PP-025.jpeg\" target=\"_blank\" rel=\"noopener\"><br \/><img decoding=\"async\" class=\"aligncenter size-full wp-image-158\" src=\"\/wp-content\/uploads\/2022\/11\/PP-025.jpeg\" alt=\"tienda\"\/><br \/><\/a>\n<div class=\"diamond_info\">\n<h3>Pablo Picasso <b> \u00d3leo sobre lienzo<\/b><small <\/small><\/h3>\n<ul>\n<li>Pintar<\/li>\n<li>Artista de: Pablo Picasso<\/li>\n<li>Artista de pintura Clair\u00e8 Nadine Junghans<\/li>\n<li>T\u00edtulo \/ Pablo Picasso Nude Woman in a Red Armchair<\/li>\n<li>A\u00f1o 1932\n<li>inspirado en Reproducci\u00f3n para CPaint<\/li>\n<li>Reproducci\u00f3n al 99,4%<\/li>\n<li>inspirado en la artista CPaint Claire Nadine Junghans <\/li>\n<li>\u00d3leo sobre lienzo: <\/li>\n<li>Dimensiones 128,8 cm x 96,5 cm<\/li>\n<li>Precio 674.000 USD<\/li>\n<\/ul>\n<\/div>\n<a href=\"\/wp-content\/uploads\/2022\/11\/Pablo-Picasso-Nude-Woman-in-a-Red-Armchair-scaled.jpg\" target=\"_blank\" rel=\"noopener\"><br \/><img decoding=\"async\" class=\"aligncenter size-full wp-image-158\" src=\"\/wp-content\/uploads\/2022\/11\/Pablo-Picasso-Nude-Woman-in-a-Red-Armchair-scaled.jpg\" alt=\"shop\"\/><br \/><\/a>\n<div class=\"diamond_info\">\n<h3>Pablo Picasso <b> \u00d3leo sobre lienzo<\/b><small <\/small><\/h3>\n<ul>\n<li>Pintar<\/li>\n<li>Artista de: Pablo Picasso<\/li>\n<li>Artista de pintura Clair\u00e8 Nadine Junghans<\/li>\n<li>T\u00edtulo \/ Pablo Picasso El Picasso Mujer con perro<\/li>\n<li>A\u00f1o 1932\n<li>inspirado en Reproducci\u00f3n para CPaint<\/li>\n<li>Reproducci\u00f3n al 99,1%<\/li>\n<li>inspirado en la artista CPaint Claire Nadine Junghans <\/li>\n<li>\u00d3leo sobre lienzo: <\/li>\n<li>Dimensiones 162,8 cm x 132,3 cm<\/li>\n<li>Precio 655.000 USD<\/li>\n<\/ul>\n<\/div>\n<a href=\"\/wp-content\/uploads\/2022\/11\/PP-3-mit-Hund-scaled.jpg\" target=\"_blank\" rel=\"noopener\"><br \/><img decoding=\"async\" class=\"aligncenter size-full wp-image-158\" src=\"\/wp-content\/uploads\/2022\/11\/PP-3-mit-Hund-scaled.jpg\" alt=\"shop\"\/><br \/><\/a>\n<div class=\"diamond_info\">\n<h3>Pablo Picasso <b> Oil on canvas<\/b><small ><\/small><\/h3>\n<ul>\n<li>Paint<\/li>\n<li>Artista de: Pablo Picasso<\/li>\n<li>Artista de Paint Clair\u00e8 Nadine Junghans<\/li>\n<li>T\u00edtulo \/ Pablo Picasso T\u00eate de femme<\/li>\n<li>A\u00f1o 1963\n<li>inspirado en Reproducci\u00f3n para CPaint<\/li>\n<li>Reproducci\u00f3n al 99,4%<\/li>\n<li>inspirado en la artista CPaint Claire Nadine Junghans <\/li>\n<li>Oil on canvas: <\/li>\n<li>Dimensiones 74 cm x 55 cm<\/li>\n<li>Precio 375.000 USD<\/li>\n<\/ul>\n<\/div>\n<a href=\"\/wp-content\/uploads\/2022\/11\/PP17-scaled.jpg\" target=\"_blank\" rel=\"noopener\"><br \/><img decoding=\"async\" class=\"aligncenter size-full wp-image-158\" src=\"\/wp-content\/uploads\/2022\/11\/PP17-scaled.jpg\" alt=\"shop\"\/><br \/><\/a>\n<div class=\"diamond_info\">\n<h3>Pablo Picasso <b> Oil on canvas<\/b><small ><\/small><\/h3>\n<ul>\n<li>Paint<\/li>\n<liArtista de: Pablo Picasso<\/li>\n<li>Artista de Paint Clair\u00e8 Nadine Junghans<\/li>\n<li>T\u00edtulo \/ Pablo Picasso Femme nue couch\u00e9e au collier<\/li>\n<li>A\u00f1or 1932\n<li>inspirado en Reproducci\u00f3n para CPaint<\/li>\n<li>Reproducci\u00f3n al 99,1%<\/li>\n<li>inspirado en la artista CPaint Claire Nadine Junghans <\/li>\n<li>Oil on canvas: <\/li>\n<li>Dimensions 41,8 cm x 41,8 cm<\/li>\n<li>Precio 295.000 USD<\/li>\n<li>29.04.2025<\/li>\n<li><a href=\"https:\/\/cairocornici.ch\" target=\"_blank\">Vernissage Cairo Lugano<\/a><\/li>\n<\/ul>\n<\/div>\n<a href=\"\/wp-content\/uploads\/2022\/11\/Pablo-Picasso-Femme-nue-couchee-au-collier-scaled.png\" target=\"_blank\" rel=\"noopener\"><br \/><img decoding=\"async\" class=\"aligncenter size-full wp-image-158\" src=\"\/wp-content\/uploads\/2022\/11\/Pablo-Picasso-Femme-nue-couchee-au-collier-scaled.png\" alt=\"shop\"\/><br \/><\/a>\n<div class=\"diamond_info\">\n<h3>Pablo Picasso <b> Oil on canvas<\/b><small ><\/small><\/h3>\n<ul>\n<li>Paint<\/li>\n<liArtista de: Pablo Picasso<\/li>\n<li>Artista de Paint Clair\u00e8 Nadine Junghans<\/li>\n<li>T\u00edtulo \/ Pablo Picasso Femme nue couch\u00e9e au collier<\/li>\n<li>A\u00f1or 1969\n<li>inspirado en Reproducci\u00f3n para CPaint<\/li>\n<li>Reproducci\u00f3n al 98,6%<\/li>\n<li>inspirado en la artista CPaint Claire Nadine Junghans <\/li>\n<li>Oil on canvas: <\/li>\n<li>Dimensions 98,7 cm x 56,7 cm<\/li>\n<li>Precio 365.000 USD<\/li>\n<\/ul>\n<\/div>\n<a href=\"\/wp-content\/uploads\/2022\/11\/PP-116.png\" target=\"_blank\" rel=\"noopener\"><br \/><img decoding=\"async\" class=\"aligncenter size-full wp-image-158\" src=\"\/wp-content\/uploads\/2022\/11\/PP-116.png\" alt=\"shop\"\/><br \/><\/a>\n","protected":false},"excerpt":{"rendered":"<p>Pintura al \u00f3leo sobre lienzo Presentamos las obras que actualmente est\u00e1n disponibles online. Una venta a m\u00faltiples postores est\u00e1 excluida de nuestro sistema.Todos los precios excluyen IVA, gastos de env\u00edo, gastos de transporte y gastos de seguro. Entregamos los productos solicitados de forma fiable y puntual en todo el mundo mediante mensajer\u00eda, Brinks o Malca [&#8230;]<\/p>\n","protected":false},"author":1,"featured_media":0,"parent":0,"menu_order":0,"comment_status":"closed","ping_status":"closed","template":"","meta":{"_themeisle_gutenberg_block_has_review":false,"footnotes":""},"class_list":["post-1470","page","type-page","status-publish","hentry"],"yoast_head":"<!-- This site is optimized with the Yoast SEO plugin v27.4 - https:\/\/yoast.com\/product\/yoast-seo-wordpress\/ -->\n<title>Artista en la galer\u00eda - CPaint.CH<\/title>\n<meta name=\"robots\" content=\"index, follow, max-snippet:-1, max-image-preview:large, max-video-preview:-1\" \/>\n<link rel=\"canonical\" href=\"https:\/\/cpaint.ch\/es\/artist-in-the-galerie\/\" \/>\n<meta property=\"og:locale\" content=\"es_ES\" \/>\n<meta property=\"og:type\" content=\"article\" \/>\n<meta property=\"og:title\" content=\"Artista en la galer\u00eda - CPaint.CH\" \/>\n<meta property=\"og:description\" content=\"Pintura al \u00f3leo sobre lienzo Presentamos las obras que actualmente est\u00e1n disponibles online. Una venta a m\u00faltiples postores est\u00e1 excluida de nuestro sistema.Todos los precios excluyen IVA, gastos de env\u00edo, gastos de transporte y gastos de seguro. Entregamos los productos solicitados de forma fiable y puntual en todo el mundo mediante mensajer\u00eda, Brinks o Malca [...]\" \/>\n<meta property=\"og:url\" content=\"https:\/\/cpaint.ch\/es\/artist-in-the-galerie\/\" \/>\n<meta property=\"og:site_name\" content=\"CPaint.CH\" \/>\n<meta property=\"article:modified_time\" content=\"2026-01-06T14:52:24+00:00\" \/>\n<meta name=\"twitter:card\" content=\"summary_large_image\" \/>\n<meta name=\"twitter:label1\" content=\"Tiempo de lectura\" \/>\n\t<meta name=\"twitter:data1\" content=\"7 minutos\" \/>\n<script type=\"application\/ld+json\" class=\"yoast-schema-graph\">{\"@context\":\"https:\\\/\\\/schema.org\",\"@graph\":[{\"@type\":\"WebPage\",\"@id\":\"https:\\\/\\\/cpaint.ch\\\/es\\\/artist-in-the-galerie\\\/\",\"url\":\"https:\\\/\\\/cpaint.ch\\\/es\\\/artist-in-the-galerie\\\/\",\"name\":\"Artista en la galer\u00eda - CPaint.CH\",\"isPartOf\":{\"@id\":\"https:\\\/\\\/cpaint.ch\\\/#website\"},\"datePublished\":\"2022-11-22T16:25:07+00:00\",\"dateModified\":\"2026-01-06T14:52:24+00:00\",\"breadcrumb\":{\"@id\":\"https:\\\/\\\/cpaint.ch\\\/es\\\/artist-in-the-galerie\\\/#breadcrumb\"},\"inLanguage\":\"es\",\"potentialAction\":[{\"@type\":\"ReadAction\",\"target\":[\"https:\\\/\\\/cpaint.ch\\\/es\\\/artist-in-the-galerie\\\/\"]}]},{\"@type\":\"BreadcrumbList\",\"@id\":\"https:\\\/\\\/cpaint.ch\\\/es\\\/artist-in-the-galerie\\\/#breadcrumb\",\"itemListElement\":[{\"@type\":\"ListItem\",\"position\":1,\"name\":\"Startseite\",\"item\":\"https:\\\/\\\/cpaint.ch\\\/es\\\/\"},{\"@type\":\"ListItem\",\"position\":2,\"name\":\"Artista en la galer\u00eda\"}]},{\"@type\":\"WebSite\",\"@id\":\"https:\\\/\\\/cpaint.ch\\\/#website\",\"url\":\"https:\\\/\\\/cpaint.ch\\\/\",\"name\":\"CPaint.CH\",\"description\":\"\",\"potentialAction\":[{\"@type\":\"SearchAction\",\"target\":{\"@type\":\"EntryPoint\",\"urlTemplate\":\"https:\\\/\\\/cpaint.ch\\\/?s={search_term_string}\"},\"query-input\":{\"@type\":\"PropertyValueSpecification\",\"valueRequired\":true,\"valueName\":\"search_term_string\"}}],\"inLanguage\":\"es\"}]}<\/script>\n<!-- \/ Yoast SEO plugin. -->","yoast_head_json":{"title":"Artista en la galer\u00eda - CPaint.CH","robots":{"index":"index","follow":"follow","max-snippet":"max-snippet:-1","max-image-preview":"max-image-preview:large","max-video-preview":"max-video-preview:-1"},"canonical":"https:\/\/cpaint.ch\/es\/artist-in-the-galerie\/","og_locale":"es_ES","og_type":"article","og_title":"Artista en la galer\u00eda - CPaint.CH","og_description":"Pintura al \u00f3leo sobre lienzo Presentamos las obras que actualmente est\u00e1n disponibles online. Una venta a m\u00faltiples postores est\u00e1 excluida de nuestro sistema.Todos los precios excluyen IVA, gastos de env\u00edo, gastos de transporte y gastos de seguro. Entregamos los productos solicitados de forma fiable y puntual en todo el mundo mediante mensajer\u00eda, Brinks o Malca [...]","og_url":"https:\/\/cpaint.ch\/es\/artist-in-the-galerie\/","og_site_name":"CPaint.CH","article_modified_time":"2026-01-06T14:52:24+00:00","twitter_card":"summary_large_image","twitter_misc":{"Tiempo de lectura":"7 minutos"},"schema":{"@context":"https:\/\/schema.org","@graph":[{"@type":"WebPage","@id":"https:\/\/cpaint.ch\/es\/artist-in-the-galerie\/","url":"https:\/\/cpaint.ch\/es\/artist-in-the-galerie\/","name":"Artista en la galer\u00eda - CPaint.CH","isPartOf":{"@id":"https:\/\/cpaint.ch\/#website"},"datePublished":"2022-11-22T16:25:07+00:00","dateModified":"2026-01-06T14:52:24+00:00","breadcrumb":{"@id":"https:\/\/cpaint.ch\/es\/artist-in-the-galerie\/#breadcrumb"},"inLanguage":"es","potentialAction":[{"@type":"ReadAction","target":["https:\/\/cpaint.ch\/es\/artist-in-the-galerie\/"]}]},{"@type":"BreadcrumbList","@id":"https:\/\/cpaint.ch\/es\/artist-in-the-galerie\/#breadcrumb","itemListElement":[{"@type":"ListItem","position":1,"name":"Startseite","item":"https:\/\/cpaint.ch\/es\/"},{"@type":"ListItem","position":2,"name":"Artista en la galer\u00eda"}]},{"@type":"WebSite","@id":"https:\/\/cpaint.ch\/#website","url":"https:\/\/cpaint.ch\/","name":"CPaint.CH","description":"","potentialAction":[{"@type":"SearchAction","target":{"@type":"EntryPoint","urlTemplate":"https:\/\/cpaint.ch\/?s={search_term_string}"},"query-input":{"@type":"PropertyValueSpecification","valueRequired":true,"valueName":"search_term_string"}}],"inLanguage":"es"}]}},"_links":{"self":[{"href":"https:\/\/cpaint.ch\/es\/wp-json\/wp\/v2\/pages\/1470","targetHints":{"allow":["GET"]}}],"collection":[{"href":"https:\/\/cpaint.ch\/es\/wp-json\/wp\/v2\/pages"}],"about":[{"href":"https:\/\/cpaint.ch\/es\/wp-json\/wp\/v2\/types\/page"}],"author":[{"embeddable":true,"href":"https:\/\/cpaint.ch\/es\/wp-json\/wp\/v2\/users\/1"}],"replies":[{"embeddable":true,"href":"https:\/\/cpaint.ch\/es\/wp-json\/wp\/v2\/comments?post=1470"}],"version-history":[{"count":19,"href":"https:\/\/cpaint.ch\/es\/wp-json\/wp\/v2\/pages\/1470\/revisions"}],"predecessor-version":[{"id":1699,"href":"https:\/\/cpaint.ch\/es\/wp-json\/wp\/v2\/pages\/1470\/revisions\/1699"}],"wp:attachment":[{"href":"https:\/\/cpaint.ch\/es\/wp-json\/wp\/v2\/media?parent=1470"}],"curies":[{"name":"wp","href":"https:\/\/api.w.org\/{rel}","templated":true}]}}