{"id":1471,"date":"2022-11-22T17:24:05","date_gmt":"2022-11-22T16:24:05","guid":{"rendered":"https:\/\/cpaint.ch\/kontakt\/"},"modified":"2024-06-09T14:06:50","modified_gmt":"2024-06-09T12:06:50","slug":"kontakt","status":"publish","type":"page","link":"https:\/\/cpaint.ch\/es\/kontakt\/","title":{"rendered":"Contacto"},"content":{"rendered":"<div class=\"row\">\n<div class=\"col-md-12\">\n<h3>Comunicaci\u00f3n:<\/h3>\n<\/div>\n<\/div>\n<div clase=\"fila\">\n<div class=\"col-md-6\">\n<h4>Pintura<\/h4>\n<p>Taller<br \/>\nClaire Nadine Junghans<br \/>\nM\u00f3vil: +41 76 3763722<br \/>\nCorreo electr\u00f3nico: <a href=\"mailto:C@CPaint.ch\">C@CPaint.ch<\/a>\n<\/div>\n<div class=\"col-md-6\">\n<h4>Pintura<\/h4>\n<p>Administraci\u00f3n<br \/>\nJoachim Hans Junghans<br \/>\nM\u00f3vil: +41 76 3763721<br \/>\nCorreo electr\u00f3nico: <a href=\"mailto:J@CPaint.ch\">J@CPaint.ch<\/a>\n<\/div>\n<\/div>\n<div clase=\"fila\">\n<div class=\"col-md-6\">\n<h4>Pintura<\/h4>\n<p>Terminvereinbarung<br \/>\nJoachim Hans Junghans<br \/>\nM\u00f3vil: +41 76 3763721<br \/>\nCorreo electr\u00f3nico: <a href=\"mailto:J@CPaint.ch\">J@CPaint.ch<\/a>\n<\/div>\n<div class=\"col-md-6\">\n<h4>Pintura<\/h4>\n<p>Producci\u00f3n<br \/>\nClaire Nadine Junghans<br \/>\nM\u00f3vil: +41 76 3763722<br \/>\nCorreo electr\u00f3nico: <a href=\"mailto:C@CPaint.ch\">C@CPaint.ch<\/a>\n<\/div>\n<\/div>\n","protected":false},"excerpt":{"rendered":"<p>Comunicaci\u00f3n: Pintura Taller Claire Nadine Junghans M\u00f3vil: +41 76 3763722 Correo electr\u00f3nico: C@CPaint.ch Pintura Administraci\u00f3n Joachim Hans Junghans M\u00f3vil: +41 76 3763721 Correo electr\u00f3nico: J@CPaint.ch Pintura Terminvereinbarung Joachim Hans Junghans M\u00f3vil: +41 76 3763721 Correo electr\u00f3nico: J@CPaint.ch Pintura Producci\u00f3n Claire Nadine Junghans M\u00f3vil: +41 76 3763722 Correo electr\u00f3nico: C@CPaint.ch<\/p>\n","protected":false},"author":1,"featured_media":0,"parent":0,"menu_order":0,"comment_status":"closed","ping_status":"closed","template":"","meta":{"_themeisle_gutenberg_block_has_review":false,"footnotes":""},"class_list":["post-1471","page","type-page","status-publish","hentry"],"yoast_head":"<!-- This site is optimized with the Yoast SEO plugin v27.4 - https:\/\/yoast.com\/product\/yoast-seo-wordpress\/ -->\n<title>Contacto - CPaint.CH<\/title>\n<meta name=\"robots\" content=\"index, follow, max-snippet:-1, max-image-preview:large, max-video-preview:-1\" \/>\n<link rel=\"canonical\" href=\"https:\/\/cpaint.ch\/es\/kontakt\/\" \/>\n<meta property=\"og:locale\" content=\"es_ES\" \/>\n<meta property=\"og:type\" content=\"article\" \/>\n<meta property=\"og:title\" content=\"Contacto - CPaint.CH\" \/>\n<meta property=\"og:description\" content=\"Comunicaci\u00f3n: Pintura Taller Claire Nadine Junghans M\u00f3vil: +41 76 3763722 Correo electr\u00f3nico: C@CPaint.ch Pintura Administraci\u00f3n Joachim Hans Junghans M\u00f3vil: +41 76 3763721 Correo electr\u00f3nico: J@CPaint.ch Pintura Terminvereinbarung Joachim Hans Junghans M\u00f3vil: +41 76 3763721 Correo electr\u00f3nico: J@CPaint.ch Pintura Producci\u00f3n Claire Nadine Junghans M\u00f3vil: +41 76 3763722 Correo electr\u00f3nico: C@CPaint.ch\" \/>\n<meta property=\"og:url\" content=\"https:\/\/cpaint.ch\/es\/kontakt\/\" \/>\n<meta property=\"og:site_name\" content=\"CPaint.CH\" \/>\n<meta property=\"article:modified_time\" content=\"2024-06-09T12:06:50+00:00\" \/>\n<meta name=\"twitter:card\" content=\"summary_large_image\" \/>\n<meta name=\"twitter:label1\" content=\"Tiempo de lectura\" \/>\n\t<meta name=\"twitter:data1\" content=\"1 minuto\" \/>\n<script type=\"application\/ld+json\" class=\"yoast-schema-graph\">{\"@context\":\"https:\\\/\\\/schema.org\",\"@graph\":[{\"@type\":\"WebPage\",\"@id\":\"https:\\\/\\\/cpaint.ch\\\/es\\\/kontakt\\\/\",\"url\":\"https:\\\/\\\/cpaint.ch\\\/es\\\/kontakt\\\/\",\"name\":\"Contacto - CPaint.CH\",\"isPartOf\":{\"@id\":\"https:\\\/\\\/cpaint.ch\\\/#website\"},\"datePublished\":\"2022-11-22T16:24:05+00:00\",\"dateModified\":\"2024-06-09T12:06:50+00:00\",\"breadcrumb\":{\"@id\":\"https:\\\/\\\/cpaint.ch\\\/es\\\/kontakt\\\/#breadcrumb\"},\"inLanguage\":\"es\",\"potentialAction\":[{\"@type\":\"ReadAction\",\"target\":[\"https:\\\/\\\/cpaint.ch\\\/es\\\/kontakt\\\/\"]}]},{\"@type\":\"BreadcrumbList\",\"@id\":\"https:\\\/\\\/cpaint.ch\\\/es\\\/kontakt\\\/#breadcrumb\",\"itemListElement\":[{\"@type\":\"ListItem\",\"position\":1,\"name\":\"Startseite\",\"item\":\"https:\\\/\\\/cpaint.ch\\\/es\\\/\"},{\"@type\":\"ListItem\",\"position\":2,\"name\":\"Contacto\"}]},{\"@type\":\"WebSite\",\"@id\":\"https:\\\/\\\/cpaint.ch\\\/#website\",\"url\":\"https:\\\/\\\/cpaint.ch\\\/\",\"name\":\"CPaint.CH\",\"description\":\"\",\"potentialAction\":[{\"@type\":\"SearchAction\",\"target\":{\"@type\":\"EntryPoint\",\"urlTemplate\":\"https:\\\/\\\/cpaint.ch\\\/?s={search_term_string}\"},\"query-input\":{\"@type\":\"PropertyValueSpecification\",\"valueRequired\":true,\"valueName\":\"search_term_string\"}}],\"inLanguage\":\"es\"}]}<\/script>\n<!-- \/ Yoast SEO plugin. -->","yoast_head_json":{"title":"Contacto - CPaint.CH","robots":{"index":"index","follow":"follow","max-snippet":"max-snippet:-1","max-image-preview":"max-image-preview:large","max-video-preview":"max-video-preview:-1"},"canonical":"https:\/\/cpaint.ch\/es\/kontakt\/","og_locale":"es_ES","og_type":"article","og_title":"Contacto - CPaint.CH","og_description":"Comunicaci\u00f3n: Pintura Taller Claire Nadine Junghans M\u00f3vil: +41 76 3763722 Correo electr\u00f3nico: C@CPaint.ch Pintura Administraci\u00f3n Joachim Hans Junghans M\u00f3vil: +41 76 3763721 Correo electr\u00f3nico: J@CPaint.ch Pintura Terminvereinbarung Joachim Hans Junghans M\u00f3vil: +41 76 3763721 Correo electr\u00f3nico: J@CPaint.ch Pintura Producci\u00f3n Claire Nadine Junghans M\u00f3vil: +41 76 3763722 Correo electr\u00f3nico: C@CPaint.ch","og_url":"https:\/\/cpaint.ch\/es\/kontakt\/","og_site_name":"CPaint.CH","article_modified_time":"2024-06-09T12:06:50+00:00","twitter_card":"summary_large_image","twitter_misc":{"Tiempo de lectura":"1 minuto"},"schema":{"@context":"https:\/\/schema.org","@graph":[{"@type":"WebPage","@id":"https:\/\/cpaint.ch\/es\/kontakt\/","url":"https:\/\/cpaint.ch\/es\/kontakt\/","name":"Contacto - CPaint.CH","isPartOf":{"@id":"https:\/\/cpaint.ch\/#website"},"datePublished":"2022-11-22T16:24:05+00:00","dateModified":"2024-06-09T12:06:50+00:00","breadcrumb":{"@id":"https:\/\/cpaint.ch\/es\/kontakt\/#breadcrumb"},"inLanguage":"es","potentialAction":[{"@type":"ReadAction","target":["https:\/\/cpaint.ch\/es\/kontakt\/"]}]},{"@type":"BreadcrumbList","@id":"https:\/\/cpaint.ch\/es\/kontakt\/#breadcrumb","itemListElement":[{"@type":"ListItem","position":1,"name":"Startseite","item":"https:\/\/cpaint.ch\/es\/"},{"@type":"ListItem","position":2,"name":"Contacto"}]},{"@type":"WebSite","@id":"https:\/\/cpaint.ch\/#website","url":"https:\/\/cpaint.ch\/","name":"CPaint.CH","description":"","potentialAction":[{"@type":"SearchAction","target":{"@type":"EntryPoint","urlTemplate":"https:\/\/cpaint.ch\/?s={search_term_string}"},"query-input":{"@type":"PropertyValueSpecification","valueRequired":true,"valueName":"search_term_string"}}],"inLanguage":"es"}]}},"_links":{"self":[{"href":"https:\/\/cpaint.ch\/es\/wp-json\/wp\/v2\/pages\/1471","targetHints":{"allow":["GET"]}}],"collection":[{"href":"https:\/\/cpaint.ch\/es\/wp-json\/wp\/v2\/pages"}],"about":[{"href":"https:\/\/cpaint.ch\/es\/wp-json\/wp\/v2\/types\/page"}],"author":[{"embeddable":true,"href":"https:\/\/cpaint.ch\/es\/wp-json\/wp\/v2\/users\/1"}],"replies":[{"embeddable":true,"href":"https:\/\/cpaint.ch\/es\/wp-json\/wp\/v2\/comments?post=1471"}],"version-history":[{"count":3,"href":"https:\/\/cpaint.ch\/es\/wp-json\/wp\/v2\/pages\/1471\/revisions"}],"predecessor-version":[{"id":1502,"href":"https:\/\/cpaint.ch\/es\/wp-json\/wp\/v2\/pages\/1471\/revisions\/1502"}],"wp:attachment":[{"href":"https:\/\/cpaint.ch\/es\/wp-json\/wp\/v2\/media?parent=1471"}],"curies":[{"name":"wp","href":"https:\/\/api.w.org\/{rel}","templated":true}]}}