{"id":1474,"date":"2022-11-21T19:21:49","date_gmt":"2022-11-21T18:21:49","guid":{"rendered":"https:\/\/cpaint.ch\/pablo-picasso-best-reproduktion-von-cpaint\/"},"modified":"2024-06-09T13:58:31","modified_gmt":"2024-06-09T11:58:31","slug":"pablo-picasso-best-reproduktion-von-cpaint","status":"publish","type":"page","link":"https:\/\/cpaint.ch\/es\/","title":{"rendered":"Hogar"},"content":{"rendered":"<h2>Bienvenido a CPaint.CH<\/h2>\n<h4>CPaint es un estudio especializado en la reproducci\u00f3n de obras de Pablo Picasso.<\/h4>\n<p>Pablo Ruiz Picasso (nacido el 25 de octubre de 1881 en M\u00e1laga, Espa\u00f1a, \u2020 el 8 de abril de 1973 en Mougins, Francia) fue un pintor, artista gr\u00e1fico y escultor espa\u00f1ol. Su extensa obra incluye pinturas, dibujos, gr\u00e1ficos, collages, esculturas y cer\u00e1micas, cuyo n\u00famero total se estima en 50.000. Sus obras se caracterizan por una amplia variedad de expresiones y t\u00e9cnicas art\u00edsticas. Las obras de sus \u00c9pocas Azul y Rosa y la fundaci\u00f3n del Cubismo junto a Georges Braque marcan el inicio de su extraordinaria carrera art\u00edstica.<\/p>\n<p>Una de las obras m\u00e1s famosas de Picasso es el cuadro Les Demoiselles d&#8217;Avignon (1907). Se convirti\u00f3 en una imagen clave del modernismo cl\u00e1sico. Con la excepci\u00f3n del cuadro monumental Guernica (1937), una representaci\u00f3n art\u00edstica de los horrores de la Guerra Civil espa\u00f1ola, ninguna otra obra de arte del siglo XX ha desafiado tanto la investigaci\u00f3n como Las se\u00f1oritas. El motivo de la paloma en el cartel que dise\u00f1\u00f3 para el Congreso Mundial por la Paz de Par\u00eds en 1949 se convirti\u00f3 en un s\u00edmbolo de paz en todo el mundo.<\/p>\n<p>Amplias colecciones de Picasso se exhiben en museos de Par\u00eds, Barcelona y Madrid. Sus obras est\u00e1n representadas de manera destacada en muchos de los principales museos de arte del mundo que exhiben arte del siglo XX. El Museu Picasso de Barcelona y el Mus\u00e9e Picasso de Antibes se construyeron durante su vida.<\/p>\n<p>Fuente: <a href=\"https:\/\/de.wikipedia.org\/wiki\/Pablo_Picasso\" rel=\"noopener\" target=\"_blank\">https:\/\/de.wikipedia.org\/wiki\/Pablo_Picasso<\/a><\/p>\n<p>Se\u00f1alamos expresamente que mis obras difieren del original y son obras independientes que se basan en el estilo y t\u00e9cnica de \u201cPicasso\u201d. Todas las obras tienen un nivel de reproducci\u00f3n de al menos el 98,1% del original. Por supuesto, estos valores son verificables. S\u00f3lo utilizamos los mejores materiales disponibles en el mercado. Garantizamos la mayor calidad posible en todos los materiales que utilizamos.<\/p>\n","protected":false},"excerpt":{"rendered":"<p>Bienvenido a CPaint.CH CPaint es un estudio especializado en la reproducci\u00f3n de obras de Pablo Picasso. Pablo Ruiz Picasso (nacido el 25 de octubre de 1881 en M\u00e1laga, Espa\u00f1a, \u2020 el 8 de abril de 1973 en Mougins, Francia) fue un pintor, artista gr\u00e1fico y escultor espa\u00f1ol. Su extensa obra incluye pinturas, dibujos, gr\u00e1ficos, collages, [&#8230;]<\/p>\n","protected":false},"author":1,"featured_media":0,"parent":0,"menu_order":0,"comment_status":"closed","ping_status":"closed","template":"","meta":{"_themeisle_gutenberg_block_has_review":false,"footnotes":""},"class_list":["post-1474","page","type-page","status-publish","hentry"],"yoast_head":"<!-- This site is optimized with the Yoast SEO plugin v27.4 - https:\/\/yoast.com\/product\/yoast-seo-wordpress\/ -->\n<title>Hogar - CPaint.CH<\/title>\n<meta name=\"description\" content=\"CPaint ist ein Atelier, das sich auf das Reproduzieren von Pablo Picasso Werke, spezialisiert hat\" \/>\n<meta name=\"robots\" content=\"index, follow, max-snippet:-1, max-image-preview:large, max-video-preview:-1\" \/>\n<link rel=\"canonical\" href=\"https:\/\/cpaint.ch\/es\/\" \/>\n<meta property=\"og:locale\" content=\"es_ES\" \/>\n<meta property=\"og:type\" content=\"article\" \/>\n<meta property=\"og:title\" content=\"Hogar - CPaint.CH\" \/>\n<meta property=\"og:description\" content=\"CPaint ist ein Atelier, das sich auf das Reproduzieren von Pablo Picasso Werke, spezialisiert hat\" \/>\n<meta property=\"og:url\" content=\"https:\/\/cpaint.ch\/es\/\" \/>\n<meta property=\"og:site_name\" content=\"CPaint.CH\" \/>\n<meta property=\"article:modified_time\" content=\"2024-06-09T11:58:31+00:00\" \/>\n<meta name=\"twitter:card\" content=\"summary_large_image\" \/>\n<meta name=\"twitter:label1\" content=\"Tiempo de lectura\" \/>\n\t<meta name=\"twitter:data1\" content=\"2 minutos\" \/>\n<script type=\"application\/ld+json\" class=\"yoast-schema-graph\">{\"@context\":\"https:\\\/\\\/schema.org\",\"@graph\":[{\"@type\":\"WebPage\",\"@id\":\"https:\\\/\\\/cpaint.ch\\\/es\\\/\",\"url\":\"https:\\\/\\\/cpaint.ch\\\/es\\\/\",\"name\":\"Hogar - CPaint.CH\",\"isPartOf\":{\"@id\":\"https:\\\/\\\/cpaint.ch\\\/#website\"},\"datePublished\":\"2022-11-21T18:21:49+00:00\",\"dateModified\":\"2024-06-09T11:58:31+00:00\",\"description\":\"CPaint ist ein Atelier, das sich auf das Reproduzieren von Pablo Picasso Werke, spezialisiert hat\",\"breadcrumb\":{\"@id\":\"https:\\\/\\\/cpaint.ch\\\/es\\\/#breadcrumb\"},\"inLanguage\":\"es\",\"potentialAction\":[{\"@type\":\"ReadAction\",\"target\":[\"https:\\\/\\\/cpaint.ch\\\/es\\\/\"]}]},{\"@type\":\"BreadcrumbList\",\"@id\":\"https:\\\/\\\/cpaint.ch\\\/es\\\/#breadcrumb\",\"itemListElement\":[{\"@type\":\"ListItem\",\"position\":1,\"name\":\"Startseite\",\"item\":\"https:\\\/\\\/cpaint.ch\\\/es\\\/\"},{\"@type\":\"ListItem\",\"position\":2,\"name\":\"Hogar\"}]},{\"@type\":\"WebSite\",\"@id\":\"https:\\\/\\\/cpaint.ch\\\/#website\",\"url\":\"https:\\\/\\\/cpaint.ch\\\/\",\"name\":\"CPaint.CH\",\"description\":\"\",\"potentialAction\":[{\"@type\":\"SearchAction\",\"target\":{\"@type\":\"EntryPoint\",\"urlTemplate\":\"https:\\\/\\\/cpaint.ch\\\/?s={search_term_string}\"},\"query-input\":{\"@type\":\"PropertyValueSpecification\",\"valueRequired\":true,\"valueName\":\"search_term_string\"}}],\"inLanguage\":\"es\"}]}<\/script>\n<!-- \/ Yoast SEO plugin. -->","yoast_head_json":{"title":"Hogar - CPaint.CH","description":"CPaint ist ein Atelier, das sich auf das Reproduzieren von Pablo Picasso Werke, spezialisiert hat","robots":{"index":"index","follow":"follow","max-snippet":"max-snippet:-1","max-image-preview":"max-image-preview:large","max-video-preview":"max-video-preview:-1"},"canonical":"https:\/\/cpaint.ch\/es\/","og_locale":"es_ES","og_type":"article","og_title":"Hogar - CPaint.CH","og_description":"CPaint ist ein Atelier, das sich auf das Reproduzieren von Pablo Picasso Werke, spezialisiert hat","og_url":"https:\/\/cpaint.ch\/es\/","og_site_name":"CPaint.CH","article_modified_time":"2024-06-09T11:58:31+00:00","twitter_card":"summary_large_image","twitter_misc":{"Tiempo de lectura":"2 minutos"},"schema":{"@context":"https:\/\/schema.org","@graph":[{"@type":"WebPage","@id":"https:\/\/cpaint.ch\/es\/","url":"https:\/\/cpaint.ch\/es\/","name":"Hogar - CPaint.CH","isPartOf":{"@id":"https:\/\/cpaint.ch\/#website"},"datePublished":"2022-11-21T18:21:49+00:00","dateModified":"2024-06-09T11:58:31+00:00","description":"CPaint ist ein Atelier, das sich auf das Reproduzieren von Pablo Picasso Werke, spezialisiert hat","breadcrumb":{"@id":"https:\/\/cpaint.ch\/es\/#breadcrumb"},"inLanguage":"es","potentialAction":[{"@type":"ReadAction","target":["https:\/\/cpaint.ch\/es\/"]}]},{"@type":"BreadcrumbList","@id":"https:\/\/cpaint.ch\/es\/#breadcrumb","itemListElement":[{"@type":"ListItem","position":1,"name":"Startseite","item":"https:\/\/cpaint.ch\/es\/"},{"@type":"ListItem","position":2,"name":"Hogar"}]},{"@type":"WebSite","@id":"https:\/\/cpaint.ch\/#website","url":"https:\/\/cpaint.ch\/","name":"CPaint.CH","description":"","potentialAction":[{"@type":"SearchAction","target":{"@type":"EntryPoint","urlTemplate":"https:\/\/cpaint.ch\/?s={search_term_string}"},"query-input":{"@type":"PropertyValueSpecification","valueRequired":true,"valueName":"search_term_string"}}],"inLanguage":"es"}]}},"_links":{"self":[{"href":"https:\/\/cpaint.ch\/es\/wp-json\/wp\/v2\/pages\/1474","targetHints":{"allow":["GET"]}}],"collection":[{"href":"https:\/\/cpaint.ch\/es\/wp-json\/wp\/v2\/pages"}],"about":[{"href":"https:\/\/cpaint.ch\/es\/wp-json\/wp\/v2\/types\/page"}],"author":[{"embeddable":true,"href":"https:\/\/cpaint.ch\/es\/wp-json\/wp\/v2\/users\/1"}],"replies":[{"embeddable":true,"href":"https:\/\/cpaint.ch\/es\/wp-json\/wp\/v2\/comments?post=1474"}],"version-history":[{"count":2,"href":"https:\/\/cpaint.ch\/es\/wp-json\/wp\/v2\/pages\/1474\/revisions"}],"predecessor-version":[{"id":1494,"href":"https:\/\/cpaint.ch\/es\/wp-json\/wp\/v2\/pages\/1474\/revisions\/1494"}],"wp:attachment":[{"href":"https:\/\/cpaint.ch\/es\/wp-json\/wp\/v2\/media?parent=1474"}],"curies":[{"name":"wp","href":"https:\/\/api.w.org\/{rel}","templated":true}]}}