{"id":1475,"date":"2022-11-21T19:21:49","date_gmt":"2022-11-21T18:21:49","guid":{"rendered":"https:\/\/cpaint.ch\/datenschutz\/"},"modified":"2024-06-09T14:14:28","modified_gmt":"2024-06-09T12:14:28","slug":"datenschutz","status":"publish","type":"page","link":"https:\/\/cpaint.ch\/es\/datenschutz\/","title":{"rendered":"Datenschutz"},"content":{"rendered":"<h4>1.Organismo responsable en el sentido del art\u00edculo 13, apartado 1 de la TMG \/ art\u00edculo 3, apartado 7 de la BDSG<\/h4>\n<p>El organismo responsable en el sentido de la ley de protecci\u00f3n de datos es:<br \/>\nEl CPaint.CH<br \/>\nFlughofstrasse 47<br \/>\nCH-8152 Glattbrugg \/ Z\u00farich Suiza<br \/>\nCorreo electr\u00f3nico:\u00a0<a href=\"mailto:info@CPaint.CH\">info@CPaint.CH<\/a><\/p>\n<h4>2. Recopilaci\u00f3n y almacenamiento de datos personales<\/h4>\n<h5>2.1) Al visitar el sitio web<\/h5>\n<p>Cuando accede a nuestro sitio web www.CPaint.CH, el navegador utilizado en su dispositivo env\u00eda autom\u00e1ticamente informaci\u00f3n al servidor de nuestro sitio web. Esta informaci\u00f3n se almacena temporalmente en el llamado archivo de registro. La siguiente informaci\u00f3n se registra sin su intervenci\u00f3n y se almacena hasta que se elimina autom\u00e1ticamente:<\/p>\n<ul>\n<li>Direcci\u00f3n IP del ordenador solicitante<\/li>\n<li>Fecha y hora de acceso<\/li>\n<li>Nombre y URL del archivo recuperado<\/li>\n<li>Sitio web desde el que se accede (URL de referencia)<\/li>\n<li>Navegador utilizado y, en su caso, el sistema operativo de su ordenador as\u00ed como el nombre de su proveedor de acceso.<\/li>\n<\/ul>\n<p>Los datos mencionados ser\u00e1n procesados \u200b\u200bpor nosotros para las siguientes finalidades:<\/p>\n<ul>\n<li>Garantizar una conexi\u00f3n fluida al sitio web,<\/li>\n<li>Garantizar un uso c\u00f3modo de nuestro sitio web,<\/li>\n<li>Evaluaci\u00f3n tambi\u00e9n de la seguridad y estabilidad del sistema<\/li>\n<li>para fines administrativos adicionales.<\/li>\n<\/ul>\n<p>La base jur\u00eddica para el tratamiento de datos es el art\u00edculo 6, apartado 1, frase 1, letra f del RGPD. Nuestro inter\u00e9s leg\u00edtimo se deriva de los fines de recopilaci\u00f3n de datos enumerados anteriormente. En ning\u00fan caso utilizamos los datos recopilados con el fin de sacar conclusiones sobre usted personalmente. Tambi\u00e9n utilizamos cookies y servicios de an\u00e1lisis cuando visita nuestro sitio web. Puede encontrar m\u00e1s explicaciones en las secciones 4 y 5 de esta declaraci\u00f3n de protecci\u00f3n de datos.<\/p>\n<h5>2.2) Al utilizar nuestro formulario de contacto<\/h5>\n<p>Si tiene alguna pregunta, le ofrecemos la oportunidad de ponerse en contacto con nosotros mediante un formulario dispuesto en el sitio web. Es necesario proporcionar un nombre, un n\u00famero de tel\u00e9fono y una direcci\u00f3n de correo electr\u00f3nico v\u00e1lida para que sepamos de qui\u00e9n proviene la solicitud y poder responderla. Se puede proporcionar m\u00e1s informaci\u00f3n de forma voluntaria. El procesamiento de datos con el fin de contactarnos se lleva a cabo de acuerdo con el art\u00edculo 6, p\u00e1rrafo 1, frase 1, letra a del RGPD, bas\u00e1ndose en su consentimiento otorgado voluntariamente. Los datos personales que recopilamos al utilizar el formulario de contacto se eliminar\u00e1n autom\u00e1ticamente una vez que se haya completado la solicitud que haya enviado.<\/p>\n<h5>2.3) Menci\u00f3n de la empresa en proyectos<\/h5>\n<p>Su empresa, nombre o asociaci\u00f3n s\u00f3lo ser\u00e1 mencionada en nuestra secci\u00f3n \u201cProyectos\u201d con su expreso consentimiento. Esto puede ser revocado en cualquier momento. Revocar su consentimiento no afectar\u00e1 a la licitud del tratamiento realizado sobre su base hasta el momento de su revocaci\u00f3n. En caso de revocaci\u00f3n, sus datos personales ser\u00e1n eliminados inmediatamente. Puede encontrar m\u00e1s explicaciones sobre sus derechos en las secciones 6 y 7 de esta declaraci\u00f3n de protecci\u00f3n de datos.<\/p>\n<h4>3. Uso an\u00f3nimo\/seud\u00f3nimo del sitio web<\/h4>\n<p>En principio, puede visitar nuestro sitio web sin facilitar ning\u00fan dato personal. Los datos de uso seud\u00f3nimos no se fusionar\u00e1n con los datos del portador del seud\u00f3nimo. No se crean perfiles de uso seud\u00f3nimos.<\/p>\n<h4>4. Compartir datos<\/h4>\n<p>Sus datos personales no ser\u00e1n cedidos a terceros para finalidades distintas a las que se enumeran a continuaci\u00f3n.<\/p>\n<p>Solo compartiremos su informaci\u00f3n personal con terceros si:<\/p>\n<ul>\n<li>Usted ha dado su consentimiento expreso de conformidad con el art\u00edculo 6, apartado 1, frase 1, letra a del RGPD,<\/li>\n<li>La divulgaci\u00f3n de conformidad con el art\u00edculo 6, p\u00e1rrafo 1, frase 1, letra f del RGPD es necesaria para hacer valer, ejercer o defender reclamaciones legales y no hay raz\u00f3n para suponer que usted tiene un inter\u00e9s leg\u00edtimo superior en no divulgar sus datos,< \/li>\n<li>en caso de que exista una obligaci\u00f3n legal de divulgaci\u00f3n de conformidad con el art\u00edculo 6, apartado 1, frase 1, letra c del RGPD, as\u00ed como<\/li>\n<li>Esto est\u00e1 legalmente permitido y es necesario para el procesamiento de las relaciones contractuales con usted de conformidad con el art\u00edculo 6, apartado 1, frase 1, letra b del RGPD.<\/li>\n<\/ul>\n<h4>5. Galletas<\/h4>\n<p>Usamos cookies en nuestro sitio. Se trata de peque\u00f1os archivos que su navegador crea autom\u00e1ticamente y que se almacenan en su dispositivo (port\u00e1til, tableta, tel\u00e9fono inteligente, etc.) cuando visita nuestro sitio. Las cookies no causan ning\u00fan da\u00f1o a su dispositivo y no contienen virus, troyanos u otro malware. La cookie almacena informaci\u00f3n que surge en relaci\u00f3n con el dispositivo final espec\u00edfico utilizado. Sin embargo, esto no significa que recibamos conocimiento directo de su identidad. Por un lado, el uso de cookies sirve para que el uso de nuestra oferta le resulte m\u00e1s agradable. Utilizamos las llamadas cookies de sesi\u00f3n para reconocer que ya ha visitado p\u00e1ginas individuales de nuestro sitio web. Estos se eliminan autom\u00e1ticamente despu\u00e9s de que abandona nuestro sitio. Adem\u00e1s, para optimizar la facilidad de uso, tambi\u00e9n utilizamos cookies temporales que se almacenan en su dispositivo durante un per\u00edodo de tiempo espec\u00edfico. Si vuelve a visitar nuestro sitio para utilizar nuestros servicios, se reconocer\u00e1 autom\u00e1ticamente que ya ha estado con nosotros y qu\u00e9 entradas y configuraciones ha realizado para que no tenga que volver a ingresarlas. Por otro lado, utilizamos cookies para registrar estad\u00edsticamente el uso de nuestro sitio web y evaluarlo con el fin de optimizar nuestra oferta para usted (ver secci\u00f3n 5). Estas cookies nos permiten reconocer autom\u00e1ticamente que ya ha estado con nosotros cuando visita nuestro sitio nuevamente. Estas cookies se eliminan autom\u00e1ticamente despu\u00e9s de un per\u00edodo de tiempo definido. Los datos procesados \u200b\u200bpor las cookies son necesarios para los fines mencionados para proteger nuestros intereses leg\u00edtimos y los de terceros de conformidad con el art\u00edculo 6, apartado 1, frase 1, letra f del RGPD. La mayor\u00eda de los navegadores aceptan cookies autom\u00e1ticamente. Sin embargo, puede configurar su navegador para que no se almacenen cookies en su computadora o para que siempre aparezca un mensaje antes de que se cree una nueva cookie. Sin embargo, desactivar completamente las cookies puede significar que no pueda utilizar todas las funciones de nuestro sitio web.<\/p>\n<h4>6. Derechos de los afectados<\/h4>\n<p>Tienes derecho:<\/p>\n<ul>\n<li>De conformidad con el art. 15 del RGPD, para solicitar informaci\u00f3n sobre sus datos personales procesados \u200b\u200bpor nosotros. En particular, puede obtener informaci\u00f3n sobre los fines del procesamiento, la categor\u00eda de los datos personales, las categor\u00edas de destinatarios a quienes sus datos han sido o ser\u00e1n comunicados, el per\u00edodo de almacenamiento previsto, la existencia de un derecho de rectificaci\u00f3n, supresi\u00f3n, limitaci\u00f3n. de procesamiento u objeci\u00f3n, la existencia de un Derecho a reclamar, el origen de sus datos, si no fueron recopilados por nosotros, as\u00ed como la existencia de una toma de decisiones automatizada que incluye la elaboraci\u00f3n de perfiles y, si es necesario, informaci\u00f3n significativa sobre sus detalles; <\/li>\n<li>De conformidad con el art\u00edculo 16 del RGPD, solicitar inmediatamente la correcci\u00f3n de los datos personales incorrectos o completos que hayamos almacenado;<\/li>\n<li>De conformidad con el Art. 17 GDPR, para solicitar la eliminaci\u00f3n de sus datos personales almacenados por nosotros, a menos que el procesamiento se lleve a cabo para ejercer el derecho a la libertad de expresi\u00f3n e informaci\u00f3n, para cumplir con una obligaci\u00f3n legal, por razones de inter\u00e9s p\u00fablico. inter\u00e9s o para hacer valer, ejercer o defender reclamaciones legales sea necesario;<\/li>\n<li>De conformidad con el art\u00edculo 18 del RGPD, solicitar la restricci\u00f3n del procesamiento de sus datos personales si cuestiona la exactitud de los datos, el procesamiento es ilegal pero rechaza su eliminaci\u00f3n y ya no necesitamos los datos pero usted desea. para utilizarlo debe hacer valer, ejercer o defender reclamaciones legales o se ha opuesto al procesamiento de conformidad con el art. 21 del RGPD;<\/li>\n<li>De conformidad con el art. 20 RGPD, para recibir sus datos personales que nos ha proporcionado en un formato estructurado, com\u00fan y legible por m\u00e1quina o para solicitar que sean transferidos a otro responsable;<\/li>\n<li>De conformidad con el art\u00edculo 7, apartado 3 del RGPD, puede revocar su consentimiento en cualquier momento. Esto significa que ya no podremos continuar con el procesamiento de datos basado en este consentimiento en el futuro y<\/li>\n<li>Reclamar ante una autoridad supervisora \u200b\u200bde conformidad con el art. 77 del RGPD. Como regla general, puede ponerse en contacto con la autoridad de control en su lugar habitual de residencia o de trabajo o en nuestra oficina.<\/li>\n<\/ul>\n<h4>7. Derecho de oposici\u00f3n<\/h4>\n<p>Si sus datos personales se procesan sobre la base de intereses leg\u00edtimos de conformidad con el art\u00edculo 6, p\u00e1rrafo 1, frase 1, letra f del RGPD, tiene derecho a oponerse al procesamiento de sus datos de conformidad con el art\u00edculo 21 del RGPD.<\/p>\n","protected":false},"excerpt":{"rendered":"<p>1.Organismo responsable en el sentido del art\u00edculo 13, apartado 1 de la TMG \/ art\u00edculo 3, apartado 7 de la BDSG El organismo responsable en el sentido de la ley de protecci\u00f3n de datos es: El CPaint.CH Flughofstrasse 47 CH-8152 Glattbrugg \/ Z\u00farich Suiza Correo electr\u00f3nico:\u00a0info@CPaint.CH 2. Recopilaci\u00f3n y almacenamiento de datos personales 2.1) Al [&#8230;]<\/p>\n","protected":false},"author":1,"featured_media":0,"parent":0,"menu_order":0,"comment_status":"closed","ping_status":"closed","template":"","meta":{"_themeisle_gutenberg_block_has_review":false,"footnotes":""},"class_list":["post-1475","page","type-page","status-publish","hentry"],"yoast_head":"<!-- This site is optimized with the Yoast SEO plugin v27.4 - https:\/\/yoast.com\/product\/yoast-seo-wordpress\/ -->\n<title>Datenschutz - CPaint.CH<\/title>\n<meta name=\"robots\" content=\"index, follow, max-snippet:-1, max-image-preview:large, max-video-preview:-1\" \/>\n<link rel=\"canonical\" href=\"https:\/\/cpaint.ch\/es\/datenschutz\/\" \/>\n<meta property=\"og:locale\" content=\"es_ES\" \/>\n<meta property=\"og:type\" content=\"article\" \/>\n<meta property=\"og:title\" content=\"Datenschutz - CPaint.CH\" \/>\n<meta property=\"og:description\" content=\"1.Organismo responsable en el sentido del art\u00edculo 13, apartado 1 de la TMG \/ art\u00edculo 3, apartado 7 de la BDSG El organismo responsable en el sentido de la ley de protecci\u00f3n de datos es: El CPaint.CH Flughofstrasse 47 CH-8152 Glattbrugg \/ Z\u00farich Suiza Correo electr\u00f3nico:\u00a0info@CPaint.CH 2. Recopilaci\u00f3n y almacenamiento de datos personales 2.1) Al [...]\" \/>\n<meta property=\"og:url\" content=\"https:\/\/cpaint.ch\/es\/datenschutz\/\" \/>\n<meta property=\"og:site_name\" content=\"CPaint.CH\" \/>\n<meta property=\"article:modified_time\" content=\"2024-06-09T12:14:28+00:00\" \/>\n<meta name=\"twitter:card\" content=\"summary_large_image\" \/>\n<meta name=\"twitter:label1\" content=\"Tiempo de lectura\" \/>\n\t<meta name=\"twitter:data1\" content=\"8 minutos\" \/>\n<script type=\"application\/ld+json\" class=\"yoast-schema-graph\">{\"@context\":\"https:\\\/\\\/schema.org\",\"@graph\":[{\"@type\":\"WebPage\",\"@id\":\"https:\\\/\\\/cpaint.ch\\\/es\\\/datenschutz\\\/\",\"url\":\"https:\\\/\\\/cpaint.ch\\\/es\\\/datenschutz\\\/\",\"name\":\"Datenschutz - CPaint.CH\",\"isPartOf\":{\"@id\":\"https:\\\/\\\/cpaint.ch\\\/#website\"},\"datePublished\":\"2022-11-21T18:21:49+00:00\",\"dateModified\":\"2024-06-09T12:14:28+00:00\",\"breadcrumb\":{\"@id\":\"https:\\\/\\\/cpaint.ch\\\/es\\\/datenschutz\\\/#breadcrumb\"},\"inLanguage\":\"es\",\"potentialAction\":[{\"@type\":\"ReadAction\",\"target\":[\"https:\\\/\\\/cpaint.ch\\\/es\\\/datenschutz\\\/\"]}]},{\"@type\":\"BreadcrumbList\",\"@id\":\"https:\\\/\\\/cpaint.ch\\\/es\\\/datenschutz\\\/#breadcrumb\",\"itemListElement\":[{\"@type\":\"ListItem\",\"position\":1,\"name\":\"Startseite\",\"item\":\"https:\\\/\\\/cpaint.ch\\\/es\\\/\"},{\"@type\":\"ListItem\",\"position\":2,\"name\":\"Datenschutz\"}]},{\"@type\":\"WebSite\",\"@id\":\"https:\\\/\\\/cpaint.ch\\\/#website\",\"url\":\"https:\\\/\\\/cpaint.ch\\\/\",\"name\":\"CPaint.CH\",\"description\":\"\",\"potentialAction\":[{\"@type\":\"SearchAction\",\"target\":{\"@type\":\"EntryPoint\",\"urlTemplate\":\"https:\\\/\\\/cpaint.ch\\\/?s={search_term_string}\"},\"query-input\":{\"@type\":\"PropertyValueSpecification\",\"valueRequired\":true,\"valueName\":\"search_term_string\"}}],\"inLanguage\":\"es\"}]}<\/script>\n<!-- \/ Yoast SEO plugin. -->","yoast_head_json":{"title":"Datenschutz - CPaint.CH","robots":{"index":"index","follow":"follow","max-snippet":"max-snippet:-1","max-image-preview":"max-image-preview:large","max-video-preview":"max-video-preview:-1"},"canonical":"https:\/\/cpaint.ch\/es\/datenschutz\/","og_locale":"es_ES","og_type":"article","og_title":"Datenschutz - CPaint.CH","og_description":"1.Organismo responsable en el sentido del art\u00edculo 13, apartado 1 de la TMG \/ art\u00edculo 3, apartado 7 de la BDSG El organismo responsable en el sentido de la ley de protecci\u00f3n de datos es: El CPaint.CH Flughofstrasse 47 CH-8152 Glattbrugg \/ Z\u00farich Suiza Correo electr\u00f3nico:\u00a0info@CPaint.CH 2. Recopilaci\u00f3n y almacenamiento de datos personales 2.1) Al [...]","og_url":"https:\/\/cpaint.ch\/es\/datenschutz\/","og_site_name":"CPaint.CH","article_modified_time":"2024-06-09T12:14:28+00:00","twitter_card":"summary_large_image","twitter_misc":{"Tiempo de lectura":"8 minutos"},"schema":{"@context":"https:\/\/schema.org","@graph":[{"@type":"WebPage","@id":"https:\/\/cpaint.ch\/es\/datenschutz\/","url":"https:\/\/cpaint.ch\/es\/datenschutz\/","name":"Datenschutz - CPaint.CH","isPartOf":{"@id":"https:\/\/cpaint.ch\/#website"},"datePublished":"2022-11-21T18:21:49+00:00","dateModified":"2024-06-09T12:14:28+00:00","breadcrumb":{"@id":"https:\/\/cpaint.ch\/es\/datenschutz\/#breadcrumb"},"inLanguage":"es","potentialAction":[{"@type":"ReadAction","target":["https:\/\/cpaint.ch\/es\/datenschutz\/"]}]},{"@type":"BreadcrumbList","@id":"https:\/\/cpaint.ch\/es\/datenschutz\/#breadcrumb","itemListElement":[{"@type":"ListItem","position":1,"name":"Startseite","item":"https:\/\/cpaint.ch\/es\/"},{"@type":"ListItem","position":2,"name":"Datenschutz"}]},{"@type":"WebSite","@id":"https:\/\/cpaint.ch\/#website","url":"https:\/\/cpaint.ch\/","name":"CPaint.CH","description":"","potentialAction":[{"@type":"SearchAction","target":{"@type":"EntryPoint","urlTemplate":"https:\/\/cpaint.ch\/?s={search_term_string}"},"query-input":{"@type":"PropertyValueSpecification","valueRequired":true,"valueName":"search_term_string"}}],"inLanguage":"es"}]}},"_links":{"self":[{"href":"https:\/\/cpaint.ch\/es\/wp-json\/wp\/v2\/pages\/1475","targetHints":{"allow":["GET"]}}],"collection":[{"href":"https:\/\/cpaint.ch\/es\/wp-json\/wp\/v2\/pages"}],"about":[{"href":"https:\/\/cpaint.ch\/es\/wp-json\/wp\/v2\/types\/page"}],"author":[{"embeddable":true,"href":"https:\/\/cpaint.ch\/es\/wp-json\/wp\/v2\/users\/1"}],"replies":[{"embeddable":true,"href":"https:\/\/cpaint.ch\/es\/wp-json\/wp\/v2\/comments?post=1475"}],"version-history":[{"count":7,"href":"https:\/\/cpaint.ch\/es\/wp-json\/wp\/v2\/pages\/1475\/revisions"}],"predecessor-version":[{"id":1510,"href":"https:\/\/cpaint.ch\/es\/wp-json\/wp\/v2\/pages\/1475\/revisions\/1510"}],"wp:attachment":[{"href":"https:\/\/cpaint.ch\/es\/wp-json\/wp\/v2\/media?parent=1475"}],"curies":[{"name":"wp","href":"https:\/\/api.w.org\/{rel}","templated":true}]}}