{"id":1066,"date":"2022-12-18T15:07:58","date_gmt":"2022-12-18T14:07:58","guid":{"rendered":"https:\/\/cpaint.ch\/kundenservice\/"},"modified":"2024-05-04T10:06:54","modified_gmt":"2024-05-04T08:06:54","slug":"service-client","status":"publish","type":"page","link":"https:\/\/cpaint.ch\/fr\/service-client\/","title":{"rendered":"Service client"},"content":{"rendered":"<div class=\"row\">\n<div class=\"col-md-12\">\n<ul class=\"pricing-table standard\">\n<li class=\"titre\">\n<h2>Spectre de performances<\/p>\n<h2>\n<span><\/span>\n<\/li>\n<li>\n<p>S\u00e9lection de l&rsquo;\u0153uvre<\/p>\n<\/li>\n<li>\n<p>D\u00e9termination de la taille<\/p>\n<\/li>\n<li>\n<p>D\u00e9termination du canevas<\/p>\n<\/li>\n<li>\n<p>Conseils de style<\/p>\n<\/li>\n<li>\n<p>Encadrer l&rsquo;\u0153uvre d&rsquo;art<\/p>\n<\/li>\n<li>\n<p>Conseils sur le cadre studio ou cadre baroque<\/p>\n<\/li>\n<li>\n<p>Emballage s\u00fbr pour le transport<\/p>\n<\/li>\n<li>\n<p>Envoi assur\u00e9 par nos soins<\/p>\n<\/li>\n<li>\n<p>Livraison personnelle de grandes images<\/p>\n<\/li>\n<li>\n<p>Installation du tableau sur vos murs avec des professionnels\n<\/p>\n<\/li>\n<li>\n<p>Traitement et \u00e9limination durables des mat\u00e9riaux d&#8217;emballage<\/p>\n<\/li>\n<\/ul>\n<\/div>\n<\/div>\n<h3>Service de ramassage<\/h3>\n<p>Nous transportons vos mati\u00e8res recyclables de mani\u00e8re fiable et ponctuelle dans le monde entier avec une entreprise de transport\/coursier certifi\u00e9e. Nous transporterons vos marchandises en franchise de droits. Tous nos objets de valeur sont transport\u00e9s dans des caisses de transport d\u00e9sign\u00e9es avec traceurs GPS.<\/p>\n","protected":false},"excerpt":{"rendered":"<p>Spectre de performances S\u00e9lection de l&rsquo;\u0153uvre D\u00e9termination de la taille D\u00e9termination du canevas Conseils de style Encadrer l&rsquo;\u0153uvre d&rsquo;art Conseils sur le cadre studio ou cadre baroque Emballage s\u00fbr pour le transport Envoi assur\u00e9 par nos soins Livraison personnelle de grandes images Installation du tableau sur vos murs avec des professionnels Traitement et \u00e9limination durables [&#8230;]<\/p>\n","protected":false},"author":2,"featured_media":0,"parent":0,"menu_order":0,"comment_status":"closed","ping_status":"closed","template":"","meta":{"_themeisle_gutenberg_block_has_review":false,"footnotes":""},"class_list":["post-1066","page","type-page","status-publish","hentry"],"yoast_head":"<!-- This site is optimized with the Yoast SEO plugin v27.4 - https:\/\/yoast.com\/product\/yoast-seo-wordpress\/ -->\n<title>Service client - CPaint.CH<\/title>\n<meta name=\"robots\" content=\"index, follow, max-snippet:-1, max-image-preview:large, max-video-preview:-1\" \/>\n<link rel=\"canonical\" href=\"https:\/\/cpaint.ch\/fr\/service-client\/\" \/>\n<meta property=\"og:locale\" content=\"fr_FR\" \/>\n<meta property=\"og:type\" content=\"article\" \/>\n<meta property=\"og:title\" content=\"Service client - CPaint.CH\" \/>\n<meta property=\"og:description\" content=\"Spectre de performances S\u00e9lection de l&rsquo;\u0153uvre D\u00e9termination de la taille D\u00e9termination du canevas Conseils de style Encadrer l&rsquo;\u0153uvre d&rsquo;art Conseils sur le cadre studio ou cadre baroque Emballage s\u00fbr pour le transport Envoi assur\u00e9 par nos soins Livraison personnelle de grandes images Installation du tableau sur vos murs avec des professionnels Traitement et \u00e9limination durables [...]\" \/>\n<meta property=\"og:url\" content=\"https:\/\/cpaint.ch\/fr\/service-client\/\" \/>\n<meta property=\"og:site_name\" content=\"CPaint.CH\" \/>\n<meta property=\"article:modified_time\" content=\"2024-05-04T08:06:54+00:00\" \/>\n<meta name=\"twitter:card\" content=\"summary_large_image\" \/>\n<meta name=\"twitter:label1\" content=\"Dur\u00e9e de lecture estim\u00e9e\" \/>\n\t<meta name=\"twitter:data1\" content=\"1 minute\" \/>\n<script type=\"application\/ld+json\" class=\"yoast-schema-graph\">{\"@context\":\"https:\\\/\\\/schema.org\",\"@graph\":[{\"@type\":\"WebPage\",\"@id\":\"https:\\\/\\\/cpaint.ch\\\/fr\\\/service-client\\\/\",\"url\":\"https:\\\/\\\/cpaint.ch\\\/fr\\\/service-client\\\/\",\"name\":\"Service client - CPaint.CH\",\"isPartOf\":{\"@id\":\"https:\\\/\\\/cpaint.ch\\\/#website\"},\"datePublished\":\"2022-12-18T14:07:58+00:00\",\"dateModified\":\"2024-05-04T08:06:54+00:00\",\"breadcrumb\":{\"@id\":\"https:\\\/\\\/cpaint.ch\\\/fr\\\/service-client\\\/#breadcrumb\"},\"inLanguage\":\"fr-FR\",\"potentialAction\":[{\"@type\":\"ReadAction\",\"target\":[\"https:\\\/\\\/cpaint.ch\\\/fr\\\/service-client\\\/\"]}]},{\"@type\":\"BreadcrumbList\",\"@id\":\"https:\\\/\\\/cpaint.ch\\\/fr\\\/service-client\\\/#breadcrumb\",\"itemListElement\":[{\"@type\":\"ListItem\",\"position\":1,\"name\":\"Startseite\",\"item\":\"https:\\\/\\\/cpaint.ch\\\/fr\\\/\"},{\"@type\":\"ListItem\",\"position\":2,\"name\":\"Service client\"}]},{\"@type\":\"WebSite\",\"@id\":\"https:\\\/\\\/cpaint.ch\\\/#website\",\"url\":\"https:\\\/\\\/cpaint.ch\\\/\",\"name\":\"CPaint.CH\",\"description\":\"\",\"potentialAction\":[{\"@type\":\"SearchAction\",\"target\":{\"@type\":\"EntryPoint\",\"urlTemplate\":\"https:\\\/\\\/cpaint.ch\\\/?s={search_term_string}\"},\"query-input\":{\"@type\":\"PropertyValueSpecification\",\"valueRequired\":true,\"valueName\":\"search_term_string\"}}],\"inLanguage\":\"fr-FR\"}]}<\/script>\n<!-- \/ Yoast SEO plugin. -->","yoast_head_json":{"title":"Service client - CPaint.CH","robots":{"index":"index","follow":"follow","max-snippet":"max-snippet:-1","max-image-preview":"max-image-preview:large","max-video-preview":"max-video-preview:-1"},"canonical":"https:\/\/cpaint.ch\/fr\/service-client\/","og_locale":"fr_FR","og_type":"article","og_title":"Service client - CPaint.CH","og_description":"Spectre de performances S\u00e9lection de l&rsquo;\u0153uvre D\u00e9termination de la taille D\u00e9termination du canevas Conseils de style Encadrer l&rsquo;\u0153uvre d&rsquo;art Conseils sur le cadre studio ou cadre baroque Emballage s\u00fbr pour le transport Envoi assur\u00e9 par nos soins Livraison personnelle de grandes images Installation du tableau sur vos murs avec des professionnels Traitement et \u00e9limination durables [...]","og_url":"https:\/\/cpaint.ch\/fr\/service-client\/","og_site_name":"CPaint.CH","article_modified_time":"2024-05-04T08:06:54+00:00","twitter_card":"summary_large_image","twitter_misc":{"Dur\u00e9e de lecture estim\u00e9e":"1 minute"},"schema":{"@context":"https:\/\/schema.org","@graph":[{"@type":"WebPage","@id":"https:\/\/cpaint.ch\/fr\/service-client\/","url":"https:\/\/cpaint.ch\/fr\/service-client\/","name":"Service client - CPaint.CH","isPartOf":{"@id":"https:\/\/cpaint.ch\/#website"},"datePublished":"2022-12-18T14:07:58+00:00","dateModified":"2024-05-04T08:06:54+00:00","breadcrumb":{"@id":"https:\/\/cpaint.ch\/fr\/service-client\/#breadcrumb"},"inLanguage":"fr-FR","potentialAction":[{"@type":"ReadAction","target":["https:\/\/cpaint.ch\/fr\/service-client\/"]}]},{"@type":"BreadcrumbList","@id":"https:\/\/cpaint.ch\/fr\/service-client\/#breadcrumb","itemListElement":[{"@type":"ListItem","position":1,"name":"Startseite","item":"https:\/\/cpaint.ch\/fr\/"},{"@type":"ListItem","position":2,"name":"Service client"}]},{"@type":"WebSite","@id":"https:\/\/cpaint.ch\/#website","url":"https:\/\/cpaint.ch\/","name":"CPaint.CH","description":"","potentialAction":[{"@type":"SearchAction","target":{"@type":"EntryPoint","urlTemplate":"https:\/\/cpaint.ch\/?s={search_term_string}"},"query-input":{"@type":"PropertyValueSpecification","valueRequired":true,"valueName":"search_term_string"}}],"inLanguage":"fr-FR"}]}},"_links":{"self":[{"href":"https:\/\/cpaint.ch\/fr\/wp-json\/wp\/v2\/pages\/1066","targetHints":{"allow":["GET"]}}],"collection":[{"href":"https:\/\/cpaint.ch\/fr\/wp-json\/wp\/v2\/pages"}],"about":[{"href":"https:\/\/cpaint.ch\/fr\/wp-json\/wp\/v2\/types\/page"}],"author":[{"embeddable":true,"href":"https:\/\/cpaint.ch\/fr\/wp-json\/wp\/v2\/users\/2"}],"replies":[{"embeddable":true,"href":"https:\/\/cpaint.ch\/fr\/wp-json\/wp\/v2\/comments?post=1066"}],"version-history":[{"count":2,"href":"https:\/\/cpaint.ch\/fr\/wp-json\/wp\/v2\/pages\/1066\/revisions"}],"predecessor-version":[{"id":1094,"href":"https:\/\/cpaint.ch\/fr\/wp-json\/wp\/v2\/pages\/1066\/revisions\/1094"}],"wp:attachment":[{"href":"https:\/\/cpaint.ch\/fr\/wp-json\/wp\/v2\/media?parent=1066"}],"curies":[{"name":"wp","href":"https:\/\/api.w.org\/{rel}","templated":true}]}}