{"id":1067,"date":"2022-12-18T14:36:54","date_gmt":"2022-12-18T13:36:54","guid":{"rendered":"https:\/\/cpaint.ch\/transport-service\/"},"modified":"2024-05-13T22:34:29","modified_gmt":"2024-05-13T20:34:29","slug":"service-de-transport","status":"publish","type":"page","link":"https:\/\/cpaint.ch\/fr\/service-de-transport\/","title":{"rendered":"Service de transport"},"content":{"rendered":"<h3>Service de transport<\/h3>\n<p>CPaint.CH propose chaque jour \u00e0 ses clients des solutions compl\u00e8tes et individuelles dans les domaines du transport maritime national et international. Nous veillons \u00e0 ce que vos marchandises exp\u00e9di\u00e9es soient r\u00e9cup\u00e9r\u00e9es ou livr\u00e9es \u00e0 la date indiqu\u00e9e. Vous \u00eates toujours \u00ab \u00e0 jour \u00bb et pouvez suivre l\u2019envoi via le statut de suivi. CPaint.CH organise tous les transports n\u00e9cessaires d&rsquo;objets de valeur de votre part \u00e0 nous avec exp\u00e9dition assur\u00e9e. En tant que partenaire syst\u00e8me, nous prenons en charge l\u2019int\u00e9gralit\u00e9 du transport de vos m\u00e9taux pr\u00e9cieux. Nous travaillons depuis des ann\u00e9es avec un sp\u00e9cialiste des syst\u00e8mes pour garantir un transport fiable des objets de valeur.<\/p>\n<h3>Durabilit\u00e9<\/h3>\n<p>Nous organisons des d\u00e9placements quotidiens par coursier pour nos clients et les coordonnons avec nos transporteurs. Tous les enl\u00e8vements et livraisons sont organis\u00e9s de mani\u00e8re \u00e0 ce que tous les d\u00e9placements soient effectu\u00e9s de mani\u00e8re durable et avec le plus haut niveau de s\u00e9curit\u00e9. Les cha\u00eenes d\u2019approvisionnement durables sont un facteur central pour un transport respectueux du climat. En d\u00e9veloppant l\u2019\u00e9lectromobilit\u00e9 et les camions \u00e0 faibles \u00e9missions, l\u2019impact sur l\u2019environnement peut \u00eatre influenc\u00e9 positivement. La digitalisation prend de l\u2019ampleur dans tous les secteurs et ne s\u2019arr\u00eate pas \u00e0 la logistique. Les technologies num\u00e9riques telles que l\u2019intelligence artificielle sont en plein essor et jouent un r\u00f4le de plus en plus important dans tous les domaines, de l\u2019organisation \u00e0 la surveillance des flux de marchandises.<\/p>\n<h3>Service de transport<\/h3>\n<p>L\u2019\u00e9conomie mondiale n\u00e9cessite des solutions nouvelles et individuelles. Si des objets de valeur assur\u00e9s doivent \u00eatre envoy\u00e9s, cela peut \u00eatre n\u00e9cessaire non seulement au niveau national mais aussi international. L&rsquo;organisation pr\u00e9cise de la cha\u00eene de transport ou d&rsquo;une offre de services de messagerie joue un r\u00f4le important.<\/p>\n<p>CPaint.CH garantit que vos objets de valeur sont toujours entre de bonnes mains. Nous transportons des marchandises sensibles et des contenus de valeur dans le transport de personnes avec comp\u00e9tence et sensibilit\u00e9. Nos transports sont bas\u00e9s sur des assurances, des preuves et des services garantis et non sur des hypoth\u00e8ses.<\/p>\n<h3>Service de livraison<\/h3>\n<p>D\u00e8s la remise de votre envoi \u00e0 notre partenaire syst\u00e8me, vous pouvez compter sur le respect des accords contractuels. Chez CPaint.CH, nous allons encore plus loin et offrons \u00e0 nos clients une s\u00e9curit\u00e9 compl\u00e8te gr\u00e2ce \u00e0 un suivi pr\u00e9cis des exp\u00e9ditions. Vous pouvez voir la position sp\u00e9cifique dans l&rsquo;\u00e9tat de suivi. Lors de la remise de l&rsquo;envoi, vous recevrez un num\u00e9ro de suivi que vous pourrez utiliser vous-m\u00eame et transmettre au destinataire.<\/p>\n<h3>Service de ramassage<\/h3>\n<p>D\u00e8s la remise de votre envoi \u00e0 notre partenaire syst\u00e8me, vous pouvez compter sur le respect des accords contractuels. Chez CPaint.CH, nous allons encore plus loin et offrons \u00e0 nos clients une s\u00e9curit\u00e9 compl\u00e8te gr\u00e2ce \u00e0 un suivi pr\u00e9cis des exp\u00e9ditions. Vous pouvez voir la position sp\u00e9cifique dans l&rsquo;\u00e9tat de suivi. Lors de la remise de l&rsquo;envoi, vous recevrez un num\u00e9ro de suivi que vous pourrez utiliser vous-m\u00eame et transmettre au destinataire.<\/p>\n<p>L&rsquo;inscription est simple et rapide et vous donne le droit de suivre imm\u00e9diatement votre envoi et de vous convaincre de notre comp\u00e9tence et de notre fiabilit\u00e9 dans le respect des dates de livraison.<\/p>\n<h3>Piste GPS<\/h3>\n<p>Vous \u00eates toujours \u00e0 jour et pouvez suivre l&rsquo;envoi via le statut de suivi. D\u00e8s la remise de votre envoi au prestataire logistique, vous pouvez compter sur le respect des accords contractuels. Chez DG Transporte, nous allons encore plus loin et offrons \u00e0 nos clients une s\u00e9curit\u00e9 compl\u00e8te gr\u00e2ce \u00e0 un suivi pr\u00e9cis des exp\u00e9ditions. Vous souhaitez savoir o\u00f9 se trouve actuellement votre colis ou votre palette ? Vous pouvez voir la position sp\u00e9cifique dans l&rsquo;\u00e9tat de suivi. Lors de la remise de l&rsquo;envoi, vous recevrez un num\u00e9ro de suivi que vous pourrez utiliser vous-m\u00eame et transmettre au destinataire.<\/p>\n<p>Vous pouvez \u00e9galement suivre nos voyages de messagerie et conna\u00eetre \u00e0 tout moment l&rsquo;\u00e9tat actuel de l&rsquo;envoi. En tant que prestataire de services complets, nous sommes votre interlocuteur central et comp\u00e9tent pour les petits et grands transports, l&rsquo;exp\u00e9dition de palettes et les prestations logistiques individuelles sur mesure.<\/p>\n","protected":false},"excerpt":{"rendered":"<p>Service de transport CPaint.CH propose chaque jour \u00e0 ses clients des solutions compl\u00e8tes et individuelles dans les domaines du transport maritime national et international. Nous veillons \u00e0 ce que vos marchandises exp\u00e9di\u00e9es soient r\u00e9cup\u00e9r\u00e9es ou livr\u00e9es \u00e0 la date indiqu\u00e9e. Vous \u00eates toujours \u00ab \u00e0 jour \u00bb et pouvez suivre l\u2019envoi via le statut de [&#8230;]<\/p>\n","protected":false},"author":2,"featured_media":0,"parent":0,"menu_order":0,"comment_status":"closed","ping_status":"closed","template":"","meta":{"_themeisle_gutenberg_block_has_review":false,"footnotes":""},"class_list":["post-1067","page","type-page","status-publish","hentry"],"yoast_head":"<!-- This site is optimized with the Yoast SEO plugin v27.4 - https:\/\/yoast.com\/product\/yoast-seo-wordpress\/ -->\n<title>Service de transport - CPaint.CH<\/title>\n<meta name=\"robots\" content=\"index, follow, max-snippet:-1, max-image-preview:large, max-video-preview:-1\" \/>\n<link rel=\"canonical\" href=\"https:\/\/cpaint.ch\/fr\/service-de-transport\/\" \/>\n<meta property=\"og:locale\" content=\"fr_FR\" \/>\n<meta property=\"og:type\" content=\"article\" \/>\n<meta property=\"og:title\" content=\"Service de transport - CPaint.CH\" \/>\n<meta property=\"og:description\" content=\"Service de transport CPaint.CH propose chaque jour \u00e0 ses clients des solutions compl\u00e8tes et individuelles dans les domaines du transport maritime national et international. Nous veillons \u00e0 ce que vos marchandises exp\u00e9di\u00e9es soient r\u00e9cup\u00e9r\u00e9es ou livr\u00e9es \u00e0 la date indiqu\u00e9e. Vous \u00eates toujours \u00ab \u00e0 jour \u00bb et pouvez suivre l\u2019envoi via le statut de [...]\" \/>\n<meta property=\"og:url\" content=\"https:\/\/cpaint.ch\/fr\/service-de-transport\/\" \/>\n<meta property=\"og:site_name\" content=\"CPaint.CH\" \/>\n<meta property=\"article:modified_time\" content=\"2024-05-13T20:34:29+00:00\" \/>\n<meta name=\"twitter:card\" content=\"summary_large_image\" \/>\n<meta name=\"twitter:label1\" content=\"Dur\u00e9e de lecture estim\u00e9e\" \/>\n\t<meta name=\"twitter:data1\" content=\"4 minutes\" \/>\n<script type=\"application\/ld+json\" class=\"yoast-schema-graph\">{\"@context\":\"https:\\\/\\\/schema.org\",\"@graph\":[{\"@type\":\"WebPage\",\"@id\":\"https:\\\/\\\/cpaint.ch\\\/fr\\\/service-de-transport\\\/\",\"url\":\"https:\\\/\\\/cpaint.ch\\\/fr\\\/service-de-transport\\\/\",\"name\":\"Service de transport - CPaint.CH\",\"isPartOf\":{\"@id\":\"https:\\\/\\\/cpaint.ch\\\/#website\"},\"datePublished\":\"2022-12-18T13:36:54+00:00\",\"dateModified\":\"2024-05-13T20:34:29+00:00\",\"breadcrumb\":{\"@id\":\"https:\\\/\\\/cpaint.ch\\\/fr\\\/service-de-transport\\\/#breadcrumb\"},\"inLanguage\":\"fr-FR\",\"potentialAction\":[{\"@type\":\"ReadAction\",\"target\":[\"https:\\\/\\\/cpaint.ch\\\/fr\\\/service-de-transport\\\/\"]}]},{\"@type\":\"BreadcrumbList\",\"@id\":\"https:\\\/\\\/cpaint.ch\\\/fr\\\/service-de-transport\\\/#breadcrumb\",\"itemListElement\":[{\"@type\":\"ListItem\",\"position\":1,\"name\":\"Startseite\",\"item\":\"https:\\\/\\\/cpaint.ch\\\/fr\\\/\"},{\"@type\":\"ListItem\",\"position\":2,\"name\":\"Service de transport\"}]},{\"@type\":\"WebSite\",\"@id\":\"https:\\\/\\\/cpaint.ch\\\/#website\",\"url\":\"https:\\\/\\\/cpaint.ch\\\/\",\"name\":\"CPaint.CH\",\"description\":\"\",\"potentialAction\":[{\"@type\":\"SearchAction\",\"target\":{\"@type\":\"EntryPoint\",\"urlTemplate\":\"https:\\\/\\\/cpaint.ch\\\/?s={search_term_string}\"},\"query-input\":{\"@type\":\"PropertyValueSpecification\",\"valueRequired\":true,\"valueName\":\"search_term_string\"}}],\"inLanguage\":\"fr-FR\"}]}<\/script>\n<!-- \/ Yoast SEO plugin. -->","yoast_head_json":{"title":"Service de transport - CPaint.CH","robots":{"index":"index","follow":"follow","max-snippet":"max-snippet:-1","max-image-preview":"max-image-preview:large","max-video-preview":"max-video-preview:-1"},"canonical":"https:\/\/cpaint.ch\/fr\/service-de-transport\/","og_locale":"fr_FR","og_type":"article","og_title":"Service de transport - CPaint.CH","og_description":"Service de transport CPaint.CH propose chaque jour \u00e0 ses clients des solutions compl\u00e8tes et individuelles dans les domaines du transport maritime national et international. Nous veillons \u00e0 ce que vos marchandises exp\u00e9di\u00e9es soient r\u00e9cup\u00e9r\u00e9es ou livr\u00e9es \u00e0 la date indiqu\u00e9e. Vous \u00eates toujours \u00ab \u00e0 jour \u00bb et pouvez suivre l\u2019envoi via le statut de [...]","og_url":"https:\/\/cpaint.ch\/fr\/service-de-transport\/","og_site_name":"CPaint.CH","article_modified_time":"2024-05-13T20:34:29+00:00","twitter_card":"summary_large_image","twitter_misc":{"Dur\u00e9e de lecture estim\u00e9e":"4 minutes"},"schema":{"@context":"https:\/\/schema.org","@graph":[{"@type":"WebPage","@id":"https:\/\/cpaint.ch\/fr\/service-de-transport\/","url":"https:\/\/cpaint.ch\/fr\/service-de-transport\/","name":"Service de transport - CPaint.CH","isPartOf":{"@id":"https:\/\/cpaint.ch\/#website"},"datePublished":"2022-12-18T13:36:54+00:00","dateModified":"2024-05-13T20:34:29+00:00","breadcrumb":{"@id":"https:\/\/cpaint.ch\/fr\/service-de-transport\/#breadcrumb"},"inLanguage":"fr-FR","potentialAction":[{"@type":"ReadAction","target":["https:\/\/cpaint.ch\/fr\/service-de-transport\/"]}]},{"@type":"BreadcrumbList","@id":"https:\/\/cpaint.ch\/fr\/service-de-transport\/#breadcrumb","itemListElement":[{"@type":"ListItem","position":1,"name":"Startseite","item":"https:\/\/cpaint.ch\/fr\/"},{"@type":"ListItem","position":2,"name":"Service de transport"}]},{"@type":"WebSite","@id":"https:\/\/cpaint.ch\/#website","url":"https:\/\/cpaint.ch\/","name":"CPaint.CH","description":"","potentialAction":[{"@type":"SearchAction","target":{"@type":"EntryPoint","urlTemplate":"https:\/\/cpaint.ch\/?s={search_term_string}"},"query-input":{"@type":"PropertyValueSpecification","valueRequired":true,"valueName":"search_term_string"}}],"inLanguage":"fr-FR"}]}},"_links":{"self":[{"href":"https:\/\/cpaint.ch\/fr\/wp-json\/wp\/v2\/pages\/1067","targetHints":{"allow":["GET"]}}],"collection":[{"href":"https:\/\/cpaint.ch\/fr\/wp-json\/wp\/v2\/pages"}],"about":[{"href":"https:\/\/cpaint.ch\/fr\/wp-json\/wp\/v2\/types\/page"}],"author":[{"embeddable":true,"href":"https:\/\/cpaint.ch\/fr\/wp-json\/wp\/v2\/users\/2"}],"replies":[{"embeddable":true,"href":"https:\/\/cpaint.ch\/fr\/wp-json\/wp\/v2\/comments?post=1067"}],"version-history":[{"count":2,"href":"https:\/\/cpaint.ch\/fr\/wp-json\/wp\/v2\/pages\/1067\/revisions"}],"predecessor-version":[{"id":1095,"href":"https:\/\/cpaint.ch\/fr\/wp-json\/wp\/v2\/pages\/1067\/revisions\/1095"}],"wp:attachment":[{"href":"https:\/\/cpaint.ch\/fr\/wp-json\/wp\/v2\/media?parent=1067"}],"curies":[{"name":"wp","href":"https:\/\/api.w.org\/{rel}","templated":true}]}}