{"id":1068,"date":"2022-11-22T17:50:18","date_gmt":"2022-11-22T16:50:18","guid":{"rendered":"https:\/\/cpaint.ch\/agb\/"},"modified":"2024-05-07T10:43:00","modified_gmt":"2024-05-07T08:43:00","slug":"conditions","status":"publish","type":"page","link":"https:\/\/cpaint.ch\/fr\/conditions\/","title":{"rendered":"Conditions"},"content":{"rendered":"<h2>Conditions g\u00e9n\u00e9rales de CPaint.CH<\/h2>\n<p><strong>1. Conditions applicables<\/strong><\/p>\n<p><strong>1.1<\/strong> Les conditions g\u00e9n\u00e9rales suivantes s&rsquo;appliquent \u00e0 tous les contrats avec CPaint.CH, m\u00eame si elles ne sont plus mentionn\u00e9es dans les contrats ult\u00e9rieurs. Elles s&rsquo;appliquent \u00e9galement si le partenaire contractuel se r\u00e9f\u00e8re \u00e0 ses propres conditions, notamment lors de l&rsquo;acceptation de la confirmation de commande, \u00e0 moins que celles-ci n&rsquo;aient \u00e9t\u00e9 express\u00e9ment accept\u00e9es par \u00e9crit. Les accords subsidiaires ou les assurances des repr\u00e9sentants de CPaint.CH qui ne correspondent pas au contenu de ces conditions doivent \u00eatre convenus par \u00e9crit. Ceci s&rsquo;applique \u00e9galement \u00e0 toutes les relations commerciales futures, \u00e0 moins que l&rsquo;ensemble de la relation commerciale soit consid\u00e9r\u00e9 comme d\u00e9finitivement termin\u00e9 pour les deux parties.<\/p>\n<p><strong>2. Nouveaux clients<\/strong><\/p>\n<p><strong>2.1<\/strong> Syst\u00e8me de gestion de la conformit\u00e9. CPaint.CH fonctionne selon un syst\u00e8me de gestion de conformit\u00e9, en abr\u00e9g\u00e9 CMS. Il s\u2019agit de l\u2019ensemble des mesures, structures et processus mis en place dans une organisation pour garantir le respect des r\u00e8gles, qui peuvent inclure des r\u00e8gles juridiquement contraignantes et \u00e9thiques. Sans contr\u00f4le de diligence raisonnable, aucun nouveau client ou ench\u00e9risseur ne sera accept\u00e9 et sans contr\u00f4le de diligence raisonnable, un achat ou une vente sera exclu des ench\u00e8res.<\/p>\n<p><strong>3. Commande et acceptation des candidatures<\/strong><\/strong><\/p>\n<p><strong>3.1<\/strong> Le contrat n&rsquo;est conclu qu&rsquo;avec la contreseing de la demande du client par CPaint.CH ou avec le premier acte d&rsquo;ex\u00e9cution si celle-ci, la confirmation de commande, confirme des \u00e9carts par rapport aux informations fournies par le client et le client. s&rsquo;engage \u00e0 le faire dans un d\u00e9lai de deux semaines \u00e0 compter de la commande, cette information est confirm\u00e9e, faute de quoi le contrat, avec les conditions contenues dans la confirmation de commande, sera sans effet.<\/p>\n<p><strong>4. Conditions d&rsquo;achat<\/strong><\/p>\n<p><strong>4.1<\/strong> CPaint.CH n&rsquo;ach\u00e8te des biens\/travaux et des services de courtage qu&rsquo;\u00e0 condition qu&rsquo;ils lui soient remis pour inspection. Si les marchandises livr\u00e9es ou envoy\u00e9es ne r\u00e9pondent pas aux exigences, elles seront renvoy\u00e9es aux frais de l&rsquo;exp\u00e9diteur. Le client recevra les conditions avant l&rsquo;exp\u00e9dition.<\/p>\n<p><strong>4.2<\/strong> Le client doit \u00eatre en mesure de fournir une preuve compl\u00e8te de la source des fonds pour les biens\/travaux et services. Dans ce cas, le client doit fournir des preuves permettant de tirer des conclusions claires sur l&rsquo;\u00e9v\u00e9nement, quant au moment et au lieu o\u00f9 les marchandises ont \u00e9t\u00e9 achet\u00e9es ou fournies. Le vendeur prouve \u00e0 CPaint.CH et garantit que les marchandises ne proviennent pas d&rsquo;une activit\u00e9 criminelle.<\/p>\n<p><strong>4.3<\/strong> Si les marchandises CPaint.CH sont achet\u00e9es aupr\u00e8s de tiers, elles ne seront accept\u00e9es qu&rsquo;apr\u00e8s une inspection approfondie et un paiement anticip\u00e9 est exclu\u00a0; La validation peut prendre jusqu&rsquo;\u00e0 30 jours ouvrables apr\u00e8s le contr\u00f4le des marchandises.<\/p>\n<p><strong>4.4<\/strong> CPaint.CH n&rsquo;ach\u00e8te des marchandises \u00e0 des tiers que si l&rsquo;origine des fonds est pleinement prouv\u00e9e. Ces marchandises seront imm\u00e9diatement contr\u00f4l\u00e9es par des tiers apr\u00e8s une inspection et une approbation approfondies.<\/p>\n<p><strong>5. S\u00e9curit\u00e9 des donn\u00e9es<\/strong><\/p>\n<p><strong>5.1<\/strong> CPaint.CH n&rsquo;assume aucune garantie concernant les donn\u00e9es fournies ; cela s&rsquo;applique \u00e9galement aux tiers. Dans la mesure o\u00f9 les donn\u00e9es sont transmises \u00e0 CPaint.CH, quelle qu&rsquo;en soit la forme, le client cr\u00e9e des copies de sauvegarde afin que ces donn\u00e9es puissent \u00eatre reconstitu\u00e9es en cas d&rsquo;\u00e9ventuelle perte de donn\u00e9es. Les serveurs CPaint.CH sont r\u00e9guli\u00e8rement sauvegard\u00e9s, mais le client est conscient que tous les participants au parcours de transmission risquent d&rsquo;intercepter les donn\u00e9es transmises. La confidentialit\u00e9 absolue des donn\u00e9es transmises n&rsquo;est donc pas garantie. Les serveurs CPaint.CH offrent le plus haut niveau de s\u00e9curit\u00e9 des donn\u00e9es avec notre syst\u00e8me.<\/p>\n<p><strong>6. Confidentialit\u00e9, protection des donn\u00e9es<\/strong><\/p>\n<p><strong>6.1<\/strong> Sauf accord expr\u00e8s et \u00e9crit, les donn\u00e9es fournies \u00e0 CPaint.CH ainsi que les informations fournies et les donn\u00e9es envoy\u00e9es ne sont pas consid\u00e9r\u00e9es comme confidentielles. Le partenaire contractuel est express\u00e9ment inform\u00e9 que CPaint.CH traite automatiquement son adresse sous une forme lisible par machine et stocke ces donn\u00e9es pour les t\u00e2ches d\u00e9coulant du contrat. Si CPaint.CH fait appel \u00e0 des tiers pour fournir les services propos\u00e9s, CPaint.CH est en droit de divulguer les donn\u00e9es des participants dans la mesure o\u00f9 cela est n\u00e9cessaire pour assurer le fonctionnement. Le participant, quant \u00e0 lui, n&rsquo;a pas le droit d&rsquo;obtenir via CPaint.CH des informations et des donn\u00e9es qui ne sont pas destin\u00e9es \u00e0 \u00eatre utilis\u00e9es par lui ou par des tiers. Nous rappelons express\u00e9ment que tous les appels sont enregistr\u00e9s \u00e0 des fins de formation et d&rsquo;enqu\u00eates statistiques. Aucun autre consentement de l&rsquo;appelant n&rsquo;est requis pour enregistrer la conversation. CPaint.CH est seul responsable de la suppression de ces donn\u00e9es. L&rsquo;abonn\u00e9 t\u00e9l\u00e9phonique accepte express\u00e9ment que ces donn\u00e9es puissent \u00e9galement \u00eatre utilis\u00e9es \u00e0 des fins juridiques et de tra\u00e7abilit\u00e9 juridique.<\/p>\n<p><strong>7. Tarifs et conditions de paiement<\/strong><\/p>\n<p><strong>7.1<\/strong> CPaint.CH est en droit d&rsquo;augmenter les prix \u00e0 tout moment, \u00e0 condition que le contrat soit conclu pour une dur\u00e9e ind\u00e9termin\u00e9e. La modification entrera en vigueur si CPaint.CH ne re\u00e7oit aucune objection de la part du client dans les 6 semaines suivant la r\u00e9ception de la notification de modification correspondante par le client. Avec la notification de modification, CPaint.CH informera le client du d\u00e9lai d&rsquo;opposition et des cons\u00e9quences en cas de non-opposition. En cas de d\u00e9faut, CPaint.CH est en droit de facturer des int\u00e9r\u00eats de 10% par an au-dessus du taux d&rsquo;int\u00e9r\u00eat de base respectif, conform\u00e9ment au taux d&rsquo;escompte et au droit des mutations, et de bloquer imm\u00e9diatement l&rsquo;acc\u00e8s correspondant du client.<\/p>\n<p><strong>7.2<\/strong> Les honoraires convenus doivent \u00eatre pay\u00e9s \u00e0 l&rsquo;avance et sont dus \u00e0 r\u00e9ception de la facture ou \u00e0 la fourniture de la facture. La facture est plac\u00e9e dans le menu de configuration du client et y est accessible. Si le client demande que la facture soit envoy\u00e9e par la poste, CPaint.CH est en droit de facturer au client CHF 3,00 par facture.<\/p>\n<p><strong>7.3<\/strong> Afin d&rsquo;\u00e9viter tout acc\u00e8s non autoris\u00e9 aux services de CPaint.CH, le client accepte de ne recevoir le cr\u00e9dit (cr\u00e9dit) correspondant pour l&rsquo;utilisation des services de CPaint.CH qu&rsquo;apr\u00e8s r\u00e9ception du La totalit\u00e9 des frais est mise \u00e0 disposition sur un compte CPaint.CH. Si le client paie par carte de cr\u00e9dit ou par pr\u00e9l\u00e8vement automatique, il d\u00e9clare express\u00e9ment qu&rsquo;il renonce \u00e0 son droit de r\u00e9tractation, sauf motif important.<\/p>\n<p><strong>7.4<\/strong> CPaint.CH conclut des contrats et des accords conform\u00e9ment \u00e0 l&rsquo;accord ICC 500\/600 (Chambres de Commerce Internationales, Paris). Selon lequel le non-contournement (NDA) des clients et des fournisseurs est garanti contre CPaint.CH. En cas de violations, CPaint.CH a le droit de retenir les commissions, les prestations anticip\u00e9es, l&rsquo;inventaire et les acomptes jusqu&rsquo;\u00e0 50% de la valeur de la commande. Le droit de faire des affaires directes est encore possible pendant une p\u00e9riode de 3 ans, mais doit \u00eatre pay\u00e9 avec une commission de 2,5% des ventes.<\/p>\n<p><strong>7.5<\/strong> Le client a le droit de retourner l&rsquo;article achet\u00e9 chez CPaint.CH dans un d\u00e9lai de 10 jours calendaires. Le client doit fournir dans un d\u00e9lai de 3 jours calendaires des preuves \u00e9crites de r\u00e9clamations justifi\u00e9es et documenter le d\u00e9faut. En cas de r\u00e9clamation injustifi\u00e9e et de retour sans preuve qualifi\u00e9e, CPaint.CH est en droit de retenir 20% du prix d&rsquo;achat \u00e0 titre de d\u00e9dommagement des frais et n&rsquo;est pas oblig\u00e9 de reprendre la marchandise. Ceci s&rsquo;applique \u00e9galement si le client se retire de l&rsquo;achat apr\u00e8s r\u00e9ception de la facture.<\/p>\n<p><strong>7.6<\/strong> Nous livrons au sein de l&rsquo;UE en utilisant un service de messagerie directement au client ou r\u00e9cup\u00e9rons les marchandises. Chaque client est responsable du d\u00e9douanement hors de Suisse. Le mode de paiement convenu commence par l&rsquo;acceptation. Pour les marchandises d&rsquo;une valeur inf\u00e9rieure \u00e0 5 000 CHF, nous facturons 53,00 CHF de frais d&rsquo;exp\u00e9dition en Suisse ; des frais de livraison s\u00e9par\u00e9s sont factur\u00e9s pour les zones de l&rsquo;UE. Pour les marchandises d&rsquo;une valeur allant jusqu&rsquo;\u00e0 50&rsquo;000 CHF, les frais d&rsquo;exp\u00e9dition sont partag\u00e9s et au-del\u00e0 de 50&rsquo;000 CHF, CPaint.CH prend en charge la totalit\u00e9 des frais d&rsquo;exp\u00e9dition. Si le client nous renvoie des marchandises pour une raison l\u00e9gitime (marchandise d\u00e9fectueuse), CPaint.CH prend en charge l&rsquo;int\u00e9gralit\u00e9 des frais. Si le client retourne des marchandises d\u00e9j\u00e0 achet\u00e9es, 20 % de la valeur de la commande sera g\u00e9n\u00e9ralement retenu \u00e0 titre de d\u00e9dommagement des frais. Dans certains cas, l&rsquo;indemnit\u00e9 de d\u00e9penses peut aller jusqu&rsquo;\u00e0 40 %. Le taux de change et le risque de change associ\u00e9 sont mutuellement exclus.<\/p>\n<p><strong>7.7 <\/strong>CPaint.CH se r\u00e9serve la propri\u00e9t\u00e9 de l&rsquo;article livr\u00e9 jusqu&rsquo;au paiement int\u00e9gral du prix. Si l&rsquo;acheteur ne remplit pas ses obligations contractuelles, notamment en cas de retard de paiement, nous sommes en droit de reprendre l&rsquo;article livr\u00e9 ; l&rsquo;acheteur est tenu de retourner l&rsquo;article. La demande de retour ne constitue pas une r\u00e9siliation du contrat, sauf si nous l&rsquo;avons express\u00e9ment d\u00e9clar\u00e9 par \u00e9crit. Si la facture a \u00e9t\u00e9 \u00e9tablie et que le client n&rsquo;est pas en mesure de payer faute de fonds ou ne peut pas payer dans le d\u00e9lai convenu, le forfait sera rembours\u00e9 \u00e0 hauteur de 1,8% du chiffre d&rsquo;affaires. Si la facture n&rsquo;est pas r\u00e9serv\u00e9e ou annul\u00e9e avant le 30 du mois, 7,7 % suppl\u00e9mentaires seront factur\u00e9s \u00e0 titre d&rsquo;indemnit\u00e9 de d\u00e9penses.<\/p>\n<p><strong>7.8<\/strong> CPaint.CH est en droit de facturer les forfaits journaliers des conseils d&rsquo;administration et conseils respectifs en cas d&rsquo;annulation tardive. Il est consid\u00e9r\u00e9 comme en retard si le rendez-vous est annul\u00e9 dans les 48 heures pr\u00e9c\u00e9dant le d\u00e9but du rendez-vous. Les tarifs sont de 3 500 CHF par conseil d&rsquo;administration pour le conseil d&rsquo;administration et de 5 000 CHF par conseil d&rsquo;administration et par jour pour le conseil d&rsquo;administration. Cela s&rsquo;applique particuli\u00e8rement en cas d&rsquo;annulation de rendez-vous pendant les heures de bureau inoccup\u00e9es. Les tarifs horaires pour le Conseil d&rsquo;administration sont de CHF 350.00 par heure et pour le Conseil d&rsquo;administration sont de CHF 500.00 par heure et sont fix\u00e9s par jour. Les horaires de bureau sont du lundi au vendredi de 8h00 \u00e0 20h00, ces horaires sont contraignants. Les fax ou e-mails livr\u00e9s en dehors de ces horaires sont \u00e9galement consid\u00e9r\u00e9s comme \u00e9tant livr\u00e9s en retard.<\/p>\n<p><strong>8. Responsabilit\u00e9<\/p>\n<p><strong>8.1<\/strong> CPaint.CH est g\u00e9n\u00e9ralement responsable de chaque cas individuel avec un montant garanti et garanti de 5 000 000 CHF si l&rsquo;assurance est souscrite.<\/p>\n<p><strong>8.2<\/strong> Si le client exige une garantie de bonne ex\u00e9cution, celle-ci sera et pourra \u00eatre conclue apr\u00e8s v\u00e9rification pour un montant nettement plus \u00e9lev\u00e9. Ceci sera ensuite examin\u00e9 et r\u00e9glement\u00e9 s\u00e9par\u00e9ment par nos avocats et nos assureurs. Le client supporte ces frais.<\/p>\n<p><strong>8.3<\/strong> Le d\u00e9faut de paiement est g\u00e9n\u00e9ralement exclu par une garantie de d\u00e9faut et est couvert par un r\u00e9assureur \u00e0 hauteur d&rsquo;au moins 5 000 000 CHF dans certains cas, si celle-ci est souscrite.<\/p>\n<p><strong>9. Dur\u00e9e du contrat<\/strong><\/p>\n<p><strong>9.1<\/strong> Le contrat est conclu pour une dur\u00e9e ind\u00e9termin\u00e9e. Le client peut mettre fin \u00e0 la relation contractuelle \u00e0 tout moment et sans indication de motifs avec un d\u00e9lai de pr\u00e9avis de quatorze jours, sauf accord contraire. Si le client dispose d&rsquo;un cr\u00e9dit au moment de la r\u00e9siliation, les frais d&rsquo;utilisation des services d\u00e9j\u00e0 pay\u00e9s dans le contrat seront rembours\u00e9s en esp\u00e8ces. Un remboursement en esp\u00e8ces est exclu. Le client est responsable de la divulgation du compte de remboursement et supporte tous les frais de remboursement.<\/p>\n<p><strong>10. Responsabilit\u00e9<\/strong><\/p>\n<p><strong>10.1<\/strong> CPaint.CH n&rsquo;est responsable que de son propre contenu qu&rsquo;il met \u00e0 disposition pour une utilisation conform\u00e9ment aux lois g\u00e9n\u00e9rales (\u00a7 5 al. 1 TDG). CPaint.CH n&rsquo;est responsable du contenu de tiers qu&rsquo;il met \u00e0 disposition que s&rsquo;il a connaissance de ce contenu et s&rsquo;il est techniquement possible et raisonnable d&rsquo;en emp\u00eacher l&rsquo;utilisation. Toutefois, cela n&rsquo;affecte que la responsabilit\u00e9 p\u00e9nale ; la responsabilit\u00e9 civile pour les contenus de tiers est exclue, sauf si la diffusion a \u00e9t\u00e9 effectu\u00e9e intentionnellement en connaissance du contenu incorrect. CPaint.CH n&rsquo;est pas responsable des contenus externes auxquels il donne simplement acc\u00e8s. La conservation automatique et \u00e0 court terme de contenus tiers sur la base des requ\u00eates des utilisateurs n&rsquo;est consid\u00e9r\u00e9e que comme une autorisation d&rsquo;acc\u00e8s. CPaint.CH se r\u00e9serve le droit de bloquer les contenus de tiers s&rsquo;ils sont punis par la loi applicable ou s&rsquo;ils sont clairement utilis\u00e9s pour pr\u00e9parer des actes criminels.<\/p>\n<p><strong>11. Version de performances<\/p>\n<p><strong>11.1<\/strong> CPaint.CH n&rsquo;est pas responsable des retards de livraison et de prestations dus \u00e0 un cas de force majeure et aux \u00e9v\u00e9nements qui rendent les prestations de CPaint.CH nettement plus difficiles ou impossibles, m\u00eame si des d\u00e9lais et des dates ont \u00e9t\u00e9 convenus dans un contrat contraignant. mani\u00e8re repr\u00e9senter. Ceux-ci sont ensuite prolong\u00e9s du temps du retard. Si le client est un commer\u00e7ant, le lieu d&rsquo;ex\u00e9cution de toutes les prestations est CPaint.CH, Flughofstrasse 47 \u00e0 8152 Glattbrugg \/ Zurich Suisse.<\/p>\n<p><strong>12. S\u00e9curit\u00e9 des donn\u00e9es<\/strong><\/p>\n<p><strong>12.1<\/strong> Nos clients, fournisseurs et partenaires commerciaux d\u00e9clarent qu&rsquo;ils acceptent implicitement lors de chaque \u00e9change de donn\u00e9es que toutes les donn\u00e9es seront s\u00e9curis\u00e9es chez CPaint.CH. Cela s&rsquo;applique en particulier aux appels t\u00e9l\u00e9phoniques entrants et sortants. Ceux-ci sont automatiquement enregistr\u00e9s et servent de preuves recevables dans les affaires juridiques et pour optimiser le centre d&rsquo;appels. Nous nous r\u00e9f\u00e9rons ici \u00e0 la r\u00e9glementation sur la protection des donn\u00e9es.<\/p>\n<p><strong>13. Dispositions finales<\/p>\n<p><strong>13.1<\/strong> Toute modification, ajout ou annulation partielle ou totale du contrat doit \u00eatre faite par \u00e9crit, y compris les modifications ou l&rsquo;annulation de l&rsquo;exigence de forme \u00e9crite. Le for exclusif pour tous les litiges d\u00e9coulant du pr\u00e9sent contrat est que si le client est un commer\u00e7ant, une personne morale de droit public, un fonds sp\u00e9cial de droit public ou n&rsquo;a pas de for judiciaire en Allemagne, le for juridique est Zurich Suisse. Pour les contrats conclus par CPaint.CH sur la base des pr\u00e9sentes Conditions G\u00e9n\u00e9rales et pour les r\u00e9clamations qui en d\u00e9coulent, quelle que soit leur nature, le droit anglais s&rsquo;applique exclusivement, \u00e0 l&rsquo;exclusion des dispositions de la Convention uniforme des Nations Unies sur les contrats de vente internationale de marchandises. concernant l&rsquo;achat de biens meubles. Si des dispositions des pr\u00e9sentes conditions g\u00e9n\u00e9rales et\/ou du contrat sont ou deviennent invalides, cela n&rsquo;affectera pas l&rsquo;efficacit\u00e9 des autres dispositions. Au lieu de chaque disposition inefficace, une disposition de remplacement qui correspond \u00e0 l&rsquo;objectif du contrat ou du moins s&rsquo;en rapproche, s&rsquo;applique, car les parties seraient convenues d&rsquo;obtenir le m\u00eame r\u00e9sultat \u00e9conomique si elles avaient su que la disposition \u00e9tait inefficace. Il en va de m\u00eame pour l\u2019incompl\u00e9tude.<\/p>\n<p><strong>D\u00e8s la derni\u00e8re mise \u00e0 jour de CPaint.CH du 30 avril 2024<\/strong><\/p>\n","protected":false},"excerpt":{"rendered":"<p>Conditions g\u00e9n\u00e9rales de CPaint.CH 1. Conditions applicables 1.1 Les conditions g\u00e9n\u00e9rales suivantes s&rsquo;appliquent \u00e0 tous les contrats avec CPaint.CH, m\u00eame si elles ne sont plus mentionn\u00e9es dans les contrats ult\u00e9rieurs. Elles s&rsquo;appliquent \u00e9galement si le partenaire contractuel se r\u00e9f\u00e8re \u00e0 ses propres conditions, notamment lors de l&rsquo;acceptation de la confirmation de commande, \u00e0 moins que [&#8230;]<\/p>\n","protected":false},"author":1,"featured_media":0,"parent":0,"menu_order":0,"comment_status":"closed","ping_status":"closed","template":"","meta":{"_themeisle_gutenberg_block_has_review":false,"footnotes":""},"class_list":["post-1068","page","type-page","status-publish","hentry"],"yoast_head":"<!-- This site is optimized with the Yoast SEO plugin v27.4 - https:\/\/yoast.com\/product\/yoast-seo-wordpress\/ -->\n<title>Conditions - CPaint.CH<\/title>\n<meta name=\"robots\" content=\"index, follow, max-snippet:-1, max-image-preview:large, max-video-preview:-1\" \/>\n<link rel=\"canonical\" href=\"https:\/\/cpaint.ch\/fr\/conditions\/\" \/>\n<meta property=\"og:locale\" content=\"fr_FR\" \/>\n<meta property=\"og:type\" content=\"article\" \/>\n<meta property=\"og:title\" content=\"Conditions - CPaint.CH\" \/>\n<meta property=\"og:description\" content=\"Conditions g\u00e9n\u00e9rales de CPaint.CH 1. Conditions applicables 1.1 Les conditions g\u00e9n\u00e9rales suivantes s&rsquo;appliquent \u00e0 tous les contrats avec CPaint.CH, m\u00eame si elles ne sont plus mentionn\u00e9es dans les contrats ult\u00e9rieurs. Elles s&rsquo;appliquent \u00e9galement si le partenaire contractuel se r\u00e9f\u00e8re \u00e0 ses propres conditions, notamment lors de l&rsquo;acceptation de la confirmation de commande, \u00e0 moins que [...]\" \/>\n<meta property=\"og:url\" content=\"https:\/\/cpaint.ch\/fr\/conditions\/\" \/>\n<meta property=\"og:site_name\" content=\"CPaint.CH\" \/>\n<meta property=\"article:modified_time\" content=\"2024-05-07T08:43:00+00:00\" \/>\n<meta name=\"twitter:card\" content=\"summary_large_image\" \/>\n<meta name=\"twitter:label1\" content=\"Dur\u00e9e de lecture estim\u00e9e\" \/>\n\t<meta name=\"twitter:data1\" content=\"13 minutes\" \/>\n<script type=\"application\/ld+json\" class=\"yoast-schema-graph\">{\"@context\":\"https:\\\/\\\/schema.org\",\"@graph\":[{\"@type\":\"WebPage\",\"@id\":\"https:\\\/\\\/cpaint.ch\\\/fr\\\/conditions\\\/\",\"url\":\"https:\\\/\\\/cpaint.ch\\\/fr\\\/conditions\\\/\",\"name\":\"Conditions - CPaint.CH\",\"isPartOf\":{\"@id\":\"https:\\\/\\\/cpaint.ch\\\/#website\"},\"datePublished\":\"2022-11-22T16:50:18+00:00\",\"dateModified\":\"2024-05-07T08:43:00+00:00\",\"breadcrumb\":{\"@id\":\"https:\\\/\\\/cpaint.ch\\\/fr\\\/conditions\\\/#breadcrumb\"},\"inLanguage\":\"fr-FR\",\"potentialAction\":[{\"@type\":\"ReadAction\",\"target\":[\"https:\\\/\\\/cpaint.ch\\\/fr\\\/conditions\\\/\"]}]},{\"@type\":\"BreadcrumbList\",\"@id\":\"https:\\\/\\\/cpaint.ch\\\/fr\\\/conditions\\\/#breadcrumb\",\"itemListElement\":[{\"@type\":\"ListItem\",\"position\":1,\"name\":\"Startseite\",\"item\":\"https:\\\/\\\/cpaint.ch\\\/fr\\\/\"},{\"@type\":\"ListItem\",\"position\":2,\"name\":\"Conditions\"}]},{\"@type\":\"WebSite\",\"@id\":\"https:\\\/\\\/cpaint.ch\\\/#website\",\"url\":\"https:\\\/\\\/cpaint.ch\\\/\",\"name\":\"CPaint.CH\",\"description\":\"\",\"potentialAction\":[{\"@type\":\"SearchAction\",\"target\":{\"@type\":\"EntryPoint\",\"urlTemplate\":\"https:\\\/\\\/cpaint.ch\\\/?s={search_term_string}\"},\"query-input\":{\"@type\":\"PropertyValueSpecification\",\"valueRequired\":true,\"valueName\":\"search_term_string\"}}],\"inLanguage\":\"fr-FR\"}]}<\/script>\n<!-- \/ Yoast SEO plugin. -->","yoast_head_json":{"title":"Conditions - CPaint.CH","robots":{"index":"index","follow":"follow","max-snippet":"max-snippet:-1","max-image-preview":"max-image-preview:large","max-video-preview":"max-video-preview:-1"},"canonical":"https:\/\/cpaint.ch\/fr\/conditions\/","og_locale":"fr_FR","og_type":"article","og_title":"Conditions - CPaint.CH","og_description":"Conditions g\u00e9n\u00e9rales de CPaint.CH 1. Conditions applicables 1.1 Les conditions g\u00e9n\u00e9rales suivantes s&rsquo;appliquent \u00e0 tous les contrats avec CPaint.CH, m\u00eame si elles ne sont plus mentionn\u00e9es dans les contrats ult\u00e9rieurs. Elles s&rsquo;appliquent \u00e9galement si le partenaire contractuel se r\u00e9f\u00e8re \u00e0 ses propres conditions, notamment lors de l&rsquo;acceptation de la confirmation de commande, \u00e0 moins que [...]","og_url":"https:\/\/cpaint.ch\/fr\/conditions\/","og_site_name":"CPaint.CH","article_modified_time":"2024-05-07T08:43:00+00:00","twitter_card":"summary_large_image","twitter_misc":{"Dur\u00e9e de lecture estim\u00e9e":"13 minutes"},"schema":{"@context":"https:\/\/schema.org","@graph":[{"@type":"WebPage","@id":"https:\/\/cpaint.ch\/fr\/conditions\/","url":"https:\/\/cpaint.ch\/fr\/conditions\/","name":"Conditions - CPaint.CH","isPartOf":{"@id":"https:\/\/cpaint.ch\/#website"},"datePublished":"2022-11-22T16:50:18+00:00","dateModified":"2024-05-07T08:43:00+00:00","breadcrumb":{"@id":"https:\/\/cpaint.ch\/fr\/conditions\/#breadcrumb"},"inLanguage":"fr-FR","potentialAction":[{"@type":"ReadAction","target":["https:\/\/cpaint.ch\/fr\/conditions\/"]}]},{"@type":"BreadcrumbList","@id":"https:\/\/cpaint.ch\/fr\/conditions\/#breadcrumb","itemListElement":[{"@type":"ListItem","position":1,"name":"Startseite","item":"https:\/\/cpaint.ch\/fr\/"},{"@type":"ListItem","position":2,"name":"Conditions"}]},{"@type":"WebSite","@id":"https:\/\/cpaint.ch\/#website","url":"https:\/\/cpaint.ch\/","name":"CPaint.CH","description":"","potentialAction":[{"@type":"SearchAction","target":{"@type":"EntryPoint","urlTemplate":"https:\/\/cpaint.ch\/?s={search_term_string}"},"query-input":{"@type":"PropertyValueSpecification","valueRequired":true,"valueName":"search_term_string"}}],"inLanguage":"fr-FR"}]}},"_links":{"self":[{"href":"https:\/\/cpaint.ch\/fr\/wp-json\/wp\/v2\/pages\/1068","targetHints":{"allow":["GET"]}}],"collection":[{"href":"https:\/\/cpaint.ch\/fr\/wp-json\/wp\/v2\/pages"}],"about":[{"href":"https:\/\/cpaint.ch\/fr\/wp-json\/wp\/v2\/types\/page"}],"author":[{"embeddable":true,"href":"https:\/\/cpaint.ch\/fr\/wp-json\/wp\/v2\/users\/1"}],"replies":[{"embeddable":true,"href":"https:\/\/cpaint.ch\/fr\/wp-json\/wp\/v2\/comments?post=1068"}],"version-history":[{"count":4,"href":"https:\/\/cpaint.ch\/fr\/wp-json\/wp\/v2\/pages\/1068\/revisions"}],"predecessor-version":[{"id":1220,"href":"https:\/\/cpaint.ch\/fr\/wp-json\/wp\/v2\/pages\/1068\/revisions\/1220"}],"wp:attachment":[{"href":"https:\/\/cpaint.ch\/fr\/wp-json\/wp\/v2\/media?parent=1068"}],"curies":[{"name":"wp","href":"https:\/\/api.w.org\/{rel}","templated":true}]}}