{"id":1069,"date":"2022-11-22T17:25:49","date_gmt":"2022-11-22T16:25:49","guid":{"rendered":"https:\/\/cpaint.ch\/impressum\/"},"modified":"2024-05-04T10:05:45","modified_gmt":"2024-05-04T08:05:45","slug":"imprimer","status":"publish","type":"page","link":"https:\/\/cpaint.ch\/fr\/imprimer\/","title":{"rendered":"Imprimer"},"content":{"rendered":"<p><strong>CPaint.CH <\/strong><br \/>\nFlughofstrasse 47<br \/>\nCH-8152 Glattbrugg \/ Zurich \/ Suisse<\/p>\n<p>Web\u00a0: <a href=\"http:\/\/www.CPaint.CH \">www.CPaint.CH<\/a><br \/>\nE-mail\u00a0: <a href=\"mailto:info@CPaint.CH\">info@CPaint.CH<\/a><br \/>\nFor juridique: Zurich<br \/>\nPropri\u00e9taire : CPaint.CH Aktiengesellschaft<br \/>\nNum\u00e9ro fiscal\u00a0: en pr\u00e9paration<br \/>\nNum\u00e9ro d&rsquo;entreprise : en pr\u00e9paration<\/p>\n<p><strong>Informations l\u00e9gales<\/strong><br \/>\nCPaint.CH est responsable du contenu conform\u00e9ment au \u00a7 5 TMG.<br \/>\nVous avez des questions ou souhaitez nous parler ?<br \/>\nNous serons heureux de vous aider par t\u00e9l\u00e9phone : +41 763763720<br \/>\nVous \u00eates \u00e9galement invit\u00e9s \u00e0 nous envoyer un e-mail \u00e0 <a href=\"mailto:info@CPaint.CH\" >info@CPaint.CH<\/a>.<br \/>\nBien entendu, vous avez \u00e9galement la possibilit\u00e9 d&rsquo;utiliser notre <a href=\"https:\/\/CPaint.CH\">formulaire de contact<\/a>.<\/p>\n<p><strong>Droits d&rsquo;auteur<\/strong><br \/>\nLe contenu et les \u0153uvres de ces pages cr\u00e9\u00e9es par les exploitants du site sont soumis \u00e0 la loi allemande sur le droit d&rsquo;auteur. La reproduction, le traitement, la distribution et toute forme d&rsquo;exploitation en dehors des limites du droit d&rsquo;auteur n\u00e9cessitent l&rsquo;accord \u00e9crit de l&rsquo;auteur ou du cr\u00e9ateur respectif. Les t\u00e9l\u00e9chargements et les copies de cette page ne sont autoris\u00e9s que pour un usage priv\u00e9 et non commercial. Si le contenu de ce site n&rsquo;a pas \u00e9t\u00e9 cr\u00e9\u00e9 par l&rsquo;op\u00e9rateur, les droits d&rsquo;auteur des tiers sont respect\u00e9s. En particulier, les contenus de tiers sont marqu\u00e9s comme tels. Si vous constatez n\u00e9anmoins une violation du droit d&rsquo;auteur, nous vous demandons de nous en informer. Si nous avons connaissance de violations de la loi, nous supprimerons imm\u00e9diatement ce contenu.<\/p>\n<p>Derni\u00e8re mise \u00e0 jour de CPaint.CH 30 mars 2024<\/p>\n","protected":false},"excerpt":{"rendered":"<p>CPaint.CH Flughofstrasse 47 CH-8152 Glattbrugg \/ Zurich \/ Suisse Web\u00a0: www.CPaint.CH E-mail\u00a0: info@CPaint.CH For juridique: Zurich Propri\u00e9taire : CPaint.CH Aktiengesellschaft Num\u00e9ro fiscal\u00a0: en pr\u00e9paration Num\u00e9ro d&rsquo;entreprise : en pr\u00e9paration Informations l\u00e9gales CPaint.CH est responsable du contenu conform\u00e9ment au \u00a7 5 TMG. Vous avez des questions ou souhaitez nous parler ? Nous serons heureux de vous [&#8230;]<\/p>\n","protected":false},"author":1,"featured_media":0,"parent":0,"menu_order":0,"comment_status":"closed","ping_status":"closed","template":"","meta":{"_themeisle_gutenberg_block_has_review":false,"footnotes":""},"class_list":["post-1069","page","type-page","status-publish","hentry"],"yoast_head":"<!-- This site is optimized with the Yoast SEO plugin v27.4 - https:\/\/yoast.com\/product\/yoast-seo-wordpress\/ -->\n<title>Imprimer - CPaint.CH<\/title>\n<meta name=\"robots\" content=\"index, follow, max-snippet:-1, max-image-preview:large, max-video-preview:-1\" \/>\n<link rel=\"canonical\" href=\"https:\/\/cpaint.ch\/fr\/imprimer\/\" \/>\n<meta property=\"og:locale\" content=\"fr_FR\" \/>\n<meta property=\"og:type\" content=\"article\" \/>\n<meta property=\"og:title\" content=\"Imprimer - CPaint.CH\" \/>\n<meta property=\"og:description\" content=\"CPaint.CH Flughofstrasse 47 CH-8152 Glattbrugg \/ Zurich \/ Suisse Web\u00a0: www.CPaint.CH E-mail\u00a0: info@CPaint.CH For juridique: Zurich Propri\u00e9taire : CPaint.CH Aktiengesellschaft Num\u00e9ro fiscal\u00a0: en pr\u00e9paration Num\u00e9ro d&rsquo;entreprise : en pr\u00e9paration Informations l\u00e9gales CPaint.CH est responsable du contenu conform\u00e9ment au \u00a7 5 TMG. Vous avez des questions ou souhaitez nous parler ? Nous serons heureux de vous [...]\" \/>\n<meta property=\"og:url\" content=\"https:\/\/cpaint.ch\/fr\/imprimer\/\" \/>\n<meta property=\"og:site_name\" content=\"CPaint.CH\" \/>\n<meta property=\"article:modified_time\" content=\"2024-05-04T08:05:45+00:00\" \/>\n<meta name=\"twitter:card\" content=\"summary_large_image\" \/>\n<meta name=\"twitter:label1\" content=\"Dur\u00e9e de lecture estim\u00e9e\" \/>\n\t<meta name=\"twitter:data1\" content=\"2 minutes\" \/>\n<script type=\"application\/ld+json\" class=\"yoast-schema-graph\">{\"@context\":\"https:\\\/\\\/schema.org\",\"@graph\":[{\"@type\":\"WebPage\",\"@id\":\"https:\\\/\\\/cpaint.ch\\\/fr\\\/imprimer\\\/\",\"url\":\"https:\\\/\\\/cpaint.ch\\\/fr\\\/imprimer\\\/\",\"name\":\"Imprimer - CPaint.CH\",\"isPartOf\":{\"@id\":\"https:\\\/\\\/cpaint.ch\\\/#website\"},\"datePublished\":\"2022-11-22T16:25:49+00:00\",\"dateModified\":\"2024-05-04T08:05:45+00:00\",\"breadcrumb\":{\"@id\":\"https:\\\/\\\/cpaint.ch\\\/fr\\\/imprimer\\\/#breadcrumb\"},\"inLanguage\":\"fr-FR\",\"potentialAction\":[{\"@type\":\"ReadAction\",\"target\":[\"https:\\\/\\\/cpaint.ch\\\/fr\\\/imprimer\\\/\"]}]},{\"@type\":\"BreadcrumbList\",\"@id\":\"https:\\\/\\\/cpaint.ch\\\/fr\\\/imprimer\\\/#breadcrumb\",\"itemListElement\":[{\"@type\":\"ListItem\",\"position\":1,\"name\":\"Startseite\",\"item\":\"https:\\\/\\\/cpaint.ch\\\/fr\\\/\"},{\"@type\":\"ListItem\",\"position\":2,\"name\":\"Imprimer\"}]},{\"@type\":\"WebSite\",\"@id\":\"https:\\\/\\\/cpaint.ch\\\/#website\",\"url\":\"https:\\\/\\\/cpaint.ch\\\/\",\"name\":\"CPaint.CH\",\"description\":\"\",\"potentialAction\":[{\"@type\":\"SearchAction\",\"target\":{\"@type\":\"EntryPoint\",\"urlTemplate\":\"https:\\\/\\\/cpaint.ch\\\/?s={search_term_string}\"},\"query-input\":{\"@type\":\"PropertyValueSpecification\",\"valueRequired\":true,\"valueName\":\"search_term_string\"}}],\"inLanguage\":\"fr-FR\"}]}<\/script>\n<!-- \/ Yoast SEO plugin. -->","yoast_head_json":{"title":"Imprimer - CPaint.CH","robots":{"index":"index","follow":"follow","max-snippet":"max-snippet:-1","max-image-preview":"max-image-preview:large","max-video-preview":"max-video-preview:-1"},"canonical":"https:\/\/cpaint.ch\/fr\/imprimer\/","og_locale":"fr_FR","og_type":"article","og_title":"Imprimer - CPaint.CH","og_description":"CPaint.CH Flughofstrasse 47 CH-8152 Glattbrugg \/ Zurich \/ Suisse Web\u00a0: www.CPaint.CH E-mail\u00a0: info@CPaint.CH For juridique: Zurich Propri\u00e9taire : CPaint.CH Aktiengesellschaft Num\u00e9ro fiscal\u00a0: en pr\u00e9paration Num\u00e9ro d&rsquo;entreprise : en pr\u00e9paration Informations l\u00e9gales CPaint.CH est responsable du contenu conform\u00e9ment au \u00a7 5 TMG. Vous avez des questions ou souhaitez nous parler ? Nous serons heureux de vous [...]","og_url":"https:\/\/cpaint.ch\/fr\/imprimer\/","og_site_name":"CPaint.CH","article_modified_time":"2024-05-04T08:05:45+00:00","twitter_card":"summary_large_image","twitter_misc":{"Dur\u00e9e de lecture estim\u00e9e":"2 minutes"},"schema":{"@context":"https:\/\/schema.org","@graph":[{"@type":"WebPage","@id":"https:\/\/cpaint.ch\/fr\/imprimer\/","url":"https:\/\/cpaint.ch\/fr\/imprimer\/","name":"Imprimer - CPaint.CH","isPartOf":{"@id":"https:\/\/cpaint.ch\/#website"},"datePublished":"2022-11-22T16:25:49+00:00","dateModified":"2024-05-04T08:05:45+00:00","breadcrumb":{"@id":"https:\/\/cpaint.ch\/fr\/imprimer\/#breadcrumb"},"inLanguage":"fr-FR","potentialAction":[{"@type":"ReadAction","target":["https:\/\/cpaint.ch\/fr\/imprimer\/"]}]},{"@type":"BreadcrumbList","@id":"https:\/\/cpaint.ch\/fr\/imprimer\/#breadcrumb","itemListElement":[{"@type":"ListItem","position":1,"name":"Startseite","item":"https:\/\/cpaint.ch\/fr\/"},{"@type":"ListItem","position":2,"name":"Imprimer"}]},{"@type":"WebSite","@id":"https:\/\/cpaint.ch\/#website","url":"https:\/\/cpaint.ch\/","name":"CPaint.CH","description":"","potentialAction":[{"@type":"SearchAction","target":{"@type":"EntryPoint","urlTemplate":"https:\/\/cpaint.ch\/?s={search_term_string}"},"query-input":{"@type":"PropertyValueSpecification","valueRequired":true,"valueName":"search_term_string"}}],"inLanguage":"fr-FR"}]}},"_links":{"self":[{"href":"https:\/\/cpaint.ch\/fr\/wp-json\/wp\/v2\/pages\/1069","targetHints":{"allow":["GET"]}}],"collection":[{"href":"https:\/\/cpaint.ch\/fr\/wp-json\/wp\/v2\/pages"}],"about":[{"href":"https:\/\/cpaint.ch\/fr\/wp-json\/wp\/v2\/types\/page"}],"author":[{"embeddable":true,"href":"https:\/\/cpaint.ch\/fr\/wp-json\/wp\/v2\/users\/1"}],"replies":[{"embeddable":true,"href":"https:\/\/cpaint.ch\/fr\/wp-json\/wp\/v2\/comments?post=1069"}],"version-history":[{"count":2,"href":"https:\/\/cpaint.ch\/fr\/wp-json\/wp\/v2\/pages\/1069\/revisions"}],"predecessor-version":[{"id":1091,"href":"https:\/\/cpaint.ch\/fr\/wp-json\/wp\/v2\/pages\/1069\/revisions\/1091"}],"wp:attachment":[{"href":"https:\/\/cpaint.ch\/fr\/wp-json\/wp\/v2\/media?parent=1069"}],"curies":[{"name":"wp","href":"https:\/\/api.w.org\/{rel}","templated":true}]}}