{"id":1074,"date":"2022-11-21T19:21:49","date_gmt":"2022-11-21T18:21:49","guid":{"rendered":"https:\/\/cpaint.ch\/datenschutz\/"},"modified":"2024-05-04T10:06:30","modified_gmt":"2024-05-04T08:06:30","slug":"protection-des-donnees","status":"publish","type":"page","link":"https:\/\/cpaint.ch\/fr\/protection-des-donnees\/","title":{"rendered":"Protection des donn\u00e9es"},"content":{"rendered":"<h4>1.Organisme responsable au sens de l&rsquo;article 13, paragraphe 1 du TMG \/ \u00a7 3, paragraphe 7 du BDSG<\/h4>\n<p>L&rsquo;organisme responsable au sens de la loi sur la protection des donn\u00e9es est\u00a0:<br \/>\nLe CPaint.CH<br \/>\nFlughofstrasse 47<br \/>\nCH-8152 Glattbrugg \/ Zurich Suisse<br \/>\nE-mail\u00a0:\u00a0<a href=\"mailto:info@CPaint.CH\">info@CPaint.CH<\/a><\/p>\n<h4>2. Collecte et stockage de donn\u00e9es personnelles<\/h4>\n<h5>2.1) Lors de la visite du site Web<\/h5>\n<p>Lorsque vous acc\u00e9dez \u00e0 notre site Internet www.CPaint.CH, le navigateur utilis\u00e9 sur votre appareil envoie automatiquement des informations au serveur de notre site Internet. Ces informations sont temporairement stock\u00e9es dans ce que l&rsquo;on appelle un fichier journal. Les informations suivantes sont enregistr\u00e9es sans votre intervention et conserv\u00e9es jusqu&rsquo;\u00e0 leur suppression automatique :<\/p>\n<ul>\n<li>Adresse IP de l&rsquo;ordinateur demandeur<\/li>\n<li>Date et heure d&rsquo;acc\u00e8s<\/li>\n<li>Nom et URL du fichier r\u00e9cup\u00e9r\u00e9<\/li>\n<li>Site Web \u00e0 partir duquel l&rsquo;acc\u00e8s est effectu\u00e9 (URL de r\u00e9f\u00e9rence)<\/li>\n<li>Navigateur utilis\u00e9 et, le cas \u00e9ch\u00e9ant, le syst\u00e8me d&rsquo;exploitation de votre ordinateur ainsi que le nom de votre fournisseur d&rsquo;acc\u00e8s.<\/li>\n<\/ul>\n<p>Les donn\u00e9es mentionn\u00e9es seront trait\u00e9es par nos soins aux fins suivantes :<\/p>\n<ul>\n<li>Assurer une connexion fluide au site Web<\/li>\n<li>Assurer une utilisation confortable de notre site Web<\/li>\n<li>\u00c9valuation de la s\u00e9curit\u00e9 et de la stabilit\u00e9 du syst\u00e8me \u00e9galement<\/li>\n<li>\u00e0 des fins administratives suppl\u00e9mentaires.<\/li>\n<\/ul>\n<p>La base juridique du traitement des donn\u00e9es est l&rsquo;article 6, paragraphe 1, phrase 1, lettre f du RGPD. Notre int\u00e9r\u00eat l\u00e9gitime d\u00e9coule des finalit\u00e9s de collecte de donn\u00e9es \u00e9num\u00e9r\u00e9es ci-dessus. Nous n&rsquo;utilisons en aucun cas les donn\u00e9es collect\u00e9es dans le but de tirer des conclusions sur vous personnellement. Nous utilisons \u00e9galement des cookies et des services d&rsquo;analyse lorsque vous visitez notre site Web. De plus amples explications peuvent \u00eatre trouv\u00e9es dans les sections 4 et 5 de cette d\u00e9claration de protection des donn\u00e9es.<\/p>\n<h5>2.2) Lors de l&rsquo;utilisation de notre formulaire de contact<\/h5>\n<p>Si vous avez des questions, nous vous offrons la possibilit\u00e9 de nous contacter via un formulaire mis \u00e0 disposition sur le site. Il est n\u00e9cessaire de fournir un nom, un num\u00e9ro de t\u00e9l\u00e9phone et une adresse email valide afin que nous sachions de qui provient la demande et afin de pouvoir y r\u00e9pondre. Des informations compl\u00e9mentaires peuvent \u00eatre fournies volontairement. Le traitement des donn\u00e9es dans le but de nous contacter est effectu\u00e9 conform\u00e9ment \u00e0 l&rsquo;article 6, paragraphe 1, phrase 1, lettre a du RGPD, sur la base de votre consentement volontaire. Les donn\u00e9es personnelles que nous collectons lors de l&rsquo;utilisation du formulaire de contact seront automatiquement supprim\u00e9es apr\u00e8s traitement de la demande que vous avez soumise.<\/p>\n<h5>2.3) Mention de l&rsquo;entreprise dans les projets<\/h5>\n<p>Votre entreprise, nom ou association ne sera mentionn\u00e9e dans notre rubrique \u00ab Projets \u00bb qu\u2019avec votre accord expr\u00e8s. Celui-ci peut \u00eatre r\u00e9voqu\u00e9 \u00e0 tout moment. La r\u00e9vocation de votre consentement n&rsquo;affectera pas la lic\u00e9it\u00e9 du traitement effectu\u00e9 sur votre base jusqu&rsquo;au moment de sa r\u00e9vocation. En cas de r\u00e9vocation, vos donn\u00e9es personnelles seront imm\u00e9diatement supprim\u00e9es. De plus amples explications sur vos droits peuvent \u00eatre trouv\u00e9es dans les sections 6 et 7 de cette d\u00e9claration de protection des donn\u00e9es.<\/p>\n<h4>3. Utilisation anonyme \/ pseudonymis\u00e9e du site Internet<\/h4>\n<p>En principe, vous pouvez visiter notre site Internet sans fournir de donn\u00e9es personnelles. Les donn\u00e9es d&rsquo;utilisation pseudonymis\u00e9es ne seront pas fusionn\u00e9es avec les donn\u00e9es du porteur du pseudonyme. Il n\u2019y a pas de cr\u00e9ation de profils d\u2019utilisation pseudonymes.<\/p>\n<h4>4. Partage de donn\u00e9es<\/h4>\n<p>Vos donn\u00e9es personnelles ne seront pas transf\u00e9r\u00e9es \u00e0 des tiers \u00e0 des fins autres que celles \u00e9num\u00e9r\u00e9es ci-dessous.<\/p>\n<p>Nous ne partagerons vos informations personnelles avec des tiers que si\u00a0:<\/p>\n<ul>\n<li>Vous avez donn\u00e9 votre consentement expr\u00e8s conform\u00e9ment \u00e0 l&rsquo;article 6, paragraphe 1, phrase 1, lettre a du RGPD,<\/li>\n<li>La divulgation conform\u00e9ment \u00e0 l&rsquo;article 6, paragraphe 1, phrase 1, lettre f du RGPD est n\u00e9cessaire pour faire valoir, exercer ou d\u00e9fendre des droits en justice et il n&rsquo;y a aucune raison de supposer que vous avez un int\u00e9r\u00eat l\u00e9gitime sup\u00e9rieur \u00e0 ne pas divulguer vos donn\u00e9es,< \/li>\n<li>dans le cas o\u00f9 il existe une obligation l\u00e9gale de divulgation conform\u00e9ment \u00e0 l&rsquo;article 6, paragraphe 1, phrase 1, lettre c du RGPD, ainsi que<\/li>\n<li>cela est l\u00e9galement autoris\u00e9 et n\u00e9cessaire au traitement des relations contractuelles avec vous conform\u00e9ment \u00e0 l&rsquo;article 6, paragraphe 1, phrase 1, lettre b du RGPD.<\/li>\n<\/ul>\n<h4>5. Cookies<\/h4>\n<p>Nous utilisons des cookies sur notre site. Il s&rsquo;agit de petits fichiers que votre navigateur cr\u00e9e automatiquement et qui sont stock\u00e9s sur votre appareil (ordinateur portable, tablette, smartphone, etc.) lorsque vous visitez notre site. Les cookies ne causent aucun dommage \u00e0 votre appareil et ne contiennent pas de virus, chevaux de Troie ou autres logiciels malveillants. Le cookie stocke des informations relatives \u00e0 l&rsquo;appareil final sp\u00e9cifique utilis\u00e9. Toutefois, cela ne signifie pas que nous ayons directement connaissance de votre identit\u00e9. D&rsquo;une part, l&rsquo;utilisation de cookies sert \u00e0 rendre l&rsquo;utilisation de notre offre plus agr\u00e9able pour vous. Nous utilisons ce que l&rsquo;on appelle des cookies de session pour reconna\u00eetre que vous avez d\u00e9j\u00e0 visit\u00e9 certaines pages de notre site Internet. Ceux-ci sont automatiquement supprim\u00e9s apr\u00e8s que vous quittez notre site. De plus, pour optimiser la convivialit\u00e9, nous utilisons \u00e9galement des cookies temporaires qui sont stock\u00e9s sur votre appareil pendant une p\u00e9riode de temps d\u00e9termin\u00e9e. Si vous visitez \u00e0 nouveau notre site pour utiliser nos services, il sera automatiquement reconnu que vous avez d\u00e9j\u00e0 \u00e9t\u00e9 avec nous et quelles entr\u00e9es et param\u00e8tres vous avez effectu\u00e9s afin que vous n&rsquo;ayez pas \u00e0 les saisir \u00e0 nouveau. D&rsquo;autre part, nous utilisons des cookies pour enregistrer statistiquement l&rsquo;utilisation de notre site Internet et l&rsquo;\u00e9valuer dans le but d&rsquo;optimiser notre offre pour vous (voir point 5). Ces cookies nous permettent de reconna\u00eetre automatiquement que vous \u00eates d\u00e9j\u00e0 venu avec nous lorsque vous visitez \u00e0 nouveau notre site. Ces cookies sont automatiquement supprim\u00e9s apr\u00e8s une p\u00e9riode de temps d\u00e9finie. Les donn\u00e9es trait\u00e9es par les cookies sont n\u00e9cessaires aux fins mentionn\u00e9es pour prot\u00e9ger nos int\u00e9r\u00eats l\u00e9gitimes et ceux de tiers conform\u00e9ment \u00e0 l&rsquo;article 6, paragraphe 1, phrase 1, lettre f du RGPD. La plupart des navigateurs acceptent automatiquement les cookies. Vous pouvez toutefois configurer votre navigateur pour qu&rsquo;aucun cookie ne soit stock\u00e9 sur votre ordinateur ou qu&rsquo;un message apparaisse toujours avant la cr\u00e9ation d&rsquo;un nouveau cookie. Cependant, la d\u00e9sactivation compl\u00e8te des cookies peut avoir pour cons\u00e9quence que vous ne puissiez pas utiliser toutes les fonctions de notre site Internet.<\/p>\n<h4>6. Droits des personnes concern\u00e9es<\/h4>\n<p>Tu as le droit:<\/p>\n<ul>\n<li>Conform\u00e9ment \u00e0 l&rsquo;article\u00a015 du RGPD, pour demander des informations sur vos donn\u00e9es personnelles que nous traitons. Vous pouvez notamment obtenir des informations sur les finalit\u00e9s du traitement, la cat\u00e9gorie de donn\u00e9es personnelles, les cat\u00e9gories de destinataires auxquels vos donn\u00e9es ont \u00e9t\u00e9 ou seront divulgu\u00e9es, la dur\u00e9e de conservation pr\u00e9vue, l&rsquo;existence d&rsquo;un droit de rectification, de suppression, de restriction. du traitement ou de l&rsquo;opposition, l&rsquo;existence d&rsquo;un droit de r\u00e9clamation, l&rsquo;origine de vos donn\u00e9es, si elles n&rsquo;ont pas \u00e9t\u00e9 collect\u00e9es par nous, ainsi que l&rsquo;existence d&rsquo;une prise de d\u00e9cision automatis\u00e9e, y compris le profilage et, si n\u00e9cessaire, des informations significatives sur leurs d\u00e9tails\u00a0; <\/li>\n<li>Conform\u00e9ment \u00e0 l&rsquo;article\u00a016 du RGPD, demander imm\u00e9diatement la correction des donn\u00e9es personnelles incorrectes ou compl\u00e8tes que nous stockons\u00a0;<\/li>\n<li>Conform\u00e9ment \u00e0 l&rsquo;article\u00a017 du RGPD, demander la suppression de vos donn\u00e9es personnelles stock\u00e9es par nous, sauf si le traitement est effectu\u00e9 pour exercer le droit \u00e0 la libert\u00e9 d&rsquo;expression et d&rsquo;information, pour remplir une obligation l\u00e9gale, pour des raisons d&rsquo;utilit\u00e9 publique. un int\u00e9r\u00eat ou pour faire valoir, exercer ou d\u00e9fendre des r\u00e9clamations l\u00e9gales est n\u00e9cessaire\u00a0;<\/li>\n<li>Conform\u00e9ment \u00e0 l&rsquo;article\u00a018 du RGPD, pour demander la limitation du traitement de vos donn\u00e9es personnelles si vous contestez l&rsquo;exactitude des donn\u00e9es, le traitement est illicite mais vous refusez leur suppression et nous n&rsquo;avons plus besoin des donn\u00e9es mais vous souhaitez pour l&rsquo;utiliser, vous devez faire valoir, exercer ou d\u00e9fendre des droits en justice ou vous vous \u00eates oppos\u00e9 au traitement conform\u00e9ment \u00e0 l&rsquo;article 21 du RGPD\u00a0;<\/li>\n<li>Conform\u00e9ment \u00e0 l&rsquo;article\u00a020 du RGPD, recevoir les donn\u00e9es personnelles que vous nous avez fournies dans un format structur\u00e9, commun et lisible par machine ou demander qu&rsquo;elles soient transf\u00e9r\u00e9es \u00e0 une autre personne responsable\u00a0;<\/li>\n<li>Conform\u00e9ment \u00e0 l&rsquo;article 7, paragraphe 3, du RGPD, vous pouvez r\u00e9voquer votre consentement \u00e0 tout moment. Cela signifie que nous ne sommes plus autoris\u00e9s \u00e0 poursuivre le traitement des donn\u00e9es sur la base de ce consentement \u00e0 l&rsquo;avenir et<\/li>\n<li>Pour porter plainte aupr\u00e8s d&rsquo;une autorit\u00e9 de contr\u00f4le conform\u00e9ment \u00e0 l&rsquo;article\u00a077 du RGPD. En r\u00e8gle g\u00e9n\u00e9rale, vous pouvez contacter l&rsquo;autorit\u00e9 de contr\u00f4le de votre lieu de r\u00e9sidence ou de travail habituel ou de nos bureaux.<\/li>\n<\/ul>\n<h4>7. Droit d&rsquo;opposition<\/h4>\n<p>Si vos donn\u00e9es personnelles sont trait\u00e9es sur la base d&rsquo;int\u00e9r\u00eats l\u00e9gitimes conform\u00e9ment \u00e0 l&rsquo;article 6, paragraphe 1, phrase 1, lettre f du RGPD, vous avez le droit de vous opposer au traitement de vos donn\u00e9es personnelles conform\u00e9ment \u00e0 l&rsquo;article 21 du RGPD, \u00e0 condition que il existe des raisons pour cela qui d\u00e9coulent de votre situation particuli\u00e8re ou l&rsquo;opposition est dirig\u00e9e contre la publicit\u00e9 directe. Dans ce dernier cas, vous disposez d\u2019un droit d\u2019opposition g\u00e9n\u00e9ral, que nous mettrons en \u0153uvre sans pr\u00e9ciser de situation particuli\u00e8re.<\/p>\n<p>Si vous souhaitez exercer votre droit de r\u00e9tractation ou d&rsquo;opposition, il vous suffit d&rsquo;envoyer un email \u00e0 :<br \/>\n<a href=\"mailto:info@CPaint.CH\">info@CPaint.CH<\/a><\/p>\n<h4>8. S\u00e9curit\u00e9 des donn\u00e9es<\/h4>\n<p> Lors de la visite de notre site Web, nous utilisons la proc\u00e9dure SSL (Secure Socket Layer) commune en conjonction avec le niveau de cryptage le plus \u00e9lev\u00e9 pris en charge par votre navigateur. Il s&rsquo;agit g\u00e9n\u00e9ralement d&rsquo;un cryptage de 256 bits. Si votre navigateur ne prend pas en charge le cryptage 256 bits, nous utiliserons plut\u00f4t la technologie v3 128 bits. Vous pouvez savoir si un seul site Internet ou plusieurs pages sont transmises de mani\u00e8re crypt\u00e9e gr\u00e2ce \u00e0 l&rsquo;affichage ferm\u00e9 du symbole de cl\u00e9 ou du symbole de cadenas dans la barre d&rsquo;\u00e9tat inf\u00e9rieure de votre navigateur. Nous utilisons \u00e9galement des mesures de s\u00e9curit\u00e9 techniques et organisationnelles appropri\u00e9es pour prot\u00e9ger vos donn\u00e9es contre toute manipulation accidentelle ou intentionnelle, perte partielle ou totale, destruction ou contre tout acc\u00e8s non autoris\u00e9 par des tiers. Nos mesures de s\u00e9curit\u00e9 sont continuellement am\u00e9lior\u00e9es en fonction des \u00e9volutions technologiques.<\/p>\n","protected":false},"excerpt":{"rendered":"<p>1.Organisme responsable au sens de l&rsquo;article 13, paragraphe 1 du TMG \/ \u00a7 3, paragraphe 7 du BDSG L&rsquo;organisme responsable au sens de la loi sur la protection des donn\u00e9es est\u00a0: Le CPaint.CH Flughofstrasse 47 CH-8152 Glattbrugg \/ Zurich Suisse E-mail\u00a0:\u00a0info@CPaint.CH 2. Collecte et stockage de donn\u00e9es personnelles 2.1) Lors de la visite du site [&#8230;]<\/p>\n","protected":false},"author":1,"featured_media":0,"parent":0,"menu_order":0,"comment_status":"closed","ping_status":"closed","template":"","meta":{"_themeisle_gutenberg_block_has_review":false,"footnotes":""},"class_list":["post-1074","page","type-page","status-publish","hentry"],"yoast_head":"<!-- This site is optimized with the Yoast SEO plugin v27.4 - https:\/\/yoast.com\/product\/yoast-seo-wordpress\/ -->\n<title>Protection des donn\u00e9es - CPaint.CH<\/title>\n<meta name=\"robots\" content=\"index, follow, max-snippet:-1, max-image-preview:large, max-video-preview:-1\" \/>\n<link rel=\"canonical\" href=\"https:\/\/cpaint.ch\/fr\/protection-des-donnees\/\" \/>\n<meta property=\"og:locale\" content=\"fr_FR\" \/>\n<meta property=\"og:type\" content=\"article\" \/>\n<meta property=\"og:title\" content=\"Protection des donn\u00e9es - CPaint.CH\" \/>\n<meta property=\"og:description\" content=\"1.Organisme responsable au sens de l&rsquo;article 13, paragraphe 1 du TMG \/ \u00a7 3, paragraphe 7 du BDSG L&rsquo;organisme responsable au sens de la loi sur la protection des donn\u00e9es est\u00a0: Le CPaint.CH Flughofstrasse 47 CH-8152 Glattbrugg \/ Zurich Suisse E-mail\u00a0:\u00a0info@CPaint.CH 2. Collecte et stockage de donn\u00e9es personnelles 2.1) Lors de la visite du site [...]\" \/>\n<meta property=\"og:url\" content=\"https:\/\/cpaint.ch\/fr\/protection-des-donnees\/\" \/>\n<meta property=\"og:site_name\" content=\"CPaint.CH\" \/>\n<meta property=\"article:modified_time\" content=\"2024-05-04T08:06:30+00:00\" \/>\n<meta name=\"twitter:card\" content=\"summary_large_image\" \/>\n<meta name=\"twitter:label1\" content=\"Dur\u00e9e de lecture estim\u00e9e\" \/>\n\t<meta name=\"twitter:data1\" content=\"10 minutes\" \/>\n<script type=\"application\/ld+json\" class=\"yoast-schema-graph\">{\"@context\":\"https:\\\/\\\/schema.org\",\"@graph\":[{\"@type\":\"WebPage\",\"@id\":\"https:\\\/\\\/cpaint.ch\\\/fr\\\/protection-des-donnees\\\/\",\"url\":\"https:\\\/\\\/cpaint.ch\\\/fr\\\/protection-des-donnees\\\/\",\"name\":\"Protection des donn\u00e9es - CPaint.CH\",\"isPartOf\":{\"@id\":\"https:\\\/\\\/cpaint.ch\\\/#website\"},\"datePublished\":\"2022-11-21T18:21:49+00:00\",\"dateModified\":\"2024-05-04T08:06:30+00:00\",\"breadcrumb\":{\"@id\":\"https:\\\/\\\/cpaint.ch\\\/fr\\\/protection-des-donnees\\\/#breadcrumb\"},\"inLanguage\":\"fr-FR\",\"potentialAction\":[{\"@type\":\"ReadAction\",\"target\":[\"https:\\\/\\\/cpaint.ch\\\/fr\\\/protection-des-donnees\\\/\"]}]},{\"@type\":\"BreadcrumbList\",\"@id\":\"https:\\\/\\\/cpaint.ch\\\/fr\\\/protection-des-donnees\\\/#breadcrumb\",\"itemListElement\":[{\"@type\":\"ListItem\",\"position\":1,\"name\":\"Startseite\",\"item\":\"https:\\\/\\\/cpaint.ch\\\/fr\\\/\"},{\"@type\":\"ListItem\",\"position\":2,\"name\":\"Protection des donn\u00e9es\"}]},{\"@type\":\"WebSite\",\"@id\":\"https:\\\/\\\/cpaint.ch\\\/#website\",\"url\":\"https:\\\/\\\/cpaint.ch\\\/\",\"name\":\"CPaint.CH\",\"description\":\"\",\"potentialAction\":[{\"@type\":\"SearchAction\",\"target\":{\"@type\":\"EntryPoint\",\"urlTemplate\":\"https:\\\/\\\/cpaint.ch\\\/?s={search_term_string}\"},\"query-input\":{\"@type\":\"PropertyValueSpecification\",\"valueRequired\":true,\"valueName\":\"search_term_string\"}}],\"inLanguage\":\"fr-FR\"}]}<\/script>\n<!-- \/ Yoast SEO plugin. -->","yoast_head_json":{"title":"Protection des donn\u00e9es - CPaint.CH","robots":{"index":"index","follow":"follow","max-snippet":"max-snippet:-1","max-image-preview":"max-image-preview:large","max-video-preview":"max-video-preview:-1"},"canonical":"https:\/\/cpaint.ch\/fr\/protection-des-donnees\/","og_locale":"fr_FR","og_type":"article","og_title":"Protection des donn\u00e9es - CPaint.CH","og_description":"1.Organisme responsable au sens de l&rsquo;article 13, paragraphe 1 du TMG \/ \u00a7 3, paragraphe 7 du BDSG L&rsquo;organisme responsable au sens de la loi sur la protection des donn\u00e9es est\u00a0: Le CPaint.CH Flughofstrasse 47 CH-8152 Glattbrugg \/ Zurich Suisse E-mail\u00a0:\u00a0info@CPaint.CH 2. Collecte et stockage de donn\u00e9es personnelles 2.1) Lors de la visite du site [...]","og_url":"https:\/\/cpaint.ch\/fr\/protection-des-donnees\/","og_site_name":"CPaint.CH","article_modified_time":"2024-05-04T08:06:30+00:00","twitter_card":"summary_large_image","twitter_misc":{"Dur\u00e9e de lecture estim\u00e9e":"10 minutes"},"schema":{"@context":"https:\/\/schema.org","@graph":[{"@type":"WebPage","@id":"https:\/\/cpaint.ch\/fr\/protection-des-donnees\/","url":"https:\/\/cpaint.ch\/fr\/protection-des-donnees\/","name":"Protection des donn\u00e9es - CPaint.CH","isPartOf":{"@id":"https:\/\/cpaint.ch\/#website"},"datePublished":"2022-11-21T18:21:49+00:00","dateModified":"2024-05-04T08:06:30+00:00","breadcrumb":{"@id":"https:\/\/cpaint.ch\/fr\/protection-des-donnees\/#breadcrumb"},"inLanguage":"fr-FR","potentialAction":[{"@type":"ReadAction","target":["https:\/\/cpaint.ch\/fr\/protection-des-donnees\/"]}]},{"@type":"BreadcrumbList","@id":"https:\/\/cpaint.ch\/fr\/protection-des-donnees\/#breadcrumb","itemListElement":[{"@type":"ListItem","position":1,"name":"Startseite","item":"https:\/\/cpaint.ch\/fr\/"},{"@type":"ListItem","position":2,"name":"Protection des donn\u00e9es"}]},{"@type":"WebSite","@id":"https:\/\/cpaint.ch\/#website","url":"https:\/\/cpaint.ch\/","name":"CPaint.CH","description":"","potentialAction":[{"@type":"SearchAction","target":{"@type":"EntryPoint","urlTemplate":"https:\/\/cpaint.ch\/?s={search_term_string}"},"query-input":{"@type":"PropertyValueSpecification","valueRequired":true,"valueName":"search_term_string"}}],"inLanguage":"fr-FR"}]}},"_links":{"self":[{"href":"https:\/\/cpaint.ch\/fr\/wp-json\/wp\/v2\/pages\/1074","targetHints":{"allow":["GET"]}}],"collection":[{"href":"https:\/\/cpaint.ch\/fr\/wp-json\/wp\/v2\/pages"}],"about":[{"href":"https:\/\/cpaint.ch\/fr\/wp-json\/wp\/v2\/types\/page"}],"author":[{"embeddable":true,"href":"https:\/\/cpaint.ch\/fr\/wp-json\/wp\/v2\/users\/1"}],"replies":[{"embeddable":true,"href":"https:\/\/cpaint.ch\/fr\/wp-json\/wp\/v2\/comments?post=1074"}],"version-history":[{"count":3,"href":"https:\/\/cpaint.ch\/fr\/wp-json\/wp\/v2\/pages\/1074\/revisions"}],"predecessor-version":[{"id":1090,"href":"https:\/\/cpaint.ch\/fr\/wp-json\/wp\/v2\/pages\/1074\/revisions\/1090"}],"wp:attachment":[{"href":"https:\/\/cpaint.ch\/fr\/wp-json\/wp\/v2\/media?parent=1074"}],"curies":[{"name":"wp","href":"https:\/\/api.w.org\/{rel}","templated":true}]}}