{"id":1075,"date":"2022-11-21T19:21:49","date_gmt":"2022-11-21T18:21:49","guid":{"rendered":"https:\/\/cpaint.ch\/edelmetall-recycling\/"},"modified":"2024-05-27T19:57:11","modified_gmt":"2024-05-27T17:57:11","slug":"edelmetall-recycling","status":"publish","type":"page","link":"https:\/\/cpaint.ch\/fr\/","title":{"rendered":"Maison"},"content":{"rendered":"<h2>Bienvenue sur CPaint.CH<\/h2>\n<h4>CPaint est un studio sp\u00e9cialis\u00e9 dans la reproduction des \u0153uvres de Pablo Picasso.<\/h4>\n<p>Pablo Ruiz Picasso (n\u00e9 le 25 octobre 1881 \u00e0 Malaga, Espagne, \u2020 8 avril 1973 \u00e0 Mougins, France) \u00e9tait un peintre, graphiste et sculpteur espagnol. Son vaste \u0153uvre comprend des peintures, des dessins, des graphiques, des collages, des sculptures et des c\u00e9ramiques, dont le nombre total est estim\u00e9 \u00e0 50 000. Ses \u0153uvres se caract\u00e9risent par une grande vari\u00e9t\u00e9 d&rsquo;expressions et de techniques artistiques. Les \u0153uvres de ses p\u00e9riodes bleue et rose et la fondation du cubisme avec Georges Braque marquent le d\u00e9but de son extraordinaire parcours artistique.<\/p>\n<p>L&rsquo;une des \u0153uvres les plus c\u00e9l\u00e8bres de Picasso est le tableau Les Demoiselles d&rsquo;Avignon (1907). C\u2019est devenu une image cl\u00e9 du modernisme classique. \u00c0 l\u2019exception du tableau monumental Guernica (1937), rendu artistique des horreurs de la guerre civile espagnole, aucune autre \u0153uvre d\u2019art du XXe si\u00e8cle n\u2019a autant d\u00e9fi\u00e9 la recherche que les Demoiselles. Le motif de la colombe sur l&rsquo;affiche qu&rsquo;il a con\u00e7ue pour le Congr\u00e8s mondial de la paix \u00e0 Paris en 1949 est devenu un symbole de paix dans le monde.<\/p>\n<p>De vastes collections de Picasso sont expos\u00e9es dans les mus\u00e9es de Paris, Barcelone et Madrid. Ses \u0153uvres sont largement repr\u00e9sent\u00e9es dans de nombreux grands mus\u00e9es d&rsquo;art du monde qui exposent des \u0153uvres d&rsquo;art du XXe si\u00e8cle. Le Mus\u00e9e Picasso de Barcelone et le Mus\u00e9e Picasso d&rsquo;Antibes ont \u00e9t\u00e9 construits de son vivant.<\/p>\n<p>Source\u00a0: <a href=\"https:\/\/de.wikipedia.org\/wiki\/Pablo_Picasso\" rel=\"noopener\" target=\"_blank\">https:\/\/de.wikipedia.org\/wiki\/Pablo_Picasso<\/a><\/p>\n<p>Nous soulignons express\u00e9ment que mes \u0153uvres diff\u00e8rent de l&rsquo;original et sont des \u0153uvres ind\u00e9pendantes bas\u00e9es sur le style et la technique de \u00ab Picasso \u00bb. Toutes les \u0153uvres ont un niveau de reproduction d&rsquo;au moins 98,1 % de l&rsquo;original. Ces valeurs sont bien entendu v\u00e9rifiables. Nous utilisons uniquement les meilleurs mat\u00e9riaux disponibles sur le march\u00e9. Nous garantissons la meilleure qualit\u00e9 possible de tous les mat\u00e9riaux que nous utilisons.<\/p>\n","protected":false},"excerpt":{"rendered":"<p>Bienvenue sur CPaint.CH CPaint est un studio sp\u00e9cialis\u00e9 dans la reproduction des \u0153uvres de Pablo Picasso. Pablo Ruiz Picasso (n\u00e9 le 25 octobre 1881 \u00e0 Malaga, Espagne, \u2020 8 avril 1973 \u00e0 Mougins, France) \u00e9tait un peintre, graphiste et sculpteur espagnol. Son vaste \u0153uvre comprend des peintures, des dessins, des graphiques, des collages, des sculptures [&#8230;]<\/p>\n","protected":false},"author":1,"featured_media":0,"parent":0,"menu_order":0,"comment_status":"closed","ping_status":"closed","template":"","meta":{"_themeisle_gutenberg_block_has_review":false,"footnotes":""},"class_list":["post-1075","page","type-page","status-publish","hentry"],"yoast_head":"<!-- This site is optimized with the Yoast SEO plugin v27.4 - https:\/\/yoast.com\/product\/yoast-seo-wordpress\/ -->\n<title>Maison - CPaint.CH<\/title>\n<meta name=\"description\" content=\"CPaint est un studio sp\u00e9cialis\u00e9 dans la reproduction des \u0153uvres de Pablo Picasso.\" \/>\n<meta name=\"robots\" content=\"index, follow, max-snippet:-1, max-image-preview:large, max-video-preview:-1\" \/>\n<link rel=\"canonical\" href=\"https:\/\/cpaint.ch\/fr\/\" \/>\n<meta property=\"og:locale\" content=\"fr_FR\" \/>\n<meta property=\"og:type\" content=\"article\" \/>\n<meta property=\"og:title\" content=\"Maison - CPaint.CH\" \/>\n<meta property=\"og:description\" content=\"CPaint est un studio sp\u00e9cialis\u00e9 dans la reproduction des \u0153uvres de Pablo Picasso.\" \/>\n<meta property=\"og:url\" content=\"https:\/\/cpaint.ch\/fr\/\" \/>\n<meta property=\"og:site_name\" content=\"CPaint.CH\" \/>\n<meta property=\"article:modified_time\" content=\"2024-05-27T17:57:11+00:00\" \/>\n<meta name=\"twitter:card\" content=\"summary_large_image\" \/>\n<meta name=\"twitter:label1\" content=\"Dur\u00e9e de lecture estim\u00e9e\" \/>\n\t<meta name=\"twitter:data1\" content=\"2 minutes\" \/>\n<script type=\"application\/ld+json\" class=\"yoast-schema-graph\">{\"@context\":\"https:\\\/\\\/schema.org\",\"@graph\":[{\"@type\":\"WebPage\",\"@id\":\"https:\\\/\\\/cpaint.ch\\\/fr\\\/\",\"url\":\"https:\\\/\\\/cpaint.ch\\\/fr\\\/\",\"name\":\"Maison - CPaint.CH\",\"isPartOf\":{\"@id\":\"https:\\\/\\\/cpaint.ch\\\/#website\"},\"datePublished\":\"2022-11-21T18:21:49+00:00\",\"dateModified\":\"2024-05-27T17:57:11+00:00\",\"description\":\"CPaint est un studio sp\u00e9cialis\u00e9 dans la reproduction des \u0153uvres de Pablo Picasso.\",\"breadcrumb\":{\"@id\":\"https:\\\/\\\/cpaint.ch\\\/fr\\\/#breadcrumb\"},\"inLanguage\":\"fr-FR\",\"potentialAction\":[{\"@type\":\"ReadAction\",\"target\":[\"https:\\\/\\\/cpaint.ch\\\/fr\\\/\"]}]},{\"@type\":\"BreadcrumbList\",\"@id\":\"https:\\\/\\\/cpaint.ch\\\/fr\\\/#breadcrumb\",\"itemListElement\":[{\"@type\":\"ListItem\",\"position\":1,\"name\":\"Startseite\",\"item\":\"https:\\\/\\\/cpaint.ch\\\/fr\\\/\"},{\"@type\":\"ListItem\",\"position\":2,\"name\":\"Maison\"}]},{\"@type\":\"WebSite\",\"@id\":\"https:\\\/\\\/cpaint.ch\\\/#website\",\"url\":\"https:\\\/\\\/cpaint.ch\\\/\",\"name\":\"CPaint.CH\",\"description\":\"\",\"potentialAction\":[{\"@type\":\"SearchAction\",\"target\":{\"@type\":\"EntryPoint\",\"urlTemplate\":\"https:\\\/\\\/cpaint.ch\\\/?s={search_term_string}\"},\"query-input\":{\"@type\":\"PropertyValueSpecification\",\"valueRequired\":true,\"valueName\":\"search_term_string\"}}],\"inLanguage\":\"fr-FR\"}]}<\/script>\n<!-- \/ Yoast SEO plugin. -->","yoast_head_json":{"title":"Maison - CPaint.CH","description":"CPaint est un studio sp\u00e9cialis\u00e9 dans la reproduction des \u0153uvres de Pablo Picasso.","robots":{"index":"index","follow":"follow","max-snippet":"max-snippet:-1","max-image-preview":"max-image-preview:large","max-video-preview":"max-video-preview:-1"},"canonical":"https:\/\/cpaint.ch\/fr\/","og_locale":"fr_FR","og_type":"article","og_title":"Maison - CPaint.CH","og_description":"CPaint est un studio sp\u00e9cialis\u00e9 dans la reproduction des \u0153uvres de Pablo Picasso.","og_url":"https:\/\/cpaint.ch\/fr\/","og_site_name":"CPaint.CH","article_modified_time":"2024-05-27T17:57:11+00:00","twitter_card":"summary_large_image","twitter_misc":{"Dur\u00e9e de lecture estim\u00e9e":"2 minutes"},"schema":{"@context":"https:\/\/schema.org","@graph":[{"@type":"WebPage","@id":"https:\/\/cpaint.ch\/fr\/","url":"https:\/\/cpaint.ch\/fr\/","name":"Maison - CPaint.CH","isPartOf":{"@id":"https:\/\/cpaint.ch\/#website"},"datePublished":"2022-11-21T18:21:49+00:00","dateModified":"2024-05-27T17:57:11+00:00","description":"CPaint est un studio sp\u00e9cialis\u00e9 dans la reproduction des \u0153uvres de Pablo Picasso.","breadcrumb":{"@id":"https:\/\/cpaint.ch\/fr\/#breadcrumb"},"inLanguage":"fr-FR","potentialAction":[{"@type":"ReadAction","target":["https:\/\/cpaint.ch\/fr\/"]}]},{"@type":"BreadcrumbList","@id":"https:\/\/cpaint.ch\/fr\/#breadcrumb","itemListElement":[{"@type":"ListItem","position":1,"name":"Startseite","item":"https:\/\/cpaint.ch\/fr\/"},{"@type":"ListItem","position":2,"name":"Maison"}]},{"@type":"WebSite","@id":"https:\/\/cpaint.ch\/#website","url":"https:\/\/cpaint.ch\/","name":"CPaint.CH","description":"","potentialAction":[{"@type":"SearchAction","target":{"@type":"EntryPoint","urlTemplate":"https:\/\/cpaint.ch\/?s={search_term_string}"},"query-input":{"@type":"PropertyValueSpecification","valueRequired":true,"valueName":"search_term_string"}}],"inLanguage":"fr-FR"}]}},"_links":{"self":[{"href":"https:\/\/cpaint.ch\/fr\/wp-json\/wp\/v2\/pages\/1075","targetHints":{"allow":["GET"]}}],"collection":[{"href":"https:\/\/cpaint.ch\/fr\/wp-json\/wp\/v2\/pages"}],"about":[{"href":"https:\/\/cpaint.ch\/fr\/wp-json\/wp\/v2\/types\/page"}],"author":[{"embeddable":true,"href":"https:\/\/cpaint.ch\/fr\/wp-json\/wp\/v2\/users\/1"}],"replies":[{"embeddable":true,"href":"https:\/\/cpaint.ch\/fr\/wp-json\/wp\/v2\/comments?post=1075"}],"version-history":[{"count":3,"href":"https:\/\/cpaint.ch\/fr\/wp-json\/wp\/v2\/pages\/1075\/revisions"}],"predecessor-version":[{"id":1408,"href":"https:\/\/cpaint.ch\/fr\/wp-json\/wp\/v2\/pages\/1075\/revisions\/1408"}],"wp:attachment":[{"href":"https:\/\/cpaint.ch\/fr\/wp-json\/wp\/v2\/media?parent=1075"}],"curies":[{"name":"wp","href":"https:\/\/api.w.org\/{rel}","templated":true}]}}