{"id":635,"date":"2022-12-18T14:36:54","date_gmt":"2022-12-18T13:36:54","guid":{"rendered":"https:\/\/cpaint.ch\/transport-service\/"},"modified":"2024-05-13T22:29:09","modified_gmt":"2024-05-13T20:29:09","slug":"servizio-di-trasporto","status":"publish","type":"page","link":"https:\/\/cpaint.ch\/it\/servizio-di-trasporto\/","title":{"rendered":"Servizio di Trasporto"},"content":{"rendered":"<h3>Servizio di trasporto<\/h3>\n<p>CPaint.CH offre quotidianamente ai suoi clienti nei settori delle spedizioni nazionali e internazionali, soluzioni complete e soluzioni individuali. Ci assicuriamo che la merce spedita venga ritirata o consegnata nella data specificata. Sei sempre \u201caggiornato\u201d e puoi seguire la spedizione tramite lo stato del tracking. CPaint.CH organizza tutto il trasporto necessario di oggetti di valore da voi a noi con spedizione assicurata. Come vostro partner di sistema ci occupiamo di tutto il trasporto dei vostri metalli preziosi. Collaboriamo da anni con uno specialista di sistemi per il trasporto valori in tutta fiducia.<\/p>\n<h3>Sostenibilit\u00e0<\/h3>\n<p>Organizziamo ogni giorno viaggi con corriere per i nostri clienti e li coordiniamo con i nostri furgoni. Tutti i ritiri e le consegne sono organizzati in modo tale che tutti i viaggi siano effettuati in modo sostenibile con il massimo livello di sicurezza. Le catene di approvvigionamento sostenibili sono un fattore centrale per realizzare trasporti rispettosi del clima. Ampliando la mobilit\u00e0 elettrica e i camion a basse emissioni \u00e8 possibile influenzare positivamente l\u2019impatto sull\u2019ambiente. La digitalizzazione sta guadagnando slancio in tutti i settori e non si ferma alla logistica. Le tecnologie digitali come l\u2019intelligenza artificiale sono in aumento e svolgono un ruolo sempre pi\u00f9 importante in tutto, dall\u2019organizzazione al monitoraggio del flusso delle merci.<\/p>\n<h3>Servizio di trasporto<\/h3>\n<p>L\u2019economia globale richiede soluzioni nuove e individuali. Se devono essere spediti oggetti di valore assicurati, ci\u00f2 pu\u00f2 essere necessario non solo a livello nazionale ma anche internazionale. L&#8217;organizzazione precisa della catena di trasporto o l&#8217;offerta di un servizio di corriere svolgono qui un ruolo essenziale.<\/p>\n<p>CPaint.CH garantisce che i vostri oggetti di valore siano sempre nelle migliori mani. Con competenza e sensibilit\u00e0 trasportiamo merci sensibili e contenuti di valore nel trasporto personale. I nostri trasporti si basano su tutele, prove e servizi garantiti e non su supposizioni.<\/p>\n<h3>Servizio di consegna<\/h3>\n<p>Dal momento in cui la vostra spedizione viene consegnata al nostro partner di sistema potete contare sul rispetto degli accordi contrattuali. Noi di CPaint.CH facciamo un ulteriore passo avanti e offriamo ai nostri clienti una sicurezza completa attraverso un monitoraggio preciso della spedizione. Puoi vedere la posizione specifica nello stato di tracciamento. Quando consegni la spedizione, riceverai un numero di tracciabilit\u00e0 che potrai utilizzare tu stesso e trasmettere al destinatario.<\/p>\n<h3>Servizio di ritiro<\/h3>\n<p>Dal momento in cui la vostra spedizione viene consegnata al nostro partner di sistema potete contare sul rispetto degli accordi contrattuali. Noi di CPaint.CH facciamo un ulteriore passo avanti e offriamo ai nostri clienti una sicurezza completa attraverso un monitoraggio preciso della spedizione. Puoi vedere la posizione specifica nello stato di tracciamento. Quando consegni la spedizione, riceverai un numero di tracciabilit\u00e0 che potrai utilizzare tu stesso e trasmettere al destinatario.<\/p>\n<p>La registrazione \u00e8 semplice e veloce e ti d\u00e0 il diritto di tracciare immediatamente la tua spedizione e convincerti della nostra competenza e affidabilit\u00e0 nel rispettare le scadenze.<\/p>\n<h3>Traccia GPS<\/h3>\n<p>Sei sempre aggiornato e puoi seguire la spedizione tramite lo stato di tracciamento. Dal momento in cui la vostra spedizione viene consegnata al fornitore di servizi logistici potete contare sul rispetto degli accordi contrattuali. Noi di DG Transporte facciamo un ulteriore passo avanti e offriamo ai nostri clienti una sicurezza completa attraverso un monitoraggio preciso della spedizione. Vuoi sapere dove si trova attualmente il tuo pacco o pallet? Puoi vedere la posizione specifica nello stato di tracciamento. Quando consegni la spedizione, riceverai un numero di tracciabilit\u00e0 che potrai utilizzare tu stesso e trasmettere al destinatario.<\/p>\n<p>Puoi anche seguire i viaggi dei nostri corrieri ed essere informato in qualsiasi momento sullo stato attuale della spedizione. In qualit\u00e0 di fornitore di servizi completi, siamo il vostro principale interlocutore competente per trasporti grandi e piccoli, per la spedizione di pallet e per servizi logistici individuali e su misura.<\/p>\n","protected":false},"excerpt":{"rendered":"<p>Servizio di trasporto CPaint.CH offre quotidianamente ai suoi clienti nei settori delle spedizioni nazionali e internazionali, soluzioni complete e soluzioni individuali. Ci assicuriamo che la merce spedita venga ritirata o consegnata nella data specificata. Sei sempre \u201caggiornato\u201d e puoi seguire la spedizione tramite lo stato del tracking. CPaint.CH organizza tutto il trasporto necessario di oggetti [&#8230;]<\/p>\n","protected":false},"author":2,"featured_media":0,"parent":0,"menu_order":0,"comment_status":"closed","ping_status":"closed","template":"","meta":{"_themeisle_gutenberg_block_has_review":false,"footnotes":""},"class_list":["post-635","page","type-page","status-publish","hentry"],"yoast_head":"<!-- This site is optimized with the Yoast SEO plugin v27.4 - https:\/\/yoast.com\/product\/yoast-seo-wordpress\/ -->\n<title>Servizio di Trasporto - CPaint.CH<\/title>\n<meta name=\"robots\" content=\"index, follow, max-snippet:-1, max-image-preview:large, max-video-preview:-1\" \/>\n<link rel=\"canonical\" href=\"https:\/\/cpaint.ch\/it\/servizio-di-trasporto\/\" \/>\n<meta property=\"og:locale\" content=\"it_IT\" \/>\n<meta property=\"og:type\" content=\"article\" \/>\n<meta property=\"og:title\" content=\"Servizio di Trasporto - CPaint.CH\" \/>\n<meta property=\"og:description\" content=\"Servizio di trasporto CPaint.CH offre quotidianamente ai suoi clienti nei settori delle spedizioni nazionali e internazionali, soluzioni complete e soluzioni individuali. Ci assicuriamo che la merce spedita venga ritirata o consegnata nella data specificata. Sei sempre \u201caggiornato\u201d e puoi seguire la spedizione tramite lo stato del tracking. CPaint.CH organizza tutto il trasporto necessario di oggetti [...]\" \/>\n<meta property=\"og:url\" content=\"https:\/\/cpaint.ch\/it\/servizio-di-trasporto\/\" \/>\n<meta property=\"og:site_name\" content=\"CPaint.CH\" \/>\n<meta property=\"article:modified_time\" content=\"2024-05-13T20:29:09+00:00\" \/>\n<meta name=\"twitter:card\" content=\"summary_large_image\" \/>\n<meta name=\"twitter:label1\" content=\"Tempo di lettura stimato\" \/>\n\t<meta name=\"twitter:data1\" content=\"4 minuti\" \/>\n<script type=\"application\/ld+json\" class=\"yoast-schema-graph\">{\"@context\":\"https:\\\/\\\/schema.org\",\"@graph\":[{\"@type\":\"WebPage\",\"@id\":\"https:\\\/\\\/cpaint.ch\\\/it\\\/servizio-di-trasporto\\\/\",\"url\":\"https:\\\/\\\/cpaint.ch\\\/it\\\/servizio-di-trasporto\\\/\",\"name\":\"Servizio di Trasporto - CPaint.CH\",\"isPartOf\":{\"@id\":\"https:\\\/\\\/cpaint.ch\\\/#website\"},\"datePublished\":\"2022-12-18T13:36:54+00:00\",\"dateModified\":\"2024-05-13T20:29:09+00:00\",\"breadcrumb\":{\"@id\":\"https:\\\/\\\/cpaint.ch\\\/it\\\/servizio-di-trasporto\\\/#breadcrumb\"},\"inLanguage\":\"it-IT\",\"potentialAction\":[{\"@type\":\"ReadAction\",\"target\":[\"https:\\\/\\\/cpaint.ch\\\/it\\\/servizio-di-trasporto\\\/\"]}]},{\"@type\":\"BreadcrumbList\",\"@id\":\"https:\\\/\\\/cpaint.ch\\\/it\\\/servizio-di-trasporto\\\/#breadcrumb\",\"itemListElement\":[{\"@type\":\"ListItem\",\"position\":1,\"name\":\"Startseite\",\"item\":\"https:\\\/\\\/cpaint.ch\\\/it\\\/\"},{\"@type\":\"ListItem\",\"position\":2,\"name\":\"Servizio di Trasporto\"}]},{\"@type\":\"WebSite\",\"@id\":\"https:\\\/\\\/cpaint.ch\\\/#website\",\"url\":\"https:\\\/\\\/cpaint.ch\\\/\",\"name\":\"CPaint.CH\",\"description\":\"\",\"potentialAction\":[{\"@type\":\"SearchAction\",\"target\":{\"@type\":\"EntryPoint\",\"urlTemplate\":\"https:\\\/\\\/cpaint.ch\\\/?s={search_term_string}\"},\"query-input\":{\"@type\":\"PropertyValueSpecification\",\"valueRequired\":true,\"valueName\":\"search_term_string\"}}],\"inLanguage\":\"it-IT\"}]}<\/script>\n<!-- \/ Yoast SEO plugin. -->","yoast_head_json":{"title":"Servizio di Trasporto - CPaint.CH","robots":{"index":"index","follow":"follow","max-snippet":"max-snippet:-1","max-image-preview":"max-image-preview:large","max-video-preview":"max-video-preview:-1"},"canonical":"https:\/\/cpaint.ch\/it\/servizio-di-trasporto\/","og_locale":"it_IT","og_type":"article","og_title":"Servizio di Trasporto - CPaint.CH","og_description":"Servizio di trasporto CPaint.CH offre quotidianamente ai suoi clienti nei settori delle spedizioni nazionali e internazionali, soluzioni complete e soluzioni individuali. Ci assicuriamo che la merce spedita venga ritirata o consegnata nella data specificata. Sei sempre \u201caggiornato\u201d e puoi seguire la spedizione tramite lo stato del tracking. CPaint.CH organizza tutto il trasporto necessario di oggetti [...]","og_url":"https:\/\/cpaint.ch\/it\/servizio-di-trasporto\/","og_site_name":"CPaint.CH","article_modified_time":"2024-05-13T20:29:09+00:00","twitter_card":"summary_large_image","twitter_misc":{"Tempo di lettura stimato":"4 minuti"},"schema":{"@context":"https:\/\/schema.org","@graph":[{"@type":"WebPage","@id":"https:\/\/cpaint.ch\/it\/servizio-di-trasporto\/","url":"https:\/\/cpaint.ch\/it\/servizio-di-trasporto\/","name":"Servizio di Trasporto - CPaint.CH","isPartOf":{"@id":"https:\/\/cpaint.ch\/#website"},"datePublished":"2022-12-18T13:36:54+00:00","dateModified":"2024-05-13T20:29:09+00:00","breadcrumb":{"@id":"https:\/\/cpaint.ch\/it\/servizio-di-trasporto\/#breadcrumb"},"inLanguage":"it-IT","potentialAction":[{"@type":"ReadAction","target":["https:\/\/cpaint.ch\/it\/servizio-di-trasporto\/"]}]},{"@type":"BreadcrumbList","@id":"https:\/\/cpaint.ch\/it\/servizio-di-trasporto\/#breadcrumb","itemListElement":[{"@type":"ListItem","position":1,"name":"Startseite","item":"https:\/\/cpaint.ch\/it\/"},{"@type":"ListItem","position":2,"name":"Servizio di Trasporto"}]},{"@type":"WebSite","@id":"https:\/\/cpaint.ch\/#website","url":"https:\/\/cpaint.ch\/","name":"CPaint.CH","description":"","potentialAction":[{"@type":"SearchAction","target":{"@type":"EntryPoint","urlTemplate":"https:\/\/cpaint.ch\/?s={search_term_string}"},"query-input":{"@type":"PropertyValueSpecification","valueRequired":true,"valueName":"search_term_string"}}],"inLanguage":"it-IT"}]}},"_links":{"self":[{"href":"https:\/\/cpaint.ch\/it\/wp-json\/wp\/v2\/pages\/635","targetHints":{"allow":["GET"]}}],"collection":[{"href":"https:\/\/cpaint.ch\/it\/wp-json\/wp\/v2\/pages"}],"about":[{"href":"https:\/\/cpaint.ch\/it\/wp-json\/wp\/v2\/types\/page"}],"author":[{"embeddable":true,"href":"https:\/\/cpaint.ch\/it\/wp-json\/wp\/v2\/users\/2"}],"replies":[{"embeddable":true,"href":"https:\/\/cpaint.ch\/it\/wp-json\/wp\/v2\/comments?post=635"}],"version-history":[{"count":3,"href":"https:\/\/cpaint.ch\/it\/wp-json\/wp\/v2\/pages\/635\/revisions"}],"predecessor-version":[{"id":982,"href":"https:\/\/cpaint.ch\/it\/wp-json\/wp\/v2\/pages\/635\/revisions\/982"}],"wp:attachment":[{"href":"https:\/\/cpaint.ch\/it\/wp-json\/wp\/v2\/media?parent=635"}],"curies":[{"name":"wp","href":"https:\/\/api.w.org\/{rel}","templated":true}]}}