{"id":636,"date":"2022-11-22T17:50:18","date_gmt":"2022-11-22T16:50:18","guid":{"rendered":"https:\/\/cpaint.ch\/agb\/"},"modified":"2024-05-07T10:42:32","modified_gmt":"2024-05-07T08:42:32","slug":"condizioni","status":"publish","type":"page","link":"https:\/\/cpaint.ch\/it\/condizioni\/","title":{"rendered":"Condizioni"},"content":{"rendered":"<h2>Condizioni generali di contratto di CPaint.CH<\/h2>\n<p><strong>1. Termini applicabili<\/strong><\/p>\n<p><strong>1.1<\/strong> I seguenti termini e condizioni si applicano a tutti i contratti con CPaint.CH, anche se non sono pi\u00f9 menzionati nei contratti successivi. Si applicano anche se il partner contrattuale fa riferimento alle proprie condizioni, in particolare al momento dell&#8217;accettazione della conferma d&#8217;ordine, a meno che queste non siano state espressamente concordate per iscritto. Accordi accessori o garanzie da parte di rappresentanti di CPaint.CH che non rispettano il contenuto delle presenti condizioni devono essere concordati per iscritto. Ci\u00f2 vale anche per tutti i futuri rapporti d&#8217;affari, a meno che l&#8217;intero rapporto d&#8217;affari non sia considerato definitivamente concluso per entrambe le parti.<\/p>\n<p><strong>2. Nuovi clienti<\/strong><\/p>\n<p><strong>2.1<\/strong> Sistema di gestione della conformit\u00e0. CPaint.CH funziona secondo un sistema di gestione della conformit\u00e0, in breve CMS. Si tratta dell&#8217;insieme delle misure, delle strutture e dei processi istituiti in un&#8217;organizzazione per garantire il rispetto delle regole, che possono includere norme giuridicamente vincolanti ed etiche. Senza un controllo di due diligence, nessun nuovo cliente o offerente sar\u00e0 accettato e senza un controllo di due diligence superato, un acquisto o una vendita di metalli sar\u00e0 escluso.<\/p>\n<p><strong>3. Accettazione dell&#8217;ordine e della richiesta<\/strong><\/strong><\/p>\n<p><strong>3.1<\/strong> Il contratto \u00e8 concluso solo con la controfirma della richiesta del cliente da parte di CPaint.CH oppure con il primo atto di adempimento. Se la conferma dell&#8217;ordine contiene divergenze rispetto alle informazioni fornite dal cliente, il cliente \u00e8 tenuto a correggere tali informazioni entro due settimane dall&#8217;ordine. In caso contrario il contratto acquista efficacia alle condizioni contenute nella conferma d&#8217;ordine.<\/p>\n<p><strong>4. Termini di acquisto<\/strong><\/p>\n<p><strong>4.1<\/strong> CPaint.CH acquista la merce solo a condizione che la merce gli venga consegnata per l&#8217;ispezione. Se la merce consegnata o spedita non soddisfa i requisiti, verr\u00e0 restituita a spese del mittente. Il cliente ricever\u00e0 le condizioni prima della spedizione.<\/p>\n<p><strong>4.2<\/strong> Il cliente deve essere in grado di fornire una prova completa dell&#8217;origine della merce. In questo caso il cliente deve fornire prove che consentano di trarre conclusioni chiare sul riciclaggio dei metalli, nonch\u00e9 su quando e dove hanno riciclato la merce. Il venditore dimostra e garantisce a CPaint.CH che la merce non proviene da attivit\u00e0 criminali.<\/p>\n<p><strong>4.3<\/strong> Se la merce CPaint.CH viene acquistata da terzi, verr\u00e0 accettata solo dopo un accurato controllo e approvazione; \u00e8 escluso il pagamento anticipato. La convalida pu\u00f2 richiedere fino a 30 giorni lavorativi dal controllo della merce.<\/p>\n<p><strong>4.4<\/strong> CPaint.CH acquista merce da terzi per il riciclaggio solo se la fonte del denaro \u00e8 pienamente comprovata. Dopo accurati test e approvazioni, questi prodotti vengono immediatamente controllati in laboratorio ed esaminati per individuare eventuali residui.<\/p>\n<p><strong>5. Sicurezza dei dati<\/strong><\/p>\n<p><strong>5.1<\/strong> CPaint.CH non si assume alcuna garanzia per i dati forniti, ci\u00f2 vale anche nei confronti di terzi. Per quanto i dati vengono trasmessi a CPaint.CH, indipendentemente dalla forma, il cliente crea copie di backup in modo che questi dati possano essere ricostruiti in caso di possibile perdita di dati. Viene eseguito regolarmente il backup dei server CPaint.CH, ma il cliente \u00e8 consapevole che tutti i partecipanti al percorso di trasmissione corrono il rischio di intercettare i dati trasmessi. Pertanto non \u00e8 garantita l&#8217;assoluta riservatezza dei dati trasmessi. I server CPaint.CH offrono il massimo livello di sicurezza dei dati con il nostro sistema.<\/p>\n<p><strong>6. Riservatezza, protezione dei dati<\/strong><\/p>\n<p><strong>6.1<\/strong> Se non espressamente concordato per iscritto, i dati forniti a CPaint.CH e le informazioni e i dati inviati non sono considerati confidenziali. Il partner contrattuale \u00e8 espressamente informato che CPaint.CH elabora il suo indirizzo automaticamente in formato leggibile dalla macchina e memorizza questi dati per compiti derivanti dal contratto. Se CPaint.CH si avvale di terzi per la fornitura dei servizi offerti, CPaint.CH \u00e8 autorizzata a divulgare i dati dei partecipanti nella misura in cui ci\u00f2 sia necessario per garantire l&#8217;operativit\u00e0. Il partecipante, da parte sua, non \u00e8 autorizzato ad utilizzare CPaint.CH per ottenere informazioni e dati che non siano destinati a essere utilizzati da lui o da terzi. Segnaliamo espressamente che tutte le chiamate vengono registrate per scopi formativi e rilevazioni statistiche. Per registrare la conversazione non \u00e8 necessario ulteriore consenso da parte del chiamante. CPaint.CH \u00e8 l&#8217;unico responsabile della cancellazione di questi dati. L&#8217;abbonato telefonico acconsente espressamente che tali dati possano essere utilizzati anche per scopi legali e di tracciabilit\u00e0 giuridica.<\/p>\n<p><strong>7. Prezzi e condizioni di pagamento<\/strong><\/p>\n<p><strong>7.1<\/strong> CPaint.CH \u00e8 autorizzata ad aumentare i prezzi in qualsiasi momento, a condizione che il contratto sia concluso a tempo indeterminato. La modifica entrer\u00e0 in vigore se CPaint.CH non ricever\u00e0 alcuna obiezione da parte del cliente entro 6 settimane dal ricevimento della corrispondente notifica di modifica da parte del cliente. Con la notifica di modifica CPaint.CH informer\u00e0 il cliente del termine di opposizione e delle conseguenze della mancata opposizione. In caso di mora, CPaint.CH \u00e8 autorizzata ad addebitare interessi pari al 10% annuo sopra il rispettivo tasso di interesse di base, secondo il tasso di sconto, la legge di trasferimento e a bloccare immediatamente il relativo accesso del cliente.<\/p>\n<p><strong>7.2<\/strong> I compensi concordati devono essere pagati in anticipo e sono dovuti al ricevimento della fattura o all&#8217;emissione della fattura. La fattura viene inserita nel menu di configurazione del cliente ed \u00e8 possibile accedervi da l\u00ec. Se il cliente richiede l&#8217;invio della fattura per posta, CPaint.CH ha il diritto di addebitare al cliente 3,00 USD per fattura.<\/p>\n<p><strong>7.3<\/strong> Al fine di evitare accessi non autorizzati ai servizi di CPaint.CH, il cliente accetta di ricevere il credito corrispondente (credito) per l&#8217;utilizzo dei servizi di CPaint.CH solo dopo aver ricevuto l&#8217;intero compenso \u00e8 reso disponibile ad un account CPaint.CH. Se il cliente paga con carta di credito o addebito diretto, dichiara espressamente di rinunciare al diritto di recesso, a meno che non sussista un motivo importante.<\/p>\n<p><strong>7.4<\/strong> CPaint.CH conclude contratti e accordi in conformit\u00e0 con l&#8217;accordo ICC 500\/600 (Camere di commercio internazionali, Parigi). In base al quale \u00e8 garantita la non elusione (NDA) di clienti e fornitori nei confronti di CPaint.CH. In caso di violazioni CPaint.CH ha il diritto di trattenere provvigioni, servizi anticipati, inventario e acconti fino ad un importo pari al 50% del valore dell&#8217;ordine. Il diritto di fare affari diretti \u00e8 ancora possibile per un periodo di 3 anni, ma deve essere compensato con una commissione del 2,5% sulle vendite.<\/p>\n<p><strong>7.5<\/strong> Il cliente ha il diritto di restituire l&#8217;oggetto acquistato presso CPaint.CH entro 10 giorni di calendario. Il cliente deve fornire prova scritta dei reclami giustificati entro 3 giorni di calendario e documentare il difetto. In caso di reclamo ingiustificato e di restituzione senza prova qualificata, CPaint.CH ha il diritto di trattenere il 20% del prezzo di acquisto a titolo di risarcimento spese e non \u00e8 tenuta a riprendere la merce. Ci\u00f2 vale anche nel caso in cui il cliente recede dall&#8217;acquisto dopo aver ricevuto la fattura.<\/p>\n<p><strong>7.6<\/strong> All&#8217;interno dell&#8217;UE, consegniamo direttamente al cliente utilizzando un servizio di corriere o ritiriamo la merce. Ogni cliente \u00e8 responsabile dello sdoganamento al di fuori della Svizzera. La modalit\u00e0 di pagamento concordata inizia con l&#8217;accettazione. Per merci di valore inferiore a 5.000 USD addebitiamo spese di spedizione di 53,00 USD all&#8217;interno della Svizzera; per i paesi UE vengono addebitate spese di spedizione separate. Per merci di valore fino a 50.000 USD le spese di spedizione vengono suddivise, mentre per ordini superiori a 50.000 USD CPaint.CH copre le spese di spedizione in totale. Se il cliente ci restituisce la merce per un motivo legittimo (merce difettosa), CPaint.CH si far\u00e0 carico dell&#8217;intero costo. Se il cliente restituisce la merce gi\u00e0 acquistata, verr\u00e0 trattenuto generalmente il 20% del valore dell&#8217;ordine a titolo di risarcimento spese. In singoli casi il rimborso spese pu\u00f2 arrivare fino al 40%. Il tasso di cambio e il rischio valutario associato si escludono a vicenda.<\/p>\n<p><strong>7.7<\/strong>CPaint.CH si riserva la propriet\u00e0 dell&#8217;oggetto consegnato fino al completo pagamento. Se l&#8217;acquirente non adempie ai suoi obblighi contrattuali, soprattutto in caso di ritardo nel pagamento, abbiamo il diritto di riprendere la merce consegnata; l&#8217;acquirente \u00e8 obbligato a restituire l&#8217;oggetto. La richiesta di reso non costituisce recesso dal contratto a meno che non lo abbiamo espressamente dichiarato per iscritto. Se la fattura \u00e8 stata redatta e il cliente non \u00e8 in grado di pagare per mancanza di fondi o non riesce a pagare entro il termine concordato, verr\u00e0 rimborsato il compenso forfettario pari all&#8217;1,8% del fatturato. Se la fattura non viene esaurita o annullata entro il 30 del mese, verr\u00e0 addebitato un ulteriore 7,7% come rimborso spese.<\/p>\n<p><strong>7.8<\/strong> In caso di disdetta tardiva degli appuntamenti, CPaint.CH ha il diritto di addebitare le tariffe forfettarie giornaliere dei rispettivi consigli di amministrazione e di amministrazione. \u00c8 considerato tardivo se l&#8217;appuntamento viene disdetto entro 48 ore prima dell&#8217;inizio dell&#8217;appuntamento. I costi ammontano a 3.500 USD per direttore per il consiglio di amministrazione e a 5.000 USD per direttore al giorno per il consiglio di amministrazione. Ci\u00f2 vale soprattutto nel caso in cui gli appuntamenti vengano cancellati durante gli orari d&#8217;ufficio non occupati. La tariffa oraria per il Consiglio di amministrazione \u00e8 di $ 350,00 l&#8217;ora e per il Consiglio di amministrazione \u00e8 di $ 500,00 l&#8217;ora ed \u00e8 fissata su base giornaliera. L&#8217;orario di ufficio \u00e8 dal luned\u00ec al venerd\u00ec dalle ore 8:00 alle ore 20:00, tali orari sono vincolanti. Sono considerati consegnati in ritardo anche i FAX o le e-mail recapitati al di fuori di tali orari.<\/p>\n<p><strong>8. Responsabilit\u00e0<\/strong><\/p>\n<p><strong>8.1<\/strong> CPaint.CH risponde in generale per ogni singolo caso con un importo certificato e garantito di USD 5.000.000.<\/p>\n<p><strong>8.2<\/strong> Se il cliente richiede una garanzia di prestazione, questa sar\u00e0 e potr\u00e0 essere stipulata dopo la verifica per un importo notevolmente pi\u00f9 elevato. Questo verr\u00e0 poi esaminato e regolato separatamente dai nostri avvocati e assicuratori. Il cliente sostiene questi costi.<\/p>\n<p><strong>8.3<\/strong> Il ritardo nel pagamento \u00e8 generalmente escluso da una garanzia di mora ed \u00e8 coperto da un riassicuratore con almeno USD 5.000.000 nei singoli casi.<\/p>\n<p><strong>9. Durata del contratto<\/strong><\/p>\n<p><strong>9.1<\/strong> Il contratto \u00e8 concluso a tempo indeterminato. Il cliente pu\u00f2 recedere dal rapporto contrattuale in qualsiasi momento e senza indicarne i motivi con un preavviso di quattordici giorni, salvo diverso accordo. Se il cliente ha credito al momento della risoluzione, i corrispettivi per l&#8217;utilizzo dei servizi gi\u00e0 pagati nel contratto verranno rimborsati in contanti. \u00c8 escluso il rimborso in contanti. Il cliente \u00e8 responsabile della divulgazione dell&#8217;importo del rimborso e sostiene tutti i costi del rimborso.<\/p>\n<p><strong>10. Responsabilit\u00e0<\/strong><\/p>\n<p><strong>10.1<\/strong> CPaint.CH \u00e8 responsabile solo per i propri contenuti che mette a disposizione per l&#8217;uso in conformit\u00e0 con le leggi generali (\u00a7 5 cpv. 1 TDG). CPaint.CH \u00e8 responsabile dei contenuti di terzi che mette a disposizione per l&#8217;uso solo se \u00e8 a conoscenza di tali contenuti e se \u00e8 tecnicamente possibile e ragionevole impedirne l&#8217;utilizzo. Ci\u00f2 riguarda tuttavia solo la responsabilit\u00e0 penale; \u00e8 esclusa la responsabilit\u00e0 civile per contenuti di terzi, a meno che la distribuzione non sia stata effettuata intenzionalmente con la conoscenza di contenuti errati. CPaint.CH non \u00e8 responsabile dei contenuti esterni ai quali fornisce semplicemente l&#8217;accesso. Una conservazione automatica e a breve termine di contenuti di terzi basata sulle richieste degli utenti \u00e8 considerata solo per fornire l&#8217;accesso. CPaint.CH si riserva il diritto di bloccare i contenuti di terzi se sono punibili ai sensi delle leggi vigenti o sono chiaramente utilizzati per preparare atti criminali.<\/p>\n<p><strong>11. Ritardo nelle prestazioni<\/strong><\/p>\n<p><strong>11.1<\/strong> CPaint.CH non \u00e8 responsabile per ritardi nelle consegne e nei servizi dovuti a causa di forza maggiore ed eventi che rendono i servizi notevolmente pi\u00f9 difficili o impossibili per CPaint.CH, anche se scadenze e date sono state concordate in rappresentare in modo vincolante. Questi vengono poi prolungati per il tempo del ritardo. Luogo di adempimento per tutti i servizi, se il cliente \u00e8 un commerciante, \u00e8 CPaint.CH in Flughofstrasse 47 a 8152 Glattbrugg \/ Zurigo Svizzera.<\/p>\n<p><strong>12. Sicurezza dei dati<\/strong><\/p>\n<p><strong>12.1<\/strong> I nostri clienti, fornitori e partner commerciali dichiarano il loro tacito accordo con ogni scambio di dati affinch\u00e9 tutti i dati siano protetti presso CPaint.CH. Ci\u00f2 vale in particolare per le telefonate in entrata e per tutte le chiamate in uscita. Questi vengono registrati automaticamente e servono come prova ammissibile in casi legali e per ottimizzare il call center. Qui ci riferiamo alle norme sulla protezione dei dati.<\/p>\n<p><strong>13. Disposizioni finali<\/strong><\/p>\n<p><strong>13.1<\/strong> Eventuali modifiche, integrazioni o risoluzione parziale o totale del contratto dovranno avvenire per iscritto, comprese le modifiche o la cancellazione del requisito della forma scritta. Foro competente esclusivo per tutte le controversie derivanti dal presente contratto \u00e8 se il cliente \u00e8 un commerciante, una persona giuridica di diritto pubblico, un patrimonio speciale di diritto pubblico o non ha foro competente in Germania, il foro competente \u00e8 Zurigo Svizzera. Per i contratti conclusi da CPaint.CH sulla base delle presenti Condizioni Generali e per le pretese da essi derivanti, indipendentemente dalla loro natura, si applica esclusivamente la legge inglese, escluse le disposizioni della Convenzione uniforme delle Nazioni Unite sui contratti di vendita internazionale di merci per quanto riguarda l&#8217;acquisto di beni mobili. Qualora le disposizioni delle presenti condizioni generali e\/o del contratto siano o diventino inefficaci, ci\u00f2 non pregiudicher\u00e0 l&#8217;efficacia delle restanti disposizioni. Al posto di ogni disposizione inefficace si applica piuttosto una disposizione sostitutiva che corrisponde o almeno si avvicina allo scopo dell&#8217;accordo, poich\u00e9 le parti si sarebbero accordate per ottenere lo stesso risultato economico se avessero saputo che la disposizione era inefficace. Lo stesso vale per l\u2019incompletezza.<\/p>\n<p><strong>A partire dall&#8217;ultimo aggiornamento CPaint.CH 30 aprile 2024<\/strong><\/p>\n","protected":false},"excerpt":{"rendered":"<p>Condizioni generali di contratto di CPaint.CH 1. Termini applicabili 1.1 I seguenti termini e condizioni si applicano a tutti i contratti con CPaint.CH, anche se non sono pi\u00f9 menzionati nei contratti successivi. Si applicano anche se il partner contrattuale fa riferimento alle proprie condizioni, in particolare al momento dell&#8217;accettazione della conferma d&#8217;ordine, a meno che [&#8230;]<\/p>\n","protected":false},"author":1,"featured_media":0,"parent":0,"menu_order":0,"comment_status":"closed","ping_status":"closed","template":"","meta":{"_themeisle_gutenberg_block_has_review":false,"footnotes":""},"class_list":["post-636","page","type-page","status-publish","hentry"],"yoast_head":"<!-- This site is optimized with the Yoast SEO plugin v27.4 - https:\/\/yoast.com\/product\/yoast-seo-wordpress\/ -->\n<title>Condizioni - CPaint.CH<\/title>\n<meta name=\"robots\" content=\"index, follow, max-snippet:-1, max-image-preview:large, max-video-preview:-1\" \/>\n<link rel=\"canonical\" href=\"https:\/\/cpaint.ch\/it\/condizioni\/\" \/>\n<meta property=\"og:locale\" content=\"it_IT\" \/>\n<meta property=\"og:type\" content=\"article\" \/>\n<meta property=\"og:title\" content=\"Condizioni - CPaint.CH\" \/>\n<meta property=\"og:description\" content=\"Condizioni generali di contratto di CPaint.CH 1. Termini applicabili 1.1 I seguenti termini e condizioni si applicano a tutti i contratti con CPaint.CH, anche se non sono pi\u00f9 menzionati nei contratti successivi. Si applicano anche se il partner contrattuale fa riferimento alle proprie condizioni, in particolare al momento dell&#8217;accettazione della conferma d&#8217;ordine, a meno che [...]\" \/>\n<meta property=\"og:url\" content=\"https:\/\/cpaint.ch\/it\/condizioni\/\" \/>\n<meta property=\"og:site_name\" content=\"CPaint.CH\" \/>\n<meta property=\"article:modified_time\" content=\"2024-05-07T08:42:32+00:00\" \/>\n<meta name=\"twitter:card\" content=\"summary_large_image\" \/>\n<meta name=\"twitter:label1\" content=\"Tempo di lettura stimato\" \/>\n\t<meta name=\"twitter:data1\" content=\"13 minuti\" \/>\n<script type=\"application\/ld+json\" class=\"yoast-schema-graph\">{\"@context\":\"https:\\\/\\\/schema.org\",\"@graph\":[{\"@type\":\"WebPage\",\"@id\":\"https:\\\/\\\/cpaint.ch\\\/it\\\/condizioni\\\/\",\"url\":\"https:\\\/\\\/cpaint.ch\\\/it\\\/condizioni\\\/\",\"name\":\"Condizioni - CPaint.CH\",\"isPartOf\":{\"@id\":\"https:\\\/\\\/cpaint.ch\\\/#website\"},\"datePublished\":\"2022-11-22T16:50:18+00:00\",\"dateModified\":\"2024-05-07T08:42:32+00:00\",\"breadcrumb\":{\"@id\":\"https:\\\/\\\/cpaint.ch\\\/it\\\/condizioni\\\/#breadcrumb\"},\"inLanguage\":\"it-IT\",\"potentialAction\":[{\"@type\":\"ReadAction\",\"target\":[\"https:\\\/\\\/cpaint.ch\\\/it\\\/condizioni\\\/\"]}]},{\"@type\":\"BreadcrumbList\",\"@id\":\"https:\\\/\\\/cpaint.ch\\\/it\\\/condizioni\\\/#breadcrumb\",\"itemListElement\":[{\"@type\":\"ListItem\",\"position\":1,\"name\":\"Startseite\",\"item\":\"https:\\\/\\\/cpaint.ch\\\/it\\\/\"},{\"@type\":\"ListItem\",\"position\":2,\"name\":\"Condizioni\"}]},{\"@type\":\"WebSite\",\"@id\":\"https:\\\/\\\/cpaint.ch\\\/#website\",\"url\":\"https:\\\/\\\/cpaint.ch\\\/\",\"name\":\"CPaint.CH\",\"description\":\"\",\"potentialAction\":[{\"@type\":\"SearchAction\",\"target\":{\"@type\":\"EntryPoint\",\"urlTemplate\":\"https:\\\/\\\/cpaint.ch\\\/?s={search_term_string}\"},\"query-input\":{\"@type\":\"PropertyValueSpecification\",\"valueRequired\":true,\"valueName\":\"search_term_string\"}}],\"inLanguage\":\"it-IT\"}]}<\/script>\n<!-- \/ Yoast SEO plugin. -->","yoast_head_json":{"title":"Condizioni - CPaint.CH","robots":{"index":"index","follow":"follow","max-snippet":"max-snippet:-1","max-image-preview":"max-image-preview:large","max-video-preview":"max-video-preview:-1"},"canonical":"https:\/\/cpaint.ch\/it\/condizioni\/","og_locale":"it_IT","og_type":"article","og_title":"Condizioni - CPaint.CH","og_description":"Condizioni generali di contratto di CPaint.CH 1. Termini applicabili 1.1 I seguenti termini e condizioni si applicano a tutti i contratti con CPaint.CH, anche se non sono pi\u00f9 menzionati nei contratti successivi. Si applicano anche se il partner contrattuale fa riferimento alle proprie condizioni, in particolare al momento dell&#8217;accettazione della conferma d&#8217;ordine, a meno che [...]","og_url":"https:\/\/cpaint.ch\/it\/condizioni\/","og_site_name":"CPaint.CH","article_modified_time":"2024-05-07T08:42:32+00:00","twitter_card":"summary_large_image","twitter_misc":{"Tempo di lettura stimato":"13 minuti"},"schema":{"@context":"https:\/\/schema.org","@graph":[{"@type":"WebPage","@id":"https:\/\/cpaint.ch\/it\/condizioni\/","url":"https:\/\/cpaint.ch\/it\/condizioni\/","name":"Condizioni - CPaint.CH","isPartOf":{"@id":"https:\/\/cpaint.ch\/#website"},"datePublished":"2022-11-22T16:50:18+00:00","dateModified":"2024-05-07T08:42:32+00:00","breadcrumb":{"@id":"https:\/\/cpaint.ch\/it\/condizioni\/#breadcrumb"},"inLanguage":"it-IT","potentialAction":[{"@type":"ReadAction","target":["https:\/\/cpaint.ch\/it\/condizioni\/"]}]},{"@type":"BreadcrumbList","@id":"https:\/\/cpaint.ch\/it\/condizioni\/#breadcrumb","itemListElement":[{"@type":"ListItem","position":1,"name":"Startseite","item":"https:\/\/cpaint.ch\/it\/"},{"@type":"ListItem","position":2,"name":"Condizioni"}]},{"@type":"WebSite","@id":"https:\/\/cpaint.ch\/#website","url":"https:\/\/cpaint.ch\/","name":"CPaint.CH","description":"","potentialAction":[{"@type":"SearchAction","target":{"@type":"EntryPoint","urlTemplate":"https:\/\/cpaint.ch\/?s={search_term_string}"},"query-input":{"@type":"PropertyValueSpecification","valueRequired":true,"valueName":"search_term_string"}}],"inLanguage":"it-IT"}]}},"_links":{"self":[{"href":"https:\/\/cpaint.ch\/it\/wp-json\/wp\/v2\/pages\/636","targetHints":{"allow":["GET"]}}],"collection":[{"href":"https:\/\/cpaint.ch\/it\/wp-json\/wp\/v2\/pages"}],"about":[{"href":"https:\/\/cpaint.ch\/it\/wp-json\/wp\/v2\/types\/page"}],"author":[{"embeddable":true,"href":"https:\/\/cpaint.ch\/it\/wp-json\/wp\/v2\/users\/1"}],"replies":[{"embeddable":true,"href":"https:\/\/cpaint.ch\/it\/wp-json\/wp\/v2\/comments?post=636"}],"version-history":[{"count":4,"href":"https:\/\/cpaint.ch\/it\/wp-json\/wp\/v2\/pages\/636\/revisions"}],"predecessor-version":[{"id":1219,"href":"https:\/\/cpaint.ch\/it\/wp-json\/wp\/v2\/pages\/636\/revisions\/1219"}],"wp:attachment":[{"href":"https:\/\/cpaint.ch\/it\/wp-json\/wp\/v2\/media?parent=636"}],"curies":[{"name":"wp","href":"https:\/\/api.w.org\/{rel}","templated":true}]}}