{"id":648,"date":"2022-11-21T19:21:49","date_gmt":"2022-11-21T18:21:49","guid":{"rendered":"https:\/\/cpaint.ch\/edelmetall-recycling\/"},"modified":"2024-05-27T20:46:01","modified_gmt":"2024-05-27T18:46:01","slug":"edelmetall-recycling","status":"publish","type":"page","link":"https:\/\/cpaint.ch\/it\/","title":{"rendered":"Casa"},"content":{"rendered":"<h2>Benvenuti su CPaint.CH<\/h2>\n<h4>CPaint \u00e8 uno studio specializzato nella riproduzione delle opere di Pablo Picasso.<\/h4>\n<p>Pablo Ruiz Picasso (nato il 25 ottobre 1881 a M\u00e1laga, Spagna, \u2020 8 aprile 1973 a Mougins, Francia) \u00e8 stato un pittore, grafico e scultore spagnolo. La sua vasta opera comprende dipinti, disegni, grafica, collage, sculture e ceramiche, il cui numero totale \u00e8 stimato a 50.000. Le sue opere sono caratterizzate da un&#8217;ampia variet\u00e0 di espressioni artistiche e tecniche. Le opere dei Periodi blu e rosa e la fondazione del Cubismo insieme a Georges Braque segnano l&#8217;inizio della sua straordinaria carriera artistica.<\/p>\n<p>Una delle opere pi\u00f9 famose di Picasso \u00e8 il dipinto Les Demoiselles d&#8217;Avignon (1907). \u00c8 diventata un&#8217;immagine chiave del modernismo classico. Ad eccezione del dipinto monumentale Guernica (1937), una resa artistica degli orrori della guerra civile spagnola, nessun&#8217;altra opera d&#8217;arte del XX secolo ha sfidato la ricerca tanto quanto le Demoiselles. Il motivo della colomba sul poster da lui disegnato per il Congresso mondiale della pace di Parigi nel 1949 divenne un simbolo di pace in tutto il mondo.<\/p>\n<p>Ampie collezioni di Picasso sono esposte nei musei di Parigi, Barcellona e Madrid. Le sue opere sono ben rappresentate in molti dei principali musei d&#8217;arte del mondo che espongono l&#8217;arte del XX secolo. Durante la sua vita furono costruiti il \u200b\u200bMuseu Picasso di Barcellona e il Mus\u00e9e Picasso di Antibes.<\/p>\n<p>Fonte: <a href=\"https:\/\/de.wikipedia.org\/wiki\/Pablo_Picasso\" rel=\"noopener\" target=\"_blank\">https:\/\/de.wikipedia.org\/wiki\/Pablo_Picasso<\/a><\/p>\n<p>Sottolineiamo espressamente che le mie opere differiscono dall&#8217;originale e sono opere indipendenti basate sullo stile e sulla tecnica di \u201cPicasso\u201d. Tutte le opere hanno un livello di riproduzione pari ad almeno il 98,1% dell&#8217;originale. Questi valori sono ovviamente verificabili. Utilizziamo solo i migliori materiali disponibili sul mercato. Garantiamo la massima qualit\u00e0 possibile di tutti i materiali che utilizziamo.<\/p>\n","protected":false},"excerpt":{"rendered":"<p>Benvenuti su CPaint.CH CPaint \u00e8 uno studio specializzato nella riproduzione delle opere di Pablo Picasso. Pablo Ruiz Picasso (nato il 25 ottobre 1881 a M\u00e1laga, Spagna, \u2020 8 aprile 1973 a Mougins, Francia) \u00e8 stato un pittore, grafico e scultore spagnolo. La sua vasta opera comprende dipinti, disegni, grafica, collage, sculture e ceramiche, il cui [&#8230;]<\/p>\n","protected":false},"author":1,"featured_media":0,"parent":0,"menu_order":0,"comment_status":"closed","ping_status":"closed","template":"","meta":{"_themeisle_gutenberg_block_has_review":false,"footnotes":""},"class_list":["post-648","page","type-page","status-publish","hentry"],"yoast_head":"<!-- This site is optimized with the Yoast SEO plugin v27.4 - https:\/\/yoast.com\/product\/yoast-seo-wordpress\/ -->\n<title>Casa - CPaint.CH<\/title>\n<meta name=\"description\" content=\"CPaint \u00e8 uno studio specializzato nella riproduzione delle opere di Pablo Picasso.\" \/>\n<meta name=\"robots\" content=\"index, follow, max-snippet:-1, max-image-preview:large, max-video-preview:-1\" \/>\n<link rel=\"canonical\" href=\"https:\/\/cpaint.ch\/it\/\" \/>\n<meta property=\"og:locale\" content=\"it_IT\" \/>\n<meta property=\"og:type\" content=\"article\" \/>\n<meta property=\"og:title\" content=\"Casa - CPaint.CH\" \/>\n<meta property=\"og:description\" content=\"CPaint \u00e8 uno studio specializzato nella riproduzione delle opere di Pablo Picasso.\" \/>\n<meta property=\"og:url\" content=\"https:\/\/cpaint.ch\/it\/\" \/>\n<meta property=\"og:site_name\" content=\"CPaint.CH\" \/>\n<meta property=\"article:modified_time\" content=\"2024-05-27T18:46:01+00:00\" \/>\n<meta name=\"twitter:card\" content=\"summary_large_image\" \/>\n<meta name=\"twitter:label1\" content=\"Tempo di lettura stimato\" \/>\n\t<meta name=\"twitter:data1\" content=\"2 minuti\" \/>\n<script type=\"application\/ld+json\" class=\"yoast-schema-graph\">{\"@context\":\"https:\\\/\\\/schema.org\",\"@graph\":[{\"@type\":\"WebPage\",\"@id\":\"https:\\\/\\\/cpaint.ch\\\/it\\\/\",\"url\":\"https:\\\/\\\/cpaint.ch\\\/it\\\/\",\"name\":\"Casa - CPaint.CH\",\"isPartOf\":{\"@id\":\"https:\\\/\\\/cpaint.ch\\\/#website\"},\"datePublished\":\"2022-11-21T18:21:49+00:00\",\"dateModified\":\"2024-05-27T18:46:01+00:00\",\"description\":\"CPaint \u00e8 uno studio specializzato nella riproduzione delle opere di Pablo Picasso.\",\"breadcrumb\":{\"@id\":\"https:\\\/\\\/cpaint.ch\\\/it\\\/#breadcrumb\"},\"inLanguage\":\"it-IT\",\"potentialAction\":[{\"@type\":\"ReadAction\",\"target\":[\"https:\\\/\\\/cpaint.ch\\\/it\\\/\"]}]},{\"@type\":\"BreadcrumbList\",\"@id\":\"https:\\\/\\\/cpaint.ch\\\/it\\\/#breadcrumb\",\"itemListElement\":[{\"@type\":\"ListItem\",\"position\":1,\"name\":\"Startseite\",\"item\":\"https:\\\/\\\/cpaint.ch\\\/it\\\/\"},{\"@type\":\"ListItem\",\"position\":2,\"name\":\"Casa\"}]},{\"@type\":\"WebSite\",\"@id\":\"https:\\\/\\\/cpaint.ch\\\/#website\",\"url\":\"https:\\\/\\\/cpaint.ch\\\/\",\"name\":\"CPaint.CH\",\"description\":\"\",\"potentialAction\":[{\"@type\":\"SearchAction\",\"target\":{\"@type\":\"EntryPoint\",\"urlTemplate\":\"https:\\\/\\\/cpaint.ch\\\/?s={search_term_string}\"},\"query-input\":{\"@type\":\"PropertyValueSpecification\",\"valueRequired\":true,\"valueName\":\"search_term_string\"}}],\"inLanguage\":\"it-IT\"}]}<\/script>\n<!-- \/ Yoast SEO plugin. -->","yoast_head_json":{"title":"Casa - CPaint.CH","description":"CPaint \u00e8 uno studio specializzato nella riproduzione delle opere di Pablo Picasso.","robots":{"index":"index","follow":"follow","max-snippet":"max-snippet:-1","max-image-preview":"max-image-preview:large","max-video-preview":"max-video-preview:-1"},"canonical":"https:\/\/cpaint.ch\/it\/","og_locale":"it_IT","og_type":"article","og_title":"Casa - CPaint.CH","og_description":"CPaint \u00e8 uno studio specializzato nella riproduzione delle opere di Pablo Picasso.","og_url":"https:\/\/cpaint.ch\/it\/","og_site_name":"CPaint.CH","article_modified_time":"2024-05-27T18:46:01+00:00","twitter_card":"summary_large_image","twitter_misc":{"Tempo di lettura stimato":"2 minuti"},"schema":{"@context":"https:\/\/schema.org","@graph":[{"@type":"WebPage","@id":"https:\/\/cpaint.ch\/it\/","url":"https:\/\/cpaint.ch\/it\/","name":"Casa - CPaint.CH","isPartOf":{"@id":"https:\/\/cpaint.ch\/#website"},"datePublished":"2022-11-21T18:21:49+00:00","dateModified":"2024-05-27T18:46:01+00:00","description":"CPaint \u00e8 uno studio specializzato nella riproduzione delle opere di Pablo Picasso.","breadcrumb":{"@id":"https:\/\/cpaint.ch\/it\/#breadcrumb"},"inLanguage":"it-IT","potentialAction":[{"@type":"ReadAction","target":["https:\/\/cpaint.ch\/it\/"]}]},{"@type":"BreadcrumbList","@id":"https:\/\/cpaint.ch\/it\/#breadcrumb","itemListElement":[{"@type":"ListItem","position":1,"name":"Startseite","item":"https:\/\/cpaint.ch\/it\/"},{"@type":"ListItem","position":2,"name":"Casa"}]},{"@type":"WebSite","@id":"https:\/\/cpaint.ch\/#website","url":"https:\/\/cpaint.ch\/","name":"CPaint.CH","description":"","potentialAction":[{"@type":"SearchAction","target":{"@type":"EntryPoint","urlTemplate":"https:\/\/cpaint.ch\/?s={search_term_string}"},"query-input":{"@type":"PropertyValueSpecification","valueRequired":true,"valueName":"search_term_string"}}],"inLanguage":"it-IT"}]}},"_links":{"self":[{"href":"https:\/\/cpaint.ch\/it\/wp-json\/wp\/v2\/pages\/648","targetHints":{"allow":["GET"]}}],"collection":[{"href":"https:\/\/cpaint.ch\/it\/wp-json\/wp\/v2\/pages"}],"about":[{"href":"https:\/\/cpaint.ch\/it\/wp-json\/wp\/v2\/types\/page"}],"author":[{"embeddable":true,"href":"https:\/\/cpaint.ch\/it\/wp-json\/wp\/v2\/users\/1"}],"replies":[{"embeddable":true,"href":"https:\/\/cpaint.ch\/it\/wp-json\/wp\/v2\/comments?post=648"}],"version-history":[{"count":5,"href":"https:\/\/cpaint.ch\/it\/wp-json\/wp\/v2\/pages\/648\/revisions"}],"predecessor-version":[{"id":1409,"href":"https:\/\/cpaint.ch\/it\/wp-json\/wp\/v2\/pages\/648\/revisions\/1409"}],"wp:attachment":[{"href":"https:\/\/cpaint.ch\/it\/wp-json\/wp\/v2\/media?parent=648"}],"curies":[{"name":"wp","href":"https:\/\/api.w.org\/{rel}","templated":true}]}}