{"id":650,"date":"2022-11-21T19:21:49","date_gmt":"2022-11-21T18:21:49","guid":{"rendered":"https:\/\/cpaint.ch\/datenschutz\/"},"modified":"2024-03-03T09:28:15","modified_gmt":"2024-03-03T08:28:15","slug":"datenschutz","status":"publish","type":"page","link":"https:\/\/cpaint.ch\/it\/datenschutz\/","title":{"rendered":"Protezione dati"},"content":{"rendered":"<h4>1. Organismo responsabile ai sensi del \u00a7 13 comma 1 TMG \/ \u00a7 3 comma 7 BDSG<\/h4>\n<p>L\u2019organismo responsabile ai sensi della legge sulla protezione dei dati \u00e8:<br \/>\nIl CPaint.CH<br \/>\nFlughofstrasse 47<br \/>\nCH-8152 Glattbrugg \/ Zurigo Svizzera<br \/>\nE-mail:\u00a0<a href=\"mailto:info@CPaint.CH\">info@CPaint.CH<\/a><\/p>\n<h4>2. Raccolta e archiviazione dei dati personali<\/h4>\n<h5>2.1) Quando si visita il sito web<\/h5>\n<p>Quando accedi al nostro sito web www.CPaint.CH, il browser utilizzato sul tuo dispositivo invia automaticamente informazioni al server del nostro sito web. Queste informazioni vengono temporaneamente memorizzate in un cosiddetto file di registro. Le seguenti informazioni vengono registrate senza il tuo intervento e archiviate fino alla cancellazione automatica:<\/p>\n<ul>\n<li>Indirizzo IP del computer richiedente<\/li>\n<li>Data e ora di accesso<\/li>\n<li>Nome e URL del file recuperato<\/li>\n<li>Sito web dal quale viene effettuato l&#8217;accesso (URL di riferimento)<\/li>\n<li>Browser utilizzato ed eventualmente il sistema operativo del tuo computer, nonch\u00e9 il nome del tuo fornitore di accesso.<\/li>\n<\/ul>\n<p>I dati menzionati verranno da noi trattati per le seguenti finalit\u00e0:<\/p>\n<ul>\n<li>Garantire una connessione fluida al sito Web,<\/li>\n<li>Garantire un utilizzo confortevole del nostro sito Web,<\/li>\n<li>Valutazione anche della sicurezza e della stabilit\u00e0 del sistema<\/li>\n<li>per ulteriori scopi amministrativi.<\/li>\n<\/ul>\n<p>La base giuridica per il trattamento dei dati \u00e8 l\u2019articolo 6 paragrafo 1 frase 1 lettera f GDPR. Il nostro legittimo interesse deriva dagli scopi di raccolta dei dati sopra elencati. In nessun caso utilizziamo i dati raccolti allo scopo di trarre conclusioni su di voi personalmente. Utilizziamo anche cookie e servizi di analisi quando visiti il \u200b\u200bnostro sito web. Ulteriori spiegazioni possono essere trovate nelle sezioni 4 e 5 della presente dichiarazione sulla protezione dei dati.<\/p>\n<h5>2.2) Quando si utilizza il nostro modulo di contatto<\/h5>\n<p>In caso di domande, ti offriamo la possibilit\u00e0 di contattarci utilizzando un modulo fornito sul sito web. \u00c8 necessario fornire un nome, un numero di telefono e un indirizzo email valido per sapere da chi proviene la richiesta e per poter rispondere. Ulteriori informazioni possono essere fornite volontariamente. Il trattamento dei dati allo scopo di contattarci viene effettuato ai sensi dell&#8217;articolo 6 paragrafo 1 frase 1 lettera a GDPR sulla base del vostro consenso volontario. I dati personali che raccogliamo durante l&#8217;utilizzo del modulo di contatto verranno automaticamente cancellati una volta completata la richiesta da te inviata.<\/p>\n<h5>2.3) Menzione dell&#8217;azienda nei progetti<\/h5>\n<p>La tua azienda, nome o associazione sar\u00e0 menzionata nella nostra sezione \u201cProgetti\u201d solo con il tuo esplicito consenso. Questo pu\u00f2 essere revocato in qualsiasi momento. La revoca del consenso non pregiudicher\u00e0 la liceit\u00e0 del trattamento effettuato da Lei fino al momento della revoca. In caso di revoca i tuoi dati personali verranno immediatamente cancellati. Ulteriori spiegazioni sui vostri diritti sono disponibili nelle sezioni 6 e 7 della presente dichiarazione sulla protezione dei dati.<\/p>\n<h4>3. Utilizzo anonimo\/pseudonimizzato del sito web<\/h4>\n<p>In linea di principio potete visitare il nostro sito web senza fornire dati personali. I dati di utilizzo pseudonimizzati non verranno uniti con i dati del portatore dello pseudonimo. Non \u00e8 prevista la creazione di profili di utilizzo pseudonimi.<\/p>\n<h4>4. Condivisione dei dati<\/h4>\n<p>I tuoi dati personali non saranno ceduti a terzi per scopi diversi da quelli di seguito elencati.<\/p>\n<p>Condivideremo le tue informazioni personali con terze parti solo se:<\/p>\n<ul>\n<li>Hai dato il tuo esplicito consenso ai sensi dell&#8217;articolo 6 paragrafo 1 frase 1 lettera a GDPR,<\/li>\n<li>la divulgazione ai sensi dell&#8217;Articolo 6 Paragrafo 1 Frase 1 Lettera f del GDPR \u00e8 necessaria per far valere, esercitare o difendere diritti legali e non vi \u00e8 motivo di presumere che abbiate un interesse legittimo prevalente a non divulgare i vostri dati,< \/li>\n<li>nel caso in cui sussista un obbligo legale di trasferimento ai sensi dell&#8217;Articolo 6 Paragrafo 1 Frase 1 Lettera c GDPR, nonch\u00e9<\/li>\n<li>questo \u00e8 consentito dalla legge ed \u00e8 necessario per l&#8217;elaborazione dei rapporti contrattuali con voi ai sensi dell&#8217;articolo 6 paragrafo 1 frase 1 lettera b del GDPR.<\/li>\n<\/ul>\n<h4>5. Cookie<\/h4>\n<p>Utilizziamo i cookie sul nostro sito. Si tratta di piccoli file che il tuo browser crea automaticamente e che vengono memorizzati sul tuo dispositivo (laptop, tablet, smartphone, ecc.) quando visiti il \u200b\u200bnostro sito. I cookie non causano alcun danno al tuo dispositivo e non contengono virus, trojan o altri malware. Nel cookie vengono memorizzate informazioni che emergono in relazione allo specifico dispositivo finale utilizzato. Ci\u00f2 non significa tuttavia che veniamo a conoscenza diretta della vostra identit\u00e0. L&#8217;uso dei cookie serve da un lato a rendere pi\u00f9 piacevole per voi l&#8217;utilizzo della nostra offerta. Utilizziamo i cosiddetti cookie di sessione per riconoscere che avete gi\u00e0 visitato singole pagine del nostro sito web. Questi vengono automaticamente cancellati dopo aver lasciato il nostro sito. Inoltre, per ottimizzare la facilit\u00e0 d&#8217;uso, utilizziamo anche cookie temporanei che vengono memorizzati sul tuo dispositivo per un periodo di tempo specifico. Se visiti nuovamente il nostro sito per utilizzare i nostri servizi, verr\u00e0 automaticamente riconosciuto che sei gi\u00e0 stato con noi e quali voci e impostazioni hai effettuato in modo da non doverle inserire nuovamente. Utilizziamo invece i cookie per registrare statisticamente l&#8217;utilizzo del nostro sito web e per valutarlo allo scopo di ottimizzare la nostra offerta per voi (vedi punto 5). Questi cookie ci consentono di riconoscere automaticamente che sei gi\u00e0 stato con noi quando visiti nuovamente il nostro sito. Questi cookie vengono cancellati automaticamente dopo un periodo di tempo definito. I dati elaborati dai cookie sono necessari per le finalit\u00e0 indicate al fine di proteggere i nostri interessi legittimi e quelli di terzi ai sensi dell&#8217;articolo 6 paragrafo 1 frase 1 lettera f del GDPR. La maggior parte dei browser accetta i cookie automaticamente. Puoi tuttavia configurare il tuo browser in modo che nessun cookie venga memorizzato sul tuo computer o che venga sempre visualizzato un messaggio prima della creazione di un nuovo cookie. Tuttavia, la disattivazione completa dei cookie potrebbe significare che non sar\u00e0 possibile utilizzare tutte le funzioni del nostro sito web.<\/p>\n<h4>6. Diritti delle persone colpite<\/h4>\n<p>Hai il diritto:<\/p>\n<ul>\n<li>Conformemente all&#8217;articolo 15 GDPR, richiedere informazioni sui tuoi dati personali da noi trattati. In particolare, potrete ottenere informazioni circa le finalit\u00e0 del trattamento, la categoria dei dati personali, le categorie di destinatari a cui i vostri dati sono stati o saranno comunicati, il periodo di conservazione previsto, l&#8217;esistenza di un diritto di rettifica, cancellazione, limitazione del trattamento o dell&#8217;opposizione, l&#8217;esistenza di un diritto di reclamo, l&#8217;origine dei tuoi dati, se non sono stati raccolti da noi, nonch\u00e9 l&#8217;esistenza di un processo decisionale automatizzato compresa la profilazione e, se necessario, informazioni significative sui relativi dettagli; <\/li>\n<li>Conformemente all&#8217;articolo 16 GDPR, richiedere immediatamente la correzione dei dati personali errati o completi da noi memorizzati;<\/li>\n<li>Conformemente all&#8217;articolo 17 GDPR, richiedere la cancellazione dei tuoi dati personali da noi conservati, a meno che il trattamento non sia effettuato per esercitare il diritto alla libert\u00e0 di espressione e di informazione, per adempiere a un obbligo legale, per motivi di pubblica utilit\u00e0 \u00e8 necessario un interesse o far valere, esercitare o difendere un diritto in sede giudiziaria;<\/li>\n<li>Ai sensi dell&#8217;articolo 18 GDPR, richiedere la limitazione del trattamento dei tuoi dati personali se contesti l&#8217;esattezza dei dati, il trattamento \u00e8 illegale ma rifiuti la loro cancellazione e non abbiamo pi\u00f9 bisogno dei dati ma desideri per utilizzarli devi far valere, esercitare o difendere un diritto in sede giudiziaria oppure ti sei opposto al trattamento ai sensi dell&#8217;articolo 21 GDPR;<\/li>\n<li>Conformemente all&#8217;articolo 20 GDPR, ricevere i dati personali che ci hai fornito in un formato strutturato, comune e leggibile da una macchina o chiedere che siano trasferiti ad un altro responsabile;<\/li>\n<li>Ai sensi dell&#8217;articolo 7 paragrafo 3 GDPR potete revocare il vostro consenso in qualsiasi momento. Ci\u00f2 significa che in futuro non saremo pi\u00f9 autorizzati a continuare il trattamento dei dati sulla base di questo consenso e<\/li>\n<li>Proporre reclamo a un&#8217;autorit\u00e0 di controllo ai sensi dell&#8217;articolo 77 GDPR. Di norma potete rivolgervi all&#8217;autorit\u00e0 di controllo nel vostro luogo di residenza o di lavoro abituale oppure presso la nostra sede.<\/li>\n<\/ul>\n<h4>7. Diritto di opposizione<\/h4>\n<p>Se i tuoi dati personali vengono trattati sulla base di interessi legittimi ai sensi dell&#8217;Articolo 6 Paragrafo 1 Frase 1 Lettera f del GDPR, hai il diritto di opporti al trattamento dei tuoi dati personali ai sensi dell&#8217;Articolo 21 del GDPR, a condizione che ci sono motivi per farlo che derivano dalla vostra situazione particolare o l&#8217;opposizione \u00e8 diretta contro la pubblicit\u00e0 diretta. In quest&#8217;ultimo caso avete un diritto generale di opposizione, che attueremo senza specificare una situazione particolare.<\/p>\n<p>Se desideri esercitare il diritto di recesso o di opposizione, \u00e8 sufficiente inviare una email a:<br \/>\n<a href=\"mailto:info@CPaint.CH\">info@CPaint.CH<\/a><\/p>\n<h4>8. Sicurezza dei dati<\/h4>\n<p>Quando visiti il \u200b\u200bnostro sito web, utilizziamo la comune procedura SSL (Secure Socket Layer) insieme al pi\u00f9 alto livello di crittografia supportato dal tuo browser. Di solito si tratta di una crittografia a 256 bit. Se il tuo browser non supporta la crittografia a 256 bit, utilizzeremo invece la tecnologia v3 a 128 bit. Puoi riconoscere se un singolo sito web o pi\u00f9 pagine vengono trasmesse crittografate dalla visualizzazione chiusa del simbolo della chiave o del simbolo del lucchetto nella barra di stato inferiore del tuo browser. Utilizziamo inoltre adeguate misure di sicurezza tecniche e organizzative per proteggere i tuoi dati da manipolazioni accidentali o intenzionali, perdita parziale o totale, distruzione o da accessi non autorizzati da parte di terzi. Le nostre misure di sicurezza vengono continuamente migliorate in linea con gli sviluppi tecnologici.<\/p>\n","protected":false},"excerpt":{"rendered":"<p>1. Organismo responsabile ai sensi del \u00a7 13 comma 1 TMG \/ \u00a7 3 comma 7 BDSG L\u2019organismo responsabile ai sensi della legge sulla protezione dei dati \u00e8: Il CPaint.CH Flughofstrasse 47 CH-8152 Glattbrugg \/ Zurigo Svizzera E-mail:\u00a0info@CPaint.CH 2. Raccolta e archiviazione dei dati personali 2.1) Quando si visita il sito web Quando accedi al [&#8230;]<\/p>\n","protected":false},"author":1,"featured_media":0,"parent":0,"menu_order":0,"comment_status":"closed","ping_status":"closed","template":"","meta":{"_themeisle_gutenberg_block_has_review":false,"footnotes":""},"class_list":["post-650","page","type-page","status-publish","hentry"],"yoast_head":"<!-- This site is optimized with the Yoast SEO plugin v27.4 - https:\/\/yoast.com\/product\/yoast-seo-wordpress\/ -->\n<title>Protezione dati - CPaint.CH<\/title>\n<meta name=\"robots\" content=\"index, follow, max-snippet:-1, max-image-preview:large, max-video-preview:-1\" \/>\n<link rel=\"canonical\" href=\"https:\/\/cpaint.ch\/it\/datenschutz\/\" \/>\n<meta property=\"og:locale\" content=\"it_IT\" \/>\n<meta property=\"og:type\" content=\"article\" \/>\n<meta property=\"og:title\" content=\"Protezione dati - CPaint.CH\" \/>\n<meta property=\"og:description\" content=\"1. Organismo responsabile ai sensi del \u00a7 13 comma 1 TMG \/ \u00a7 3 comma 7 BDSG L\u2019organismo responsabile ai sensi della legge sulla protezione dei dati \u00e8: Il CPaint.CH Flughofstrasse 47 CH-8152 Glattbrugg \/ Zurigo Svizzera E-mail:\u00a0info@CPaint.CH 2. Raccolta e archiviazione dei dati personali 2.1) Quando si visita il sito web Quando accedi al [...]\" \/>\n<meta property=\"og:url\" content=\"https:\/\/cpaint.ch\/it\/datenschutz\/\" \/>\n<meta property=\"og:site_name\" content=\"CPaint.CH\" \/>\n<meta property=\"article:modified_time\" content=\"2024-03-03T08:28:15+00:00\" \/>\n<meta name=\"twitter:card\" content=\"summary_large_image\" \/>\n<meta name=\"twitter:label1\" content=\"Tempo di lettura stimato\" \/>\n\t<meta name=\"twitter:data1\" content=\"9 minuti\" \/>\n<script type=\"application\/ld+json\" class=\"yoast-schema-graph\">{\"@context\":\"https:\\\/\\\/schema.org\",\"@graph\":[{\"@type\":\"WebPage\",\"@id\":\"https:\\\/\\\/cpaint.ch\\\/it\\\/datenschutz\\\/\",\"url\":\"https:\\\/\\\/cpaint.ch\\\/it\\\/datenschutz\\\/\",\"name\":\"Protezione dati - CPaint.CH\",\"isPartOf\":{\"@id\":\"https:\\\/\\\/cpaint.ch\\\/#website\"},\"datePublished\":\"2022-11-21T18:21:49+00:00\",\"dateModified\":\"2024-03-03T08:28:15+00:00\",\"breadcrumb\":{\"@id\":\"https:\\\/\\\/cpaint.ch\\\/it\\\/datenschutz\\\/#breadcrumb\"},\"inLanguage\":\"it-IT\",\"potentialAction\":[{\"@type\":\"ReadAction\",\"target\":[\"https:\\\/\\\/cpaint.ch\\\/it\\\/datenschutz\\\/\"]}]},{\"@type\":\"BreadcrumbList\",\"@id\":\"https:\\\/\\\/cpaint.ch\\\/it\\\/datenschutz\\\/#breadcrumb\",\"itemListElement\":[{\"@type\":\"ListItem\",\"position\":1,\"name\":\"Startseite\",\"item\":\"https:\\\/\\\/cpaint.ch\\\/it\\\/\"},{\"@type\":\"ListItem\",\"position\":2,\"name\":\"Protezione dati\"}]},{\"@type\":\"WebSite\",\"@id\":\"https:\\\/\\\/cpaint.ch\\\/#website\",\"url\":\"https:\\\/\\\/cpaint.ch\\\/\",\"name\":\"CPaint.CH\",\"description\":\"\",\"potentialAction\":[{\"@type\":\"SearchAction\",\"target\":{\"@type\":\"EntryPoint\",\"urlTemplate\":\"https:\\\/\\\/cpaint.ch\\\/?s={search_term_string}\"},\"query-input\":{\"@type\":\"PropertyValueSpecification\",\"valueRequired\":true,\"valueName\":\"search_term_string\"}}],\"inLanguage\":\"it-IT\"}]}<\/script>\n<!-- \/ Yoast SEO plugin. -->","yoast_head_json":{"title":"Protezione dati - CPaint.CH","robots":{"index":"index","follow":"follow","max-snippet":"max-snippet:-1","max-image-preview":"max-image-preview:large","max-video-preview":"max-video-preview:-1"},"canonical":"https:\/\/cpaint.ch\/it\/datenschutz\/","og_locale":"it_IT","og_type":"article","og_title":"Protezione dati - CPaint.CH","og_description":"1. Organismo responsabile ai sensi del \u00a7 13 comma 1 TMG \/ \u00a7 3 comma 7 BDSG L\u2019organismo responsabile ai sensi della legge sulla protezione dei dati \u00e8: Il CPaint.CH Flughofstrasse 47 CH-8152 Glattbrugg \/ Zurigo Svizzera E-mail:\u00a0info@CPaint.CH 2. Raccolta e archiviazione dei dati personali 2.1) Quando si visita il sito web Quando accedi al [...]","og_url":"https:\/\/cpaint.ch\/it\/datenschutz\/","og_site_name":"CPaint.CH","article_modified_time":"2024-03-03T08:28:15+00:00","twitter_card":"summary_large_image","twitter_misc":{"Tempo di lettura stimato":"9 minuti"},"schema":{"@context":"https:\/\/schema.org","@graph":[{"@type":"WebPage","@id":"https:\/\/cpaint.ch\/it\/datenschutz\/","url":"https:\/\/cpaint.ch\/it\/datenschutz\/","name":"Protezione dati - CPaint.CH","isPartOf":{"@id":"https:\/\/cpaint.ch\/#website"},"datePublished":"2022-11-21T18:21:49+00:00","dateModified":"2024-03-03T08:28:15+00:00","breadcrumb":{"@id":"https:\/\/cpaint.ch\/it\/datenschutz\/#breadcrumb"},"inLanguage":"it-IT","potentialAction":[{"@type":"ReadAction","target":["https:\/\/cpaint.ch\/it\/datenschutz\/"]}]},{"@type":"BreadcrumbList","@id":"https:\/\/cpaint.ch\/it\/datenschutz\/#breadcrumb","itemListElement":[{"@type":"ListItem","position":1,"name":"Startseite","item":"https:\/\/cpaint.ch\/it\/"},{"@type":"ListItem","position":2,"name":"Protezione dati"}]},{"@type":"WebSite","@id":"https:\/\/cpaint.ch\/#website","url":"https:\/\/cpaint.ch\/","name":"CPaint.CH","description":"","potentialAction":[{"@type":"SearchAction","target":{"@type":"EntryPoint","urlTemplate":"https:\/\/cpaint.ch\/?s={search_term_string}"},"query-input":{"@type":"PropertyValueSpecification","valueRequired":true,"valueName":"search_term_string"}}],"inLanguage":"it-IT"}]}},"_links":{"self":[{"href":"https:\/\/cpaint.ch\/it\/wp-json\/wp\/v2\/pages\/650","targetHints":{"allow":["GET"]}}],"collection":[{"href":"https:\/\/cpaint.ch\/it\/wp-json\/wp\/v2\/pages"}],"about":[{"href":"https:\/\/cpaint.ch\/it\/wp-json\/wp\/v2\/types\/page"}],"author":[{"embeddable":true,"href":"https:\/\/cpaint.ch\/it\/wp-json\/wp\/v2\/users\/1"}],"replies":[{"embeddable":true,"href":"https:\/\/cpaint.ch\/it\/wp-json\/wp\/v2\/comments?post=650"}],"version-history":[{"count":6,"href":"https:\/\/cpaint.ch\/it\/wp-json\/wp\/v2\/pages\/650\/revisions"}],"predecessor-version":[{"id":808,"href":"https:\/\/cpaint.ch\/it\/wp-json\/wp\/v2\/pages\/650\/revisions\/808"}],"wp:attachment":[{"href":"https:\/\/cpaint.ch\/it\/wp-json\/wp\/v2\/media?parent=650"}],"curies":[{"name":"wp","href":"https:\/\/api.w.org\/{rel}","templated":true}]}}